{"id":2566,"date":"2015-08-10T05:53:44","date_gmt":"2015-08-10T05:53:44","guid":{"rendered":"http:\/\/yachtcharter-connection.com.w01e47c6.kasserver.com\/sukosan-777\/"},"modified":"2017-07-15T01:07:02","modified_gmt":"2017-07-14T23:07:02","slug":"sukosan-777","status":"publish","type":"page","link":"https:\/\/yachtcharter-connection.com\/de\/regionen\/mittelmeer\/yachtcharter-adria-nord\/sukosan-777\/","title":{"rendered":"Sukosan"},"content":{"rendered":"<h3>Yachtcharter Sukosan &#8211; Marina Dalmacija<\/h3>\n<p>\n<img loading=\"lazy\" class=\"content-image\"  height=\"200\" width=\"300\" src=\"https:\/\/yachtcharter-connection.com\/wp-content\/uploads\/converted_files\/20136\/20136-5624e37d61721.jpg\" alt=\"Segelrevier_Kroatien_Kornaten_Sukosan\" \/>Das St\u00e4dtchen Sukosan liegt etwa sieben Kilometer s\u00fcdlich von Zadar in einer Bucht mit viel Strand, das Meer mit sandigem Boden f\u00e4llt hier flach ab. Die Einwohner leben vom Oliven-, Obst- und Weinanbau &#8211; und vom nat\u00fcrlich vom Tourismus. Die riesige Marina Dalmacija ist eines der wichtigen nautischen Zentren der Adria und Sitz zahlreicher Yachtcharter-Basen. <\/p>\n<p>Die Marina befindet sich in der N\u00e4he der Stadt in einer gesch\u00fctzten Bucht zwischen Bibinje und Sukosan, die einen nat\u00fcrlichen Hafen bildet. Zahlreiche Stege gehen vom Ufer ab, au\u00dferdem bietet eine halbkreisf\u00f6rmige Steganlage an der Hafeneinfahrt viele Stege mit Liegepl\u00e4tzen. \u00dcber die Bucht hat man einen sch\u00f6nen Blick auf den Ort selbst.<\/p>\n<p>Sukosan ist &#8211; ebenso wie Zadar, Biograd oder Sibenik &#8211; f\u00fcr die Yachtcharter-Crews Ausgangspunkt f\u00fcr T\u00f6rns in die Kornaten und in die Nationalparks Krka oder Paklenica. Das Angebot an Charteryachten in Sukosan ist riesig, sowohl f\u00fcr Segler als auch f\u00fcr Motorbootfahrer.<\/p>\n","protected":false},"excerpt":{"rendered":"<p>Yachtcharter Sukosan &#8211; Marina Dalmacija Das St\u00e4dtchen Sukosan liegt etwa sieben Kilometer s\u00fcdlich von Zadar in einer Bucht mit viel Strand, das Meer mit sandigem Boden f\u00e4llt hier flach ab. Die Einwohner leben vom Oliven-, Obst- und Weinanbau &#8211; und vom nat\u00fcrlich vom Tourismus. Die riesige Marina Dalmacija ist eines<\/p>\n","protected":false},"author":11,"featured_media":0,"parent":757,"menu_order":0,"comment_status":"open","ping_status":"open","template":"","meta":[],"aioseo_notices":[],"_links":{"self":[{"href":"https:\/\/yachtcharter-connection.com\/de\/wp-json\/wp\/v2\/pages\/2566"}],"collection":[{"href":"https:\/\/yachtcharter-connection.com\/de\/wp-json\/wp\/v2\/pages"}],"about":[{"href":"https:\/\/yachtcharter-connection.com\/de\/wp-json\/wp\/v2\/types\/page"}],"author":[{"embeddable":true,"href":"https:\/\/yachtcharter-connection.com\/de\/wp-json\/wp\/v2\/users\/11"}],"replies":[{"embeddable":true,"href":"https:\/\/yachtcharter-connection.com\/de\/wp-json\/wp\/v2\/comments?post=2566"}],"version-history":[{"count":1,"href":"https:\/\/yachtcharter-connection.com\/de\/wp-json\/wp\/v2\/pages\/2566\/revisions"}],"predecessor-version":[{"id":13198,"href":"https:\/\/yachtcharter-connection.com\/de\/wp-json\/wp\/v2\/pages\/2566\/revisions\/13198"}],"up":[{"embeddable":true,"href":"https:\/\/yachtcharter-connection.com\/de\/wp-json\/wp\/v2\/pages\/757"}],"wp:attachment":[{"href":"https:\/\/yachtcharter-connection.com\/de\/wp-json\/wp\/v2\/media?parent=2566"}],"curies":[{"name":"wp","href":"https:\/\/api.w.org\/{rel}","templated":true}]}}