{"id":2568,"date":"2015-08-10T05:53:44","date_gmt":"2015-08-10T05:53:44","guid":{"rendered":"http:\/\/yachtcharter-connection.com.w01e47c6.kasserver.com\/mallorca-ca-n-pastilla-2\/"},"modified":"2017-07-15T16:53:25","modified_gmt":"2017-07-15T14:53:25","slug":"mallorca-ca-n-pastilla-2","status":"publish","type":"page","link":"https:\/\/yachtcharter-connection.com\/de\/regionen\/mittelmeer\/yachtcharter-balearen-mallorca-menorca-ibiza\/mallorca-ca-n-pastilla-2\/","title":{"rendered":"Mallorca \/ Ca\u2019 n Pastilla"},"content":{"rendered":"<h3>Yachtcharter Mallorca \/ Ca&#8217;n Pastilla<\/h3>\n<p>\n<img loading=\"lazy\" class=\"content-image\"  width=\"300\" height=\"200\" src=\"https:\/\/yachtcharter-connection.com\/wp-content\/uploads\/converted_files\/20148\/20148-5624e37ecc37d.jpg\" alt=\"Cala_Estancia bei Can Pastilla\" \/>Ca&#8217;n Pastilla ist ein lebhafter Vorort von Palma, gleicherma\u00dfen beliebt bei Einheimischen, Touristen und Yachtcharter-Urlaubern, nahe beim Flughafen gelegen. Hier, direkt am Yachthafen Club Mar\u00edtimo San Antonio de la Playa, f\u00e4ngt die kilometerlange Playa de Palma an. Die Bucht Cala Estancia liegt direkt neben der Marina, die Basis mehrerer Yachtcharter-Flotten ist.<\/p>\n<p>Im Ort gibt es f\u00fcr Yachtcharter-Crews alle Einkaufsm\u00f6glichkeiten, Internetcaf\u00e9s, Bars und Restaurants und zum Relaxen und Chillen den edlen Puro Beach Club<\/p>\n<p>Die Serviceeinrichtungen im Yachtcharter-Hafen von Ca&#8217;n Pastilla bieten Yachtcharter-Crews alles, was sie brauchen. Und die Terrasse der Bar im Club Mar\u00edtimo mit Blick auf Hafen und Bahia ist der ideale Platz f\u00fcr das letzte Fr\u00fchst\u00fcck vor dem Auslaufen zum Yachtcharter-T\u00f6rn.<\/p>\n<p><iframe loading=\"lazy\" width=\"560\" height=\"315\" src=\"https:\/\/www.youtube.com\/embed\/HAzc-u02O6Y\" frameborder=\"0\" allowfullscreen><\/iframe><\/p>\n<p><\/p>\n","protected":false},"excerpt":{"rendered":"<p>Yachtcharter Mallorca \/ Ca&#8217;n Pastilla Ca&#8217;n Pastilla ist ein lebhafter Vorort von Palma, gleicherma\u00dfen beliebt bei Einheimischen, Touristen und Yachtcharter-Urlaubern, nahe beim Flughafen gelegen. Hier, direkt am Yachthafen Club Mar\u00edtimo San Antonio de la Playa, f\u00e4ngt die kilometerlange Playa de Palma an. Die Bucht Cala Estancia liegt direkt neben der<\/p>\n","protected":false},"author":11,"featured_media":0,"parent":762,"menu_order":0,"comment_status":"open","ping_status":"open","template":"","meta":[],"aioseo_notices":[],"_links":{"self":[{"href":"https:\/\/yachtcharter-connection.com\/de\/wp-json\/wp\/v2\/pages\/2568"}],"collection":[{"href":"https:\/\/yachtcharter-connection.com\/de\/wp-json\/wp\/v2\/pages"}],"about":[{"href":"https:\/\/yachtcharter-connection.com\/de\/wp-json\/wp\/v2\/types\/page"}],"author":[{"embeddable":true,"href":"https:\/\/yachtcharter-connection.com\/de\/wp-json\/wp\/v2\/users\/11"}],"replies":[{"embeddable":true,"href":"https:\/\/yachtcharter-connection.com\/de\/wp-json\/wp\/v2\/comments?post=2568"}],"version-history":[{"count":1,"href":"https:\/\/yachtcharter-connection.com\/de\/wp-json\/wp\/v2\/pages\/2568\/revisions"}],"predecessor-version":[{"id":13275,"href":"https:\/\/yachtcharter-connection.com\/de\/wp-json\/wp\/v2\/pages\/2568\/revisions\/13275"}],"up":[{"embeddable":true,"href":"https:\/\/yachtcharter-connection.com\/de\/wp-json\/wp\/v2\/pages\/762"}],"wp:attachment":[{"href":"https:\/\/yachtcharter-connection.com\/de\/wp-json\/wp\/v2\/media?parent=2568"}],"curies":[{"name":"wp","href":"https:\/\/api.w.org\/{rel}","templated":true}]}}