{"id":2569,"date":"2015-08-10T05:53:44","date_gmt":"2015-08-10T05:53:44","guid":{"rendered":"http:\/\/yachtcharter-connection.com.w01e47c6.kasserver.com\/mallorca-puerto-de-alcudia-719\/"},"modified":"2017-07-15T19:31:58","modified_gmt":"2017-07-15T17:31:58","slug":"mallorca-puerto-de-alcudia-719","status":"publish","type":"page","link":"https:\/\/yachtcharter-connection.com\/de\/regionen\/mittelmeer\/yachtcharter-balearen-mallorca-menorca-ibiza\/mallorca-puerto-de-alcudia-719\/","title":{"rendered":"Mallorca \/ Puerto de Alc\u00fadia"},"content":{"rendered":"<h2><strong>Yachtcharter Mallorca \/ Puerto de Alcudia<\/strong><\/h2>\n<p>\n<img class=\"content-image\"  src=\"https:\/\/yachtcharter-connection.com\/wp-content\/uploads\/converted_files\/20151\/20151-5624e3803876c.jpg\" alt=\"Mallorca_Yachtcharter-Puerto-Alcudia.JPG\" style=\"width: 300px; height: 206px;\" \/>Alcudiamar, der Sporthafen von Puerto de Alcudia und Sitz mehrere Yachtcharter-Unternehmen, bietet Yachtcharter-Crews alles, was das Herz begehrt: Liegepl\u00e4tze, alle Versorgungsm\u00f6glichkeiten f\u00fcr den Yachtcharter-T\u00f6rn, Gelegenheiten zum Shoppen und Dinieren, Bars und Tapaskneipen, eine gem\u00fctliche Seglerbar namens Cockpit als Treffpunkt f\u00fcr Yachtcharter-Crews und attraktive Ziele in der N\u00e4he wie Alcudia mit seinem r\u00f6mischen Erbe oder Pollensa &ndash; hier ist auch die Region der Traum-Fincas. <\/p>\n<p>Puerto de Alcudia selbst ist ein lebhafter Urlaubsort &#8211; mit endlos langem Sandstrand, der direkt neben dem Hafen beginnt.<br \/>\nPuerto Alcudia eignet sich sowohl f\u00fcr einen Zwischenstopp bei einem Yachtcharter-T\u00f6rn als auch als Ausgangshafen f\u00fcr Yachtcharter-T\u00f6rns im Osten und Nordosten Mallorcas oder direkt nach Menorca mit Stopps in Cala Ratjada oder Portocolom. Manche Segler geniessen auch einfach nur das sch\u00f6ne Revier in den Buchten von Alcudia und Pollensa.<\/p>\n<h3><strong>Charteryachten Puerto de Alcudia<\/strong><\/h3>\n<h3> <\/h3>\n<p>F\u00fcr Yachtcharter in Puerto de Alcudia steht eine Charterflotte von Segelyachten von 32 &#8211; 55 Fuss zur Verf\u00fcgung, \u00fcberwiegend von Jeanneau (Sun Odyssey) und Bavaria. Auch Motoryachten fragen wir gern f\u00fcr Sie an.<\/p>\n<p><img class=\"content-image\"  src=\"https:\/\/yachtcharter-connection.com\/wp-content\/uploads\/converted_files\/20151\/20151-5624e38185199.jpg\" alt=\"Yachtcharter_Puerto_Alcudia_Strand.JPG\" style=\"width: 300px; height: 225px;\" \/><\/p>\n","protected":false},"excerpt":{"rendered":"<p>Yachtcharter Mallorca \/ Puerto de Alcudia Alcudiamar, der Sporthafen von Puerto de Alcudia und Sitz mehrere Yachtcharter-Unternehmen, bietet Yachtcharter-Crews alles, was das Herz begehrt: Liegepl\u00e4tze, alle Versorgungsm\u00f6glichkeiten f\u00fcr den Yachtcharter-T\u00f6rn, Gelegenheiten zum Shoppen und Dinieren, Bars und Tapaskneipen, eine gem\u00fctliche Seglerbar namens Cockpit als Treffpunkt f\u00fcr Yachtcharter-Crews und attraktive Ziele<\/p>\n","protected":false},"author":11,"featured_media":0,"parent":762,"menu_order":0,"comment_status":"open","ping_status":"open","template":"","meta":[],"aioseo_notices":[],"_links":{"self":[{"href":"https:\/\/yachtcharter-connection.com\/de\/wp-json\/wp\/v2\/pages\/2569"}],"collection":[{"href":"https:\/\/yachtcharter-connection.com\/de\/wp-json\/wp\/v2\/pages"}],"about":[{"href":"https:\/\/yachtcharter-connection.com\/de\/wp-json\/wp\/v2\/types\/page"}],"author":[{"embeddable":true,"href":"https:\/\/yachtcharter-connection.com\/de\/wp-json\/wp\/v2\/users\/11"}],"replies":[{"embeddable":true,"href":"https:\/\/yachtcharter-connection.com\/de\/wp-json\/wp\/v2\/comments?post=2569"}],"version-history":[{"count":1,"href":"https:\/\/yachtcharter-connection.com\/de\/wp-json\/wp\/v2\/pages\/2569\/revisions"}],"predecessor-version":[{"id":13283,"href":"https:\/\/yachtcharter-connection.com\/de\/wp-json\/wp\/v2\/pages\/2569\/revisions\/13283"}],"up":[{"embeddable":true,"href":"https:\/\/yachtcharter-connection.com\/de\/wp-json\/wp\/v2\/pages\/762"}],"wp:attachment":[{"href":"https:\/\/yachtcharter-connection.com\/de\/wp-json\/wp\/v2\/media?parent=2569"}],"curies":[{"name":"wp","href":"https:\/\/api.w.org\/{rel}","templated":true}]}}