{"id":2570,"date":"2015-04-22T06:02:54","date_gmt":"2015-04-22T06:02:54","guid":{"rendered":"http:\/\/yachtcharter-connection.com.w01e47c6.kasserver.com\/port-pin-rolland-370\/"},"modified":"2016-10-29T18:15:13","modified_gmt":"2016-10-29T16:15:13","slug":"port-pin-rolland-370","status":"publish","type":"page","link":"https:\/\/yachtcharter-connection.com\/de\/regionen\/mittelmeer\/yachtcharter-cote-dazur-west\/port-pin-rolland-370\/","title":{"rendered":"Port Pin Rolland"},"content":{"rendered":"<h3>Yachtcharter Franz\u00f6sische Riviera &#8211; Port Pin Rolland<\/h3>\n<p>\n<img loading=\"lazy\" class=\"content-image\"  width=\"300\" height=\"200\" src=\"https:\/\/yachtcharter-connection.com\/wp-content\/uploads\/converted_files\/20172\/20172-5624e382d9939.jpg\" alt=\"Segelrevier_S\u00fcdfrankreich_Riviera_Inseln Golf von Hyeres\" \/><br \/>\n<meta http-equiv=\"Content-Type\" content=\"text\/html; charset=utf-8\"><br \/>\n<meta name=\"ProgId\" content=\"Word.Document\" \/><br \/>\n<meta name=\"Generator\" content=\"Microsoft Word 9\" \/><br \/>\n<meta name=\"Originator\" content=\"Microsoft Word 9\" \/>\n<link rel=\"File-List\" href=\"file:\/\/\/C:\/Users\/Leonessa\/AppData\/Local\/Temp\/msoclip1\/01\/clip_filelist.xml\" \/><!--[if gte mso 9]><xml>\n<w:WordDocument>\n<w:View>Normal<\/w:View>\n<w:Zoom>0<\/w:Zoom>\n<w:HyphenationZone>21<\/w:HyphenationZone>\n<w:DoNotOptimizeForBrowser \/>\n<\/w:WordDocument>\n<\/xml><![endif]--><\/p>\n<style type=\"text\/css\">\n<!--\n \/* Style Definitions *\/\np.MsoNormal, li.MsoNormal, div.MsoNormal\n\t{mso-style-parent:\"\";\n\tmargin:0cm;\n\tmargin-bottom:.0001pt;\n\tmso-pagination:widow-orphan;\n\tfont-size:12.0pt;\n\tfont-family:\"Times New Roman\";\n\tmso-fareast-font-family:\"Times New Roman\";}\na:link, span.MsoHyperlink\n\t{color:blue;\n\ttext-decoration:underline;\n\ttext-underline:single;}\na:visited, span.MsoHyperlinkFollowed\n\t{color:purple;\n\ttext-decoration:underline;\n\ttext-underline:single;}\n@page Section1\n\t{size:612.0pt 792.0pt;\n\tmargin:70.85pt 70.85pt 2.0cm 70.85pt;\n\tmso-header-margin:36.0pt;\n\tmso-footer-margin:36.0pt;\n\tmso-paper-source:0;}\ndiv.Section1\n\t{page:Section1;}\n--><\/style>\n<p>Die Yachtcharter-Marina Port Pin Rolland liegt in der Bucht von Toulon im \u00f6stlichen Teil des L\u00f6wengolfes &ndash; an der Zufahrt zur Halbinsel C\u00e9pet neben dem charmanten Fischerdorf Saint-Mandrier-sur-Mer. Die n\u00e4chstgr\u00f6\u00dfere Stadt auf dem Festland ist La-Seyne-sur-Mer mit zahlreichen Einkaufsm\u00f6glichkeiten f\u00fcr Yachtcharter-Crews und dem Schiffahrtsmuseum im Fort Balaguier. Die Bewohner von C\u00e9pet leben \u00fcberwiegend von Fischerei, Landwirtschaft und kleinen Werftbetrieben &#8211; und  mittlerweile auch vom Yachtcharter-Tourismus.<\/p>\n<p>Yachtcharter-Crews reisen per Flugzeug  entweder \u00fcber den Flughafen Toulon-Hy\u00e8res an oder via Marseille, das etwa 70 Kilometer von der Yachtcharter-Basis entfernt ist.  <\/p>\n<p>Die Yachtcharter-Crews k\u00f6nnen vom Golf von Toulon, der im \u00f6stlichen Teil des L\u00f6wengolfs liegt, den Golfe du Lion erkunden &ndash; mit St\u00e4dten wie Narbonne und Saintes-Maries-de-la-Mer in der Camargue bis hin ans westliche Ende des Golfes, der bis zum Cap Creus in Spanien reicht. Wer lieber gen Osten segelt, entdeckt schnelle die Inseln vor Hy\u00e8res &ndash; die  Ile de Porquerolles, Ile des Port-Cros und Ile du Levant. Auch die Bucht von St. Tropez ist ein beliebtes Ziel von Yachtcharter-Crews. <\/p>\n<p><\/meta><br \/>\n<\/meta><br \/>\n<\/meta><br \/>\n<\/meta><\/p>\n","protected":false},"excerpt":{"rendered":"<p>Yachtcharter Franz\u00f6sische Riviera &#8211; Port Pin Rolland Die Yachtcharter-Marina Port Pin Rolland liegt in der Bucht von Toulon im \u00f6stlichen Teil des L\u00f6wengolfes &ndash; an der Zufahrt zur Halbinsel C\u00e9pet neben dem charmanten Fischerdorf Saint-Mandrier-sur-Mer. Die n\u00e4chstgr\u00f6\u00dfere Stadt auf dem Festland ist La-Seyne-sur-Mer mit zahlreichen Einkaufsm\u00f6glichkeiten f\u00fcr Yachtcharter-Crews und dem<\/p>\n","protected":false},"author":11,"featured_media":0,"parent":810,"menu_order":0,"comment_status":"open","ping_status":"open","template":"","meta":[],"aioseo_notices":[],"_links":{"self":[{"href":"https:\/\/yachtcharter-connection.com\/de\/wp-json\/wp\/v2\/pages\/2570"}],"collection":[{"href":"https:\/\/yachtcharter-connection.com\/de\/wp-json\/wp\/v2\/pages"}],"about":[{"href":"https:\/\/yachtcharter-connection.com\/de\/wp-json\/wp\/v2\/types\/page"}],"author":[{"embeddable":true,"href":"https:\/\/yachtcharter-connection.com\/de\/wp-json\/wp\/v2\/users\/11"}],"replies":[{"embeddable":true,"href":"https:\/\/yachtcharter-connection.com\/de\/wp-json\/wp\/v2\/comments?post=2570"}],"version-history":[{"count":1,"href":"https:\/\/yachtcharter-connection.com\/de\/wp-json\/wp\/v2\/pages\/2570\/revisions"}],"predecessor-version":[{"id":13313,"href":"https:\/\/yachtcharter-connection.com\/de\/wp-json\/wp\/v2\/pages\/2570\/revisions\/13313"}],"up":[{"embeddable":true,"href":"https:\/\/yachtcharter-connection.com\/de\/wp-json\/wp\/v2\/pages\/810"}],"wp:attachment":[{"href":"https:\/\/yachtcharter-connection.com\/de\/wp-json\/wp\/v2\/media?parent=2570"}],"curies":[{"name":"wp","href":"https:\/\/api.w.org\/{rel}","templated":true}]}}