{"id":2571,"date":"2012-10-04T05:28:39","date_gmt":"2012-10-04T05:28:39","guid":{"rendered":"http:\/\/yachtcharter-connection.com.w01e47c6.kasserver.com\/samos-957\/"},"modified":"2017-07-15T05:24:29","modified_gmt":"2017-07-15T03:24:29","slug":"samos-957","status":"publish","type":"page","link":"https:\/\/yachtcharter-connection.com\/de\/regionen\/mittelmeer\/yachtcharter-aegaeis-dodekanes\/samos-957\/","title":{"rendered":"Samos"},"content":{"rendered":"<h3>Yachtcharter Samos<\/h3>\n<p>\n<img loading=\"lazy\" class=\"content-image\"  width=\"300\" height=\"181\" alt=\"Griechenland_Samos\" src=\"https:\/\/yachtcharter-connection.com\/wp-content\/uploads\/converted_files\/20179\/20179-5624e38477c59.jpg\" \/>Die Yachtcharter-Destination Samos liegt auf der Grenze zwischen zwei sehr beliebten Yachtcharter-Revieren: Als n\u00f6rdlichste Insel der S\u00fcdlichen Sporaden &ndash; im Nordwesten von Samos liegt die Insel Chios &#8211; schlie\u00dft sich in ihrem S\u00fcden gleich das Yachtcharter-Revier Dodekanes an. Zum t\u00fcrkischen Festland sind es von Samos aus nur wenige Seemeilen. Yachtcharter-Crews, die ihren Yachtcharter-T\u00f6rn von Samos aus starten, erreichen die Yachtcharter-Basis \u00fcber den internationalen Flughafen Samos. <\/p>\n<p>Der Airport, die Stadt Samos und die Samos Marina beim Ort Pythagorio mit Yachtcharter-St\u00fctzpunkten liegen alle im Osten der Insel, maximal 5 Kilometer voneinander entfernt. Die Marina bietet die perfekte Infrastruktur f\u00fcr Yachtcharter-Crews &ndash; mit Supermarkt, W\u00e4scherei bzw. Waschsalon, Restaurant, Bar und Schiffstankstelle. In unmittelbarer N\u00e4he liegt auch der alte Hafen von Pythagorio (benannt nach dem Philosophen und Mathematiker Pythagoras): Hier liegen die Yachtcharter-Crews  inmitten des touristischen Geschehens, mit entsprechend munterem Treiben auch in der Nacht &ndash; und jede Menge Restaurants f\u00fcr das Yachtcharter-Crew-Dinner. Im Nordwesten von Samos liegt der Hafen Karlovassi. Der Hauptort sowie der Haupt- und F\u00e4hrhafen von Samos, Limin Vathy, befindet sich im Nordosten im tief eingeschnittenen Golf von Vathy, der auch Golf von Samos genannt wird., <\/p>\n<p>Die Landschaft der Yachtcharter-Destination Samos, die knapp 480 Quadratkilometer gro\u00df ist, ist gr\u00fcn und bergig, mit Wasserf\u00e4llen und S\u00fc\u00dfwasserquellen. Schon in der Antike war die Insel ein bedeutendes Handelszentrum, heute ist man auf Touristen eingestellt, Yachtcharter-Segler sollten auch den hier angebauten Wein probieren. F\u00fcr Yachtcharter-Crews interessante Landausfl\u00fcge f\u00fchren zum Beispiel zum antiken Samos nahe der heutigen Hauptortes, die H\u00f6hle des Pythagoras sowie die Tempel von Athene und Hera.<\/p>\n<p><\/p>\n","protected":false},"excerpt":{"rendered":"<p>Yachtcharter Samos Die Yachtcharter-Destination Samos liegt auf der Grenze zwischen zwei sehr beliebten Yachtcharter-Revieren: Als n\u00f6rdlichste Insel der S\u00fcdlichen Sporaden &ndash; im Nordwesten von Samos liegt die Insel Chios &#8211; schlie\u00dft sich in ihrem S\u00fcden gleich das Yachtcharter-Revier Dodekanes an. Zum t\u00fcrkischen Festland sind es von Samos aus nur wenige<\/p>\n","protected":false},"author":11,"featured_media":0,"parent":763,"menu_order":0,"comment_status":"open","ping_status":"open","template":"","meta":[],"aioseo_notices":[],"_links":{"self":[{"href":"https:\/\/yachtcharter-connection.com\/de\/wp-json\/wp\/v2\/pages\/2571"}],"collection":[{"href":"https:\/\/yachtcharter-connection.com\/de\/wp-json\/wp\/v2\/pages"}],"about":[{"href":"https:\/\/yachtcharter-connection.com\/de\/wp-json\/wp\/v2\/types\/page"}],"author":[{"embeddable":true,"href":"https:\/\/yachtcharter-connection.com\/de\/wp-json\/wp\/v2\/users\/11"}],"replies":[{"embeddable":true,"href":"https:\/\/yachtcharter-connection.com\/de\/wp-json\/wp\/v2\/comments?post=2571"}],"version-history":[{"count":1,"href":"https:\/\/yachtcharter-connection.com\/de\/wp-json\/wp\/v2\/pages\/2571\/revisions"}],"predecessor-version":[{"id":13237,"href":"https:\/\/yachtcharter-connection.com\/de\/wp-json\/wp\/v2\/pages\/2571\/revisions\/13237"}],"up":[{"embeddable":true,"href":"https:\/\/yachtcharter-connection.com\/de\/wp-json\/wp\/v2\/pages\/763"}],"wp:attachment":[{"href":"https:\/\/yachtcharter-connection.com\/de\/wp-json\/wp\/v2\/media?parent=2571"}],"curies":[{"name":"wp","href":"https:\/\/api.w.org\/{rel}","templated":true}]}}