{"id":2572,"date":"2015-08-10T05:53:46","date_gmt":"2015-08-10T05:53:46","guid":{"rendered":"http:\/\/yachtcharter-connection.com.w01e47c6.kasserver.com\/polynesien-raiatea\/"},"modified":"2017-07-16T22:58:25","modified_gmt":"2017-07-16T20:58:25","slug":"polynesien-raiatea","status":"publish","type":"page","link":"https:\/\/yachtcharter-connection.com\/de\/polynesien-raiatea\/","title":{"rendered":"Polynesien \/ Raiatea"},"content":{"rendered":"<h3>Yachtcharter Polynesien \/ Raiatea<\/h3>\n<p>\n<img loading=\"lazy\" class=\"content-image\"  width=\"300\" height=\"196\" src=\"https:\/\/yachtcharter-connection.com\/wp-content\/uploads\/converted_files\/20201\/20201-5624e385de181.jpg\" alt=\"Polynesien_Yachten_am_Riff\" \/>Raiatea, Yachtcharter-Zentrum Polynesiens, und Tahaa sind durch eine Lagune verbunden und vom gleichen Korallenriff sowie zahlreichen Motus, kleinen Riff-Inseln, umgeben. Von den Gipfeln der schroffen vulkanischen Berge, die \u00fcber 1000 Meter hoch ragen, schaut man auf tief einschneidende Buchten, viele Inseln in der Lagune, traumhafte wei\u00dfe Str\u00e4nde, den Apoomau River, auf dem kleine Boote fahren und Siedlungen, die alle im K\u00fcstenbereich liegen. Der Hauptort Uturoa hat einen kleinen Terminal f\u00fcr Kreuzfahrer. Einen Besuch wert ist die Kultst\u00e4tte Taputapuatea, f\u00fcr Taucher das Wrack der 1900 gesunkenen Nordby.<br type=\"_moz\" \/><\/p>\n","protected":false},"excerpt":{"rendered":"<p>Yachtcharter Polynesien \/ Raiatea Raiatea, Yachtcharter-Zentrum Polynesiens, und Tahaa sind durch eine Lagune verbunden und vom gleichen Korallenriff sowie zahlreichen Motus, kleinen Riff-Inseln, umgeben. Von den Gipfeln der schroffen vulkanischen Berge, die \u00fcber 1000 Meter hoch ragen, schaut man auf tief einschneidende Buchten, viele Inseln in der Lagune, traumhafte wei\u00dfe<\/p>\n","protected":false},"author":11,"featured_media":0,"parent":0,"menu_order":0,"comment_status":"open","ping_status":"open","template":"","meta":[],"aioseo_notices":[],"_links":{"self":[{"href":"https:\/\/yachtcharter-connection.com\/de\/wp-json\/wp\/v2\/pages\/2572"}],"collection":[{"href":"https:\/\/yachtcharter-connection.com\/de\/wp-json\/wp\/v2\/pages"}],"about":[{"href":"https:\/\/yachtcharter-connection.com\/de\/wp-json\/wp\/v2\/types\/page"}],"author":[{"embeddable":true,"href":"https:\/\/yachtcharter-connection.com\/de\/wp-json\/wp\/v2\/users\/11"}],"replies":[{"embeddable":true,"href":"https:\/\/yachtcharter-connection.com\/de\/wp-json\/wp\/v2\/comments?post=2572"}],"version-history":[{"count":1,"href":"https:\/\/yachtcharter-connection.com\/de\/wp-json\/wp\/v2\/pages\/2572\/revisions"}],"predecessor-version":[{"id":12881,"href":"https:\/\/yachtcharter-connection.com\/de\/wp-json\/wp\/v2\/pages\/2572\/revisions\/12881"}],"wp:attachment":[{"href":"https:\/\/yachtcharter-connection.com\/de\/wp-json\/wp\/v2\/media?parent=2572"}],"curies":[{"name":"wp","href":"https:\/\/api.w.org\/{rel}","templated":true}]}}