{"id":2579,"date":"2015-08-10T05:53:46","date_gmt":"2015-08-10T05:53:46","guid":{"rendered":"http:\/\/yachtcharter-connection.com.w01e47c6.kasserver.com\/stockholm-712\/"},"modified":"2017-07-14T00:54:40","modified_gmt":"2017-07-13T22:54:40","slug":"stockholm-712","status":"publish","type":"page","link":"https:\/\/yachtcharter-connection.com\/de\/regionen\/ostsee\/yachtcharter-ost-schweden-finnland\/stockholm-712\/","title":{"rendered":"Stockholm"},"content":{"rendered":"<h3>Yachtcharter Stockholm<\/h3>\n<p>\nIn und um Stockholm gibt es mehrere Yachtcharter-St\u00fctzpunkte: unter anderem in der Stadt selbst, in Liding\u00f6, Nyk\u00f6ping, Saltsj\u00f6baden und Svinninge.<\/p>\n<p>Stockholm liegt an einem Fjord, der sich sich zum M\u00e4larsee \u00f6ffnet. Die Ostseestadt mit dem riesigen vorgelagerten Sch\u00e4rengarten verteilt sich auf Festland und 14 Inseln, die mit \u00fcber 50 Br\u00fccken verbunden sind &ndash; etwa 30 Prozent der Fl\u00e4che der Stadt sind mit Wasser bedeckt. Dieses ist so sauber, dass mitten in der City auch Lachse leben. In der Altstadt auf der Stadtinsel Stadsholmen kann man noch in engen mittelalterlichen G\u00e4sschen bummeln gehen und zahlreiche Pal\u00e4ste und das K\u00f6nigsschloss bewundern.<\/p>\n<p><br type=\"_moz\" \/><\/p>\n","protected":false},"excerpt":{"rendered":"<p>Yachtcharter Stockholm In und um Stockholm gibt es mehrere Yachtcharter-St\u00fctzpunkte: unter anderem in der Stadt selbst, in Liding\u00f6, Nyk\u00f6ping, Saltsj\u00f6baden und Svinninge. Stockholm liegt an einem Fjord, der sich sich zum M\u00e4larsee \u00f6ffnet. Die Ostseestadt mit dem riesigen vorgelagerten Sch\u00e4rengarten verteilt sich auf Festland und 14 Inseln, die mit \u00fcber<\/p>\n","protected":false},"author":11,"featured_media":0,"parent":748,"menu_order":0,"comment_status":"open","ping_status":"open","template":"","meta":[],"aioseo_notices":[],"_links":{"self":[{"href":"https:\/\/yachtcharter-connection.com\/de\/wp-json\/wp\/v2\/pages\/2579"}],"collection":[{"href":"https:\/\/yachtcharter-connection.com\/de\/wp-json\/wp\/v2\/pages"}],"about":[{"href":"https:\/\/yachtcharter-connection.com\/de\/wp-json\/wp\/v2\/types\/page"}],"author":[{"embeddable":true,"href":"https:\/\/yachtcharter-connection.com\/de\/wp-json\/wp\/v2\/users\/11"}],"replies":[{"embeddable":true,"href":"https:\/\/yachtcharter-connection.com\/de\/wp-json\/wp\/v2\/comments?post=2579"}],"version-history":[{"count":1,"href":"https:\/\/yachtcharter-connection.com\/de\/wp-json\/wp\/v2\/pages\/2579\/revisions"}],"predecessor-version":[{"id":12794,"href":"https:\/\/yachtcharter-connection.com\/de\/wp-json\/wp\/v2\/pages\/2579\/revisions\/12794"}],"up":[{"embeddable":true,"href":"https:\/\/yachtcharter-connection.com\/de\/wp-json\/wp\/v2\/pages\/748"}],"wp:attachment":[{"href":"https:\/\/yachtcharter-connection.com\/de\/wp-json\/wp\/v2\/media?parent=2579"}],"curies":[{"name":"wp","href":"https:\/\/api.w.org\/{rel}","templated":true}]}}