{"id":2585,"date":"2015-08-10T05:53:46","date_gmt":"2015-08-10T05:53:46","guid":{"rendered":"http:\/\/yachtcharter-connection.com.w01e47c6.kasserver.com\/agropoli-677\/"},"modified":"2017-07-16T15:19:46","modified_gmt":"2017-07-16T13:19:46","slug":"agropoli-677","status":"publish","type":"page","link":"https:\/\/yachtcharter-connection.com\/de\/regionen\/mittelmeer\/yachtcharter-tyrrhenisches-meer\/agropoli-677\/","title":{"rendered":"Agropoli"},"content":{"rendered":"<h3>Yachtcharter Agropoli<\/h3>\n<p>\n<img class=\"content-image\"  src=\"https:\/\/yachtcharter-connection.com\/wp-content\/uploads\/converted_files\/20298\/20298-5624e38a228b1.jpg\" alt=\"Yachtcharter Agropoli-Cilento-K&#252;ste-Italien.jpg\" style=\"width: 300px; height: 200px;\" \/>Die Yachtcharter-Destination Agropoli liegt in Kampanien und geh\u00f6rt zur Provinz Salerno. Agropoli ist ein perfekter Ausgangshafen f\u00fcr T\u00f6rns an der Cilento-K\u00fcste. Diese ist rund 100 Kilometer lang und wird von zahlreichen D\u00f6rfern gepr\u00e4gt, die oft ihren mittelalterlichem Charme bewahrt haben. Berge, T\u00e4ler, ein Nationalpark und Geschichte pr\u00e4gen die Region: In Paestum finden sich unter anderem mehrere griechische Tempel, die rund 2.500 Jahre alt sind. Yachtcharter-Crews werden die lokale K\u00fcche  mit ihren Spezialit\u00e4ten ebenso geniessen wie die einheimischen Oliven\u00f6le und Weine. Massentourismus ist im Cilento kaum zu finden.<\/p>\n<p><strong>Charteryachten Agropoli:<\/strong> In der grossen, modernen Marina von Agropoli stehen Segelyachten verschiedener Crews f\u00fcr den Chartert\u00f6rn an der Cilento-K\u00fcste zur Verf\u00fcgung.<\/p>\n<p><\/p>\n","protected":false},"excerpt":{"rendered":"<p>Yachtcharter Agropoli Die Yachtcharter-Destination Agropoli liegt in Kampanien und geh\u00f6rt zur Provinz Salerno. Agropoli ist ein perfekter Ausgangshafen f\u00fcr T\u00f6rns an der Cilento-K\u00fcste. Diese ist rund 100 Kilometer lang und wird von zahlreichen D\u00f6rfern gepr\u00e4gt, die oft ihren mittelalterlichem Charme bewahrt haben. Berge, T\u00e4ler, ein Nationalpark und Geschichte pr\u00e4gen die<\/p>\n","protected":false},"author":11,"featured_media":0,"parent":738,"menu_order":0,"comment_status":"open","ping_status":"open","template":"","meta":[],"aioseo_notices":[],"_links":{"self":[{"href":"https:\/\/yachtcharter-connection.com\/de\/wp-json\/wp\/v2\/pages\/2585"}],"collection":[{"href":"https:\/\/yachtcharter-connection.com\/de\/wp-json\/wp\/v2\/pages"}],"about":[{"href":"https:\/\/yachtcharter-connection.com\/de\/wp-json\/wp\/v2\/types\/page"}],"author":[{"embeddable":true,"href":"https:\/\/yachtcharter-connection.com\/de\/wp-json\/wp\/v2\/users\/11"}],"replies":[{"embeddable":true,"href":"https:\/\/yachtcharter-connection.com\/de\/wp-json\/wp\/v2\/comments?post=2585"}],"version-history":[{"count":1,"href":"https:\/\/yachtcharter-connection.com\/de\/wp-json\/wp\/v2\/pages\/2585\/revisions"}],"predecessor-version":[{"id":13063,"href":"https:\/\/yachtcharter-connection.com\/de\/wp-json\/wp\/v2\/pages\/2585\/revisions\/13063"}],"up":[{"embeddable":true,"href":"https:\/\/yachtcharter-connection.com\/de\/wp-json\/wp\/v2\/pages\/738"}],"wp:attachment":[{"href":"https:\/\/yachtcharter-connection.com\/de\/wp-json\/wp\/v2\/media?parent=2585"}],"curies":[{"name":"wp","href":"https:\/\/api.w.org\/{rel}","templated":true}]}}