{"id":2599,"date":"2015-08-10T05:53:47","date_gmt":"2015-08-10T05:53:47","guid":{"rendered":"http:\/\/yachtcharter-connection.com.w01e47c6.kasserver.com\/sardinien-cagliari\/"},"modified":"2018-03-06T12:51:57","modified_gmt":"2018-03-06T10:51:57","slug":"sardinien-cagliari","status":"publish","type":"page","link":"https:\/\/yachtcharter-connection.com\/de\/regionen\/mittelmeer\/yachtcharter-sardinien\/sardinien-cagliari\/","title":{"rendered":"Sardinien \/ Cagliari"},"content":{"rendered":"<h1><strong>Yachtcharter Sardinien &#8211; Cagliari<br \/>\n<\/strong><\/h1>\n<p><strong><br \/>\n<\/strong><br \/>\n<img loading=\"lazy\" class=\"alignleft size-full wp-image-26127\" src=\"https:\/\/yachtcharter-connection.com\/wp-content\/uploads\/2015\/08\/Cagliari.jpg\" alt=\"Yachtcharter Cagliari\" width=\"608\" height=\"283\" srcset=\"https:\/\/yachtcharter-connection.com\/wp-content\/uploads\/2015\/08\/Cagliari.jpg 608w, https:\/\/yachtcharter-connection.com\/wp-content\/uploads\/2015\/08\/Cagliari-300x140.jpg 300w\" sizes=\"(max-width: 608px) 100vw, 608px\" \/>Die Yachtcharter-Destination Cagliari ist die Hauptstadt von Sardinien und bei weitem die gr\u00f6\u00dfte Stadt der Insel. Es ist eine lebhafte, malerische Stadt mit eleganten Einkaufsvierteln, alten engen Gassen und Pl\u00e4tzen zum Bummeln sowie\u00a0 ausgezeichneten Bars und Restaurants. Mit ihrer Geschichte von mehreren tausend Jahren gibt es heute noch viele historische St\u00e4tten zu sehen.<\/p>\n<p>Das Castello, das alte Viertel mit einer Stadtmauer aus dem Mittelalter mit mehreren T\u00fcrmen, das auf einem H\u00fcgel \u00fcber der Stadt liegt, ist heutzutage ein beliebter Treffpunkt f\u00fcr das Nachtleben. Die Kathedrale Santa Maria ist sehenswert, alte elegante &#8220;Palazzi&#8221; vermitteln einen Eindruck vom Leben in alten Zeiten. Weitere Palazzi, Kirchen und historische Geb\u00e4ude finden Sie in den Vierteln von Villanova, die \u00fcber eine Treppe mit Castello verbunden sind, und Marina, von Fischern und H\u00e4ndlern gegr\u00fcndet und schon fr\u00fch multinational ausgerichtet. Andere Sehensw\u00fcrdigkeiten sind das Anfiteatro, eine der wichtigsten r\u00f6mischen Ruinen Sardiniens, das Schloss San Michele etwas au\u00dferhalb, die Lagune von Cagliari, der Saline Park &#8211; und nat\u00fcrlich Poetto, der wei\u00dfe Strand von Cagliari, der 8 km lang ist. Vom Monte Urpino haben Sie einen fantastischen Blick auf die Skyline von Cagliari!<\/p>\n<p>Von der Yachtcharte- Basis in Cagliari aus k\u00f6nnen Sie die wundersch\u00f6ne S\u00fcdk\u00fcste &#8220;Costa del Sud&#8221; Sardiniens erkunden, traumhafte Buchten und Str\u00e4nde und tolle Schnorchelgebiete entdecken, nach Villasimius und zum gesch\u00fctzten Marine-Park segeln &#8211; oder durch die Bucht von Chia nach Westen segeln zu den Inseln Sant&#8217; Antioco und San Pietro nach Carloforte. Sant&#8217; Antioco ist die viertgr\u00f6\u00dfte Insel Italiens &#8211; schon 5000 vor Christus bewohnt, so dass Sie hier noch Ruinen oder Menhire aus sieben Jahrtausenden Geschichte finden.<\/p>\n<h2><strong>Charteryachten Cagliari &#8211; Luxusyachten und Bareboat Yachten<\/strong><\/h2>\n<p>In Cagliari gibt es eine\u00a0 Charterflotte von Segelyachten und Katamaranen aller Gr\u00f6\u00dfen f\u00fcr Chartert\u00f6rns in Sardinien. Nat\u00fcrlich gibt es auch viele Luxusyachten, Motoryachten und Katamarane mit Crew. Chartern Sie die beste Yacht f\u00fcr Ihren Charterurlaub in Sardinien von Cagliari online oder fragen Sie einfach nach Angeboten!<\/p>\n","protected":false},"excerpt":{"rendered":"<p>Yachtcharter Sardinien &#8211; Cagliari Die Yachtcharter-Destination Cagliari ist die Hauptstadt von Sardinien und bei weitem die gr\u00f6\u00dfte Stadt der Insel. Es ist eine lebhafte, malerische Stadt mit eleganten Einkaufsvierteln, alten engen Gassen und Pl\u00e4tzen zum Bummeln sowie\u00a0 ausgezeichneten Bars und Restaurants. Mit ihrer Geschichte von mehreren tausend Jahren gibt es<\/p>\n","protected":false},"author":11,"featured_media":0,"parent":760,"menu_order":0,"comment_status":"open","ping_status":"open","template":"","meta":[],"aioseo_notices":[],"_links":{"self":[{"href":"https:\/\/yachtcharter-connection.com\/de\/wp-json\/wp\/v2\/pages\/2599"}],"collection":[{"href":"https:\/\/yachtcharter-connection.com\/de\/wp-json\/wp\/v2\/pages"}],"about":[{"href":"https:\/\/yachtcharter-connection.com\/de\/wp-json\/wp\/v2\/types\/page"}],"author":[{"embeddable":true,"href":"https:\/\/yachtcharter-connection.com\/de\/wp-json\/wp\/v2\/users\/11"}],"replies":[{"embeddable":true,"href":"https:\/\/yachtcharter-connection.com\/de\/wp-json\/wp\/v2\/comments?post=2599"}],"version-history":[{"count":4,"href":"https:\/\/yachtcharter-connection.com\/de\/wp-json\/wp\/v2\/pages\/2599\/revisions"}],"predecessor-version":[{"id":26133,"href":"https:\/\/yachtcharter-connection.com\/de\/wp-json\/wp\/v2\/pages\/2599\/revisions\/26133"}],"up":[{"embeddable":true,"href":"https:\/\/yachtcharter-connection.com\/de\/wp-json\/wp\/v2\/pages\/760"}],"wp:attachment":[{"href":"https:\/\/yachtcharter-connection.com\/de\/wp-json\/wp\/v2\/media?parent=2599"}],"curies":[{"name":"wp","href":"https:\/\/api.w.org\/{rel}","templated":true}]}}