{"id":2626,"date":"2011-03-14T05:10:03","date_gmt":"2011-03-14T05:10:03","guid":{"rendered":"http:\/\/yachtcharter-connection.com.w01e47c6.kasserver.com\/annapolis-255\/"},"modified":"2016-10-29T17:56:57","modified_gmt":"2016-10-29T15:56:57","slug":"annapolis-255","status":"publish","type":"page","link":"https:\/\/yachtcharter-connection.com\/de\/regionen\/usa-nordost\/yachtcharter-maryland-chesapeake-bucht\/annapolis-255\/","title":{"rendered":"Annapolis"},"content":{"rendered":"<h3>Yachtcharter Annapolis &#8211; Chesapeake Bay<\/h3>\n<p>\n<img loading=\"lazy\" class=\"content-image\"  width=\"300\" height=\"201\" src=\"https:\/\/yachtcharter-connection.com\/wp-content\/uploads\/converted_files\/20552\/20552-5624e38eecc1e.jpg\" alt=\"Yachtcharter-Annapolis-Chesapeake Bay\" \/>Annapolis gilt als eine der bedeutendsten Segel- und Yachtcharter-Destinationen an der Ostk\u00fcste der USA und perfekter Ausgangspunkt f\u00fcr einen Chartert\u00f6rn in der<a href=\"~\/usa_nordost\/Yachtcharter_maryland_chesapeake_bucht.html\" target=\"_blank\"> Chesapeake Bay<\/a>. Die Hauptstadt des Bundesstaates Maryland ist Sitz der Royal Naval Academy &ndash; sehenswert ist der Aufmarsch der Kadetten. Amerikanische Historie l\u00e4sst sich hier  angesichts historischer Geb\u00e4ude und diverse Museen erleben &ndash; Annapolis wurde schon Mitte des 17. Jahrhunderts an der M\u00fcndung von Severn und South River gegr\u00fcndet, diente einst als Tabak-Hafen und ist heute eine lebendige, wohlhabende Hafenstadt.<\/p>\n<p>Die Yachtcharter-Basis mit einer gro\u00dfen  Flotte von Segelyachten zwischen 34 und 54 Fuss &ndash; \u00fcberwiegend vom Typ Jeannau Sun Odyssey und Benetau &ndash; liegt in der Port Annapolis Marina am Back Creek. Die Marina ist ein echtes Yachting Resort  und ist f\u00fcr Yachtcharter perfekt ausgestattet: mit L\u00e4den und Restaurants, Sandwich-Shop f\u00fcrs Fr\u00fchst\u00fcck, Badeh\u00e4usern, Swimming Pool, Picknick-Gel\u00e4nde mit Barbecue, Kinderspielplatz, W\u00e4scherei und Wassertaxi-Service nach Downtown. Im historischen Zentrum von Annapolis finden Yachtcharter-Crews Shops, Restaurants und Nightlife &ndash; und die &bdquo;Ego Alley&ldquo;, das City Dock, wo sich die exklusiven Yachten ein Stelldichein geben.<\/p>\n<p><img loading=\"lazy\" class=\"content-image\"  width=\"300\" height=\"101\" src=\"https:\/\/yachtcharter-connection.com\/wp-content\/uploads\/converted_files\/20552\/20552-5624e3915c7b3.jpg\" alt=\"Segelrevier Chesapeake Bay - Annapolis\" \/>Yachtcharter-Crews, die ihren T\u00f6rn in Annapolis starten, finden schon in der N\u00e4he interessante Ziele wie den Ort St. Michaels oder die Solomons Island.  <\/p>\n<p>Weitere spannende T\u00f6rnziele sind unter anderem: Oxford und Cambridge, Herrington Harbour, Tilghman Island, Rock Hall, Chester River, Georgetown, Sassafras River und Baltimore Inner Harbour.<\/p>\n","protected":false},"excerpt":{"rendered":"<p>Yachtcharter Annapolis &#8211; Chesapeake Bay Annapolis gilt als eine der bedeutendsten Segel- und Yachtcharter-Destinationen an der Ostk\u00fcste der USA und perfekter Ausgangspunkt f\u00fcr einen Chartert\u00f6rn in der Chesapeake Bay. Die Hauptstadt des Bundesstaates Maryland ist Sitz der Royal Naval Academy &ndash; sehenswert ist der Aufmarsch der Kadetten. Amerikanische Historie l\u00e4sst<\/p>\n","protected":false},"author":11,"featured_media":0,"parent":801,"menu_order":0,"comment_status":"open","ping_status":"open","template":"","meta":[],"aioseo_notices":[],"_links":{"self":[{"href":"https:\/\/yachtcharter-connection.com\/de\/wp-json\/wp\/v2\/pages\/2626"}],"collection":[{"href":"https:\/\/yachtcharter-connection.com\/de\/wp-json\/wp\/v2\/pages"}],"about":[{"href":"https:\/\/yachtcharter-connection.com\/de\/wp-json\/wp\/v2\/types\/page"}],"author":[{"embeddable":true,"href":"https:\/\/yachtcharter-connection.com\/de\/wp-json\/wp\/v2\/users\/11"}],"replies":[{"embeddable":true,"href":"https:\/\/yachtcharter-connection.com\/de\/wp-json\/wp\/v2\/comments?post=2626"}],"version-history":[{"count":1,"href":"https:\/\/yachtcharter-connection.com\/de\/wp-json\/wp\/v2\/pages\/2626\/revisions"}],"predecessor-version":[{"id":12887,"href":"https:\/\/yachtcharter-connection.com\/de\/wp-json\/wp\/v2\/pages\/2626\/revisions\/12887"}],"up":[{"embeddable":true,"href":"https:\/\/yachtcharter-connection.com\/de\/wp-json\/wp\/v2\/pages\/801"}],"wp:attachment":[{"href":"https:\/\/yachtcharter-connection.com\/de\/wp-json\/wp\/v2\/media?parent=2626"}],"curies":[{"name":"wp","href":"https:\/\/api.w.org\/{rel}","templated":true}]}}