{"id":2648,"date":"2015-08-10T05:53:47","date_gmt":"2015-08-10T05:53:47","guid":{"rendered":"http:\/\/yachtcharter-connection.com.w01e47c6.kasserver.com\/ibiza-san-antonio-329\/"},"modified":"2017-07-15T16:45:45","modified_gmt":"2017-07-15T14:45:45","slug":"ibiza-san-antonio-329","status":"publish","type":"page","link":"https:\/\/yachtcharter-connection.com\/de\/regionen\/mittelmeer\/yachtcharter-balearen-mallorca-menorca-ibiza\/ibiza-san-antonio-329\/","title":{"rendered":"Ibiza \/ San Antonio"},"content":{"rendered":"<h3>Yachtcharter Ibiza \/ San Antonio<\/h3>\n<p>\n<img loading=\"lazy\" class=\"content-image\"  width=\"300\" height=\"203\" alt=\"Segelrevier_Balearen_Ibiza_Bucht von San Miguel\" src=\"https:\/\/yachtcharter-connection.com\/wp-content\/uploads\/converted_files\/20599\/20599-5624e393ed0ad.jpg\" \/>Puerto de San Antonio auf der Westseite Ibizas ist n\u00e4chstgelegener Port mit Yachtcharter-Basis zum spanischen Festland. Auch im Vorhafen gibt es Ankerpl\u00e4tze f\u00fcr Yachtcharter-Crews, falls man nicht direkt in der Marina festmachen will. Die Fischhalle f\u00fcr das leckere Abendessen an Bord liegt direkt am Hafen.<\/p>\n<p>Die Cala Bossa, nur drei Meilen westlich von San Antonio, ist sch\u00f6n von Pinien ges\u00e4umt und eignet sich mit klarem Wasser f\u00fcr einen erfrischenden Bade-Stopp w\u00e4hrend dem Yachtcharter-T\u00f6rn.<\/p>\n<p><\/p>\n","protected":false},"excerpt":{"rendered":"<p>Yachtcharter Ibiza \/ San Antonio Puerto de San Antonio auf der Westseite Ibizas ist n\u00e4chstgelegener Port mit Yachtcharter-Basis zum spanischen Festland. Auch im Vorhafen gibt es Ankerpl\u00e4tze f\u00fcr Yachtcharter-Crews, falls man nicht direkt in der Marina festmachen will. Die Fischhalle f\u00fcr das leckere Abendessen an Bord liegt direkt am Hafen.<\/p>\n","protected":false},"author":11,"featured_media":0,"parent":762,"menu_order":0,"comment_status":"open","ping_status":"open","template":"","meta":[],"aioseo_notices":[],"_links":{"self":[{"href":"https:\/\/yachtcharter-connection.com\/de\/wp-json\/wp\/v2\/pages\/2648"}],"collection":[{"href":"https:\/\/yachtcharter-connection.com\/de\/wp-json\/wp\/v2\/pages"}],"about":[{"href":"https:\/\/yachtcharter-connection.com\/de\/wp-json\/wp\/v2\/types\/page"}],"author":[{"embeddable":true,"href":"https:\/\/yachtcharter-connection.com\/de\/wp-json\/wp\/v2\/users\/11"}],"replies":[{"embeddable":true,"href":"https:\/\/yachtcharter-connection.com\/de\/wp-json\/wp\/v2\/comments?post=2648"}],"version-history":[{"count":1,"href":"https:\/\/yachtcharter-connection.com\/de\/wp-json\/wp\/v2\/pages\/2648\/revisions"}],"predecessor-version":[{"id":13272,"href":"https:\/\/yachtcharter-connection.com\/de\/wp-json\/wp\/v2\/pages\/2648\/revisions\/13272"}],"up":[{"embeddable":true,"href":"https:\/\/yachtcharter-connection.com\/de\/wp-json\/wp\/v2\/pages\/762"}],"wp:attachment":[{"href":"https:\/\/yachtcharter-connection.com\/de\/wp-json\/wp\/v2\/media?parent=2648"}],"curies":[{"name":"wp","href":"https:\/\/api.w.org\/{rel}","templated":true}]}}