{"id":2652,"date":"2011-12-19T17:29:34","date_gmt":"2011-12-19T17:29:34","guid":{"rendered":"http:\/\/yachtcharter-connection.com.w01e47c6.kasserver.com\/medulin-605\/"},"modified":"2016-10-29T18:13:59","modified_gmt":"2016-10-29T16:13:59","slug":"medulin-605","status":"publish","type":"page","link":"https:\/\/yachtcharter-connection.com\/de\/regionen\/mittelmeer\/yachtcharter-adria-nord\/medulin-605\/","title":{"rendered":"Medulin"},"content":{"rendered":"<h3>Yachtcharter Medulin<\/h3>\n<p>\n<img class=\"content-image\"  src=\"https:\/\/yachtcharter-connection.com\/wp-content\/uploads\/converted_files\/20607\/20607-5624e3953d49f.jpg\" alt=\"Yachtcharter-Kroatien-Istrien_Medulin.jpg\" style=\"width: 300px; height: 200px;\" \/>An der S\u00fcdspitze der Halbinsel Istrien liegt Medulin. In dem Touristenort befindet sich eine Yachtcharter-Basis. Vor der stark gegliederten K\u00fcste der Gemeinde, zu der auch der bekannte Ort Pomer geh\u00f6rt, liegen mehrere kleinere Inseln. Von der Lage her ist Medulin der ideale Ausgangspunkt f\u00fcr Yachtcharter-T\u00f6rns in die Kvarner Bucht.<\/p>\n<p><\/p>\n","protected":false},"excerpt":{"rendered":"<p>Yachtcharter Medulin An der S\u00fcdspitze der Halbinsel Istrien liegt Medulin. In dem Touristenort befindet sich eine Yachtcharter-Basis. Vor der stark gegliederten K\u00fcste der Gemeinde, zu der auch der bekannte Ort Pomer geh\u00f6rt, liegen mehrere kleinere Inseln. Von der Lage her ist Medulin der ideale Ausgangspunkt f\u00fcr Yachtcharter-T\u00f6rns in die Kvarner<\/p>\n","protected":false},"author":11,"featured_media":0,"parent":757,"menu_order":0,"comment_status":"open","ping_status":"open","template":"","meta":[],"aioseo_notices":[],"_links":{"self":[{"href":"https:\/\/yachtcharter-connection.com\/de\/wp-json\/wp\/v2\/pages\/2652"}],"collection":[{"href":"https:\/\/yachtcharter-connection.com\/de\/wp-json\/wp\/v2\/pages"}],"about":[{"href":"https:\/\/yachtcharter-connection.com\/de\/wp-json\/wp\/v2\/types\/page"}],"author":[{"embeddable":true,"href":"https:\/\/yachtcharter-connection.com\/de\/wp-json\/wp\/v2\/users\/11"}],"replies":[{"embeddable":true,"href":"https:\/\/yachtcharter-connection.com\/de\/wp-json\/wp\/v2\/comments?post=2652"}],"version-history":[{"count":1,"href":"https:\/\/yachtcharter-connection.com\/de\/wp-json\/wp\/v2\/pages\/2652\/revisions"}],"predecessor-version":[{"id":13181,"href":"https:\/\/yachtcharter-connection.com\/de\/wp-json\/wp\/v2\/pages\/2652\/revisions\/13181"}],"up":[{"embeddable":true,"href":"https:\/\/yachtcharter-connection.com\/de\/wp-json\/wp\/v2\/pages\/757"}],"wp:attachment":[{"href":"https:\/\/yachtcharter-connection.com\/de\/wp-json\/wp\/v2\/media?parent=2652"}],"curies":[{"name":"wp","href":"https:\/\/api.w.org\/{rel}","templated":true}]}}