{"id":2653,"date":"2011-03-14T05:09:49","date_gmt":"2011-03-14T05:09:49","guid":{"rendered":"http:\/\/yachtcharter-connection.com.w01e47c6.kasserver.com\/bodoe-168\/"},"modified":"2016-10-29T18:30:35","modified_gmt":"2016-10-29T16:30:35","slug":"bodoe-168","status":"publish","type":"page","link":"https:\/\/yachtcharter-connection.com\/de\/regionen\/europaeisches-nordmeer\/yachtcharter-norwegen-atlantikk%c3%bcste\/bodoe-168\/","title":{"rendered":"Bodoe"},"content":{"rendered":"<h3>Yachtcharter Bodoe<\/h3>\n<p>\nBod\u00f6 ist Hauptstadt der norwegischen Provinz Nordland und liegt wie Troms\u00f6 n\u00f6rdlich des Polarkreises. Etwa 30 Kilometer gen Osten flie\u00dft mit dem Saltstraumen einer der st\u00e4rksten Gezeitenstr\u00f6me \u00fcberhaupt. Viele Seeadler nisten in der Umgebung an den Ufern des extrem fischreichen Gew\u00e4ssers. Gewachsen ist die Stadt im 19. Jahrhunderts im wesentlichen durch den Fischfang gro\u00dfer Heringsschw\u00e4rme. Wie auch in Trom\u00f6 hatte die Reederei Hurtigruten mit der Gew\u00e4hrleistung von Personen- und G\u00fcterverkehr erheblichen Anteil am Wachstum der Region.<\/p>\n<p><br type=\"_moz\" \/><\/p>\n","protected":false},"excerpt":{"rendered":"<p>Yachtcharter Bodoe Bod\u00f6 ist Hauptstadt der norwegischen Provinz Nordland und liegt wie Troms\u00f6 n\u00f6rdlich des Polarkreises. Etwa 30 Kilometer gen Osten flie\u00dft mit dem Saltstraumen einer der st\u00e4rksten Gezeitenstr\u00f6me \u00fcberhaupt. Viele Seeadler nisten in der Umgebung an den Ufern des extrem fischreichen Gew\u00e4ssers. Gewachsen ist die Stadt im 19. Jahrhunderts<\/p>\n","protected":false},"author":11,"featured_media":0,"parent":802,"menu_order":0,"comment_status":"open","ping_status":"open","template":"","meta":[],"aioseo_notices":[],"_links":{"self":[{"href":"https:\/\/yachtcharter-connection.com\/de\/wp-json\/wp\/v2\/pages\/2653"}],"collection":[{"href":"https:\/\/yachtcharter-connection.com\/de\/wp-json\/wp\/v2\/pages"}],"about":[{"href":"https:\/\/yachtcharter-connection.com\/de\/wp-json\/wp\/v2\/types\/page"}],"author":[{"embeddable":true,"href":"https:\/\/yachtcharter-connection.com\/de\/wp-json\/wp\/v2\/users\/11"}],"replies":[{"embeddable":true,"href":"https:\/\/yachtcharter-connection.com\/de\/wp-json\/wp\/v2\/comments?post=2653"}],"version-history":[{"count":1,"href":"https:\/\/yachtcharter-connection.com\/de\/wp-json\/wp\/v2\/pages\/2653\/revisions"}],"predecessor-version":[{"id":13506,"href":"https:\/\/yachtcharter-connection.com\/de\/wp-json\/wp\/v2\/pages\/2653\/revisions\/13506"}],"up":[{"embeddable":true,"href":"https:\/\/yachtcharter-connection.com\/de\/wp-json\/wp\/v2\/pages\/802"}],"wp:attachment":[{"href":"https:\/\/yachtcharter-connection.com\/de\/wp-json\/wp\/v2\/media?parent=2653"}],"curies":[{"name":"wp","href":"https:\/\/api.w.org\/{rel}","templated":true}]}}