{"id":2654,"date":"2015-08-10T05:53:47","date_gmt":"2015-08-10T05:53:47","guid":{"rendered":"http:\/\/yachtcharter-connection.com.w01e47c6.kasserver.com\/yalikavak-bodrum-halbinsel\/"},"modified":"2017-07-16T06:27:35","modified_gmt":"2017-07-16T04:27:35","slug":"yalikavak-bodrum-halbinsel","status":"publish","type":"page","link":"https:\/\/yachtcharter-connection.com\/de\/regionen\/mittelmeer\/yachtcharter-tuerkische-kueste\/yalikavak-bodrum-halbinsel\/","title":{"rendered":"Yalikavak \/ Bodrum Halbinsel"},"content":{"rendered":"<h3>Yachtcharter Yalikavak &#8211; Palmarina \/  Bodrum Halbinsel<\/h3>\n<p><img loading=\"lazy\" class=\"content-image\"  width=\"300\" height=\"225\" src=\"https:\/\/yachtcharter-connection.com\/wp-content\/uploads\/converted_files\/20611\/20611-5624e3969671d.jpg\" alt=\"\" \/>Enge Gassen, wei\u00dfgestrichene H\u00e4user, Restaurants und Caf\u00e9s direkt am Hafen: Die Yachtcharter-Destination Yalikavak, eine kleine K\u00fcstenstadt im Nordwesten der Bodrum-Halbinsel mit einer gro\u00dfen Yachtcharter-Basis, hat sich den Charme eines typischen Fischerdorfes der t\u00fcrkischen \u00c4g\u00e4is bewahrt. Eine Hauptstra\u00dfe f\u00fchrt direkt nach <a target=\"_blank\" href=\"https:\/\/yachtcharter-connection.com\/wp-content\/uploads\/converted_files\/20611\/20611-5624e3982298c.jpg\">Bodrum<\/a>, das nur 15 Kilometer entfernt ist &#8211; Chartersegler, die ihren T\u00f6rn ab Bodrum planen, k\u00f6nnen hier ebenso die beste Yacht f\u00fcr ihren Segelurlaub finden wie in Bodrum in der Milta Marina oder in der Turgutreis Marina.<\/p>\n<p>Bei Touristen ist Yalikavak beliebt. Hier steht der sanfte Tourismus und Schutz der Umwelt im Vordergrund. Yachtcharter-Crews finden trotzdem eine hervorragend ausgebaute Infrastruktur vor. Der Blick \u00fcber die Bucht von den auf einem H\u00fcgel gelegenen Windm\u00fchlen aus ist fantastisch. <\/p>\n<p>Ausgangshafen f\u00fcr Yachtcharter-T\u00f6rns ab Yalikavak ist der Yachthafen Palmarina, bis Mittel 2011 noch unter dem Namen Port Bodrum Yalikavak Marina bekannt. Die Port Bodrum Marina wurde als Nobelhafen geplant, der auch Platz f\u00fcr Megayachten anbietet &#8211; dar\u00fcberhinaus Amphitheater, Badestrand, Hubschrauberlandeplatz, Tennisp\u00e4tze, Hotel, Tauch- und Segelschule etc.  Insgesamt gibt es in der Palmarina 450 Liegepl\u00e4tze an Schwimmstegen, Das \u00fcber 80.000 Quadratmeter gro\u00dfe Hafengel\u00e4nde besteht zur H\u00e4lfte aus Gr\u00fcnfl\u00e4chen mit vielen Dattelpalmen. F\u00fcr Yachtcharter-Crews gibt es die komplette Infrastruktur &#8211; die Palmarina in Yalikavak ist auch Port of Entry f\u00fcr Chartersegler, die aus Griechenland von den Inseln des Dodekanes kommen. <\/p>\n<p>In der Palmarina in Yalikavak auf der Bodrum-Halbinsel gibt es gro\u00dfe Charterflotten mit Segelyachten und Katamaranen aller gro\u00dfen Werften: Bavaria, Sun Odyssey von Jeanneau, Dufour, Beneteau Oceanis, Lagoon und Broadblue. Chartern Sie die beste Yacht f\u00fcr Ihren T\u00f6rn ab Yalikavak \/ Palmarina an der t\u00fcrkischen K\u00fcste online &#8211; oder fragen Sie uns nach Angeboten. Wir beraten Sie gern.<\/p>\n","protected":false},"excerpt":{"rendered":"<p>Yachtcharter Yalikavak &#8211; Palmarina \/ Bodrum Halbinsel Enge Gassen, wei\u00dfgestrichene H\u00e4user, Restaurants und Caf\u00e9s direkt am Hafen: Die Yachtcharter-Destination Yalikavak, eine kleine K\u00fcstenstadt im Nordwesten der Bodrum-Halbinsel mit einer gro\u00dfen Yachtcharter-Basis, hat sich den Charme eines typischen Fischerdorfes der t\u00fcrkischen \u00c4g\u00e4is bewahrt. Eine Hauptstra\u00dfe f\u00fchrt direkt nach Bodrum, das nur<\/p>\n","protected":false},"author":11,"featured_media":0,"parent":740,"menu_order":0,"comment_status":"open","ping_status":"open","template":"","meta":[],"aioseo_notices":[],"_links":{"self":[{"href":"https:\/\/yachtcharter-connection.com\/de\/wp-json\/wp\/v2\/pages\/2654"}],"collection":[{"href":"https:\/\/yachtcharter-connection.com\/de\/wp-json\/wp\/v2\/pages"}],"about":[{"href":"https:\/\/yachtcharter-connection.com\/de\/wp-json\/wp\/v2\/types\/page"}],"author":[{"embeddable":true,"href":"https:\/\/yachtcharter-connection.com\/de\/wp-json\/wp\/v2\/users\/11"}],"replies":[{"embeddable":true,"href":"https:\/\/yachtcharter-connection.com\/de\/wp-json\/wp\/v2\/comments?post=2654"}],"version-history":[{"count":1,"href":"https:\/\/yachtcharter-connection.com\/de\/wp-json\/wp\/v2\/pages\/2654\/revisions"}],"predecessor-version":[{"id":13061,"href":"https:\/\/yachtcharter-connection.com\/de\/wp-json\/wp\/v2\/pages\/2654\/revisions\/13061"}],"up":[{"embeddable":true,"href":"https:\/\/yachtcharter-connection.com\/de\/wp-json\/wp\/v2\/pages\/740"}],"wp:attachment":[{"href":"https:\/\/yachtcharter-connection.com\/de\/wp-json\/wp\/v2\/media?parent=2654"}],"curies":[{"name":"wp","href":"https:\/\/api.w.org\/{rel}","templated":true}]}}