{"id":2655,"date":"2011-03-14T05:08:50","date_gmt":"2011-03-14T05:08:50","guid":{"rendered":"http:\/\/yachtcharter-connection.com.w01e47c6.kasserver.com\/pittwater-604\/"},"modified":"2016-10-29T17:56:49","modified_gmt":"2016-10-29T15:56:49","slug":"pittwater-604","status":"publish","type":"page","link":"https:\/\/yachtcharter-connection.com\/de\/regionen\/ozeanien\/yachtcharter-sydney-und-umgebung\/pittwater-604\/","title":{"rendered":"Pittwater"},"content":{"rendered":"<h3>Yachtcharter Pittwater<\/h3>\n<p>\nPittwater liegt am Ende der Nordstr\u00e4nde von Sydney, eine Gegend, die f\u00fcr ihre nat\u00fcrliche Sch\u00f6nheit, ihre Urspr\u00fcnglichkeit und die hohe Lebensqualit\u00e4t bekannt ist.  Buschland, etwas Regenwald, ruhige Wasserwege, Klippen aus Sandstein und endlose Str\u00e4nde pr\u00e4gen die Landschaft, in Pittwater sind aber auch diverse High-Tech-Unternehmen beiheimatet. Urspr\u00fcnglich standen hier \u00fcberwiegend Ferienh\u00e4user. Die beliebtesten Str\u00e4nde sind Whale Beach und Palm Beach, die Careel Bay ist f\u00fcr ihre Mangroven und vielf\u00e4ltige Vogelwelt bekannt.<\/p>\n<p>\n<br type=\"_moz\" \/><\/p>\n","protected":false},"excerpt":{"rendered":"<p>Yachtcharter Pittwater Pittwater liegt am Ende der Nordstr\u00e4nde von Sydney, eine Gegend, die f\u00fcr ihre nat\u00fcrliche Sch\u00f6nheit, ihre Urspr\u00fcnglichkeit und die hohe Lebensqualit\u00e4t bekannt ist. Buschland, etwas Regenwald, ruhige Wasserwege, Klippen aus Sandstein und endlose Str\u00e4nde pr\u00e4gen die Landschaft, in Pittwater sind aber auch diverse High-Tech-Unternehmen beiheimatet. Urspr\u00fcnglich standen hier<\/p>\n","protected":false},"author":11,"featured_media":0,"parent":803,"menu_order":0,"comment_status":"open","ping_status":"open","template":"","meta":[],"aioseo_notices":[],"_links":{"self":[{"href":"https:\/\/yachtcharter-connection.com\/de\/wp-json\/wp\/v2\/pages\/2655"}],"collection":[{"href":"https:\/\/yachtcharter-connection.com\/de\/wp-json\/wp\/v2\/pages"}],"about":[{"href":"https:\/\/yachtcharter-connection.com\/de\/wp-json\/wp\/v2\/types\/page"}],"author":[{"embeddable":true,"href":"https:\/\/yachtcharter-connection.com\/de\/wp-json\/wp\/v2\/users\/11"}],"replies":[{"embeddable":true,"href":"https:\/\/yachtcharter-connection.com\/de\/wp-json\/wp\/v2\/comments?post=2655"}],"version-history":[{"count":1,"href":"https:\/\/yachtcharter-connection.com\/de\/wp-json\/wp\/v2\/pages\/2655\/revisions"}],"predecessor-version":[{"id":12872,"href":"https:\/\/yachtcharter-connection.com\/de\/wp-json\/wp\/v2\/pages\/2655\/revisions\/12872"}],"up":[{"embeddable":true,"href":"https:\/\/yachtcharter-connection.com\/de\/wp-json\/wp\/v2\/pages\/803"}],"wp:attachment":[{"href":"https:\/\/yachtcharter-connection.com\/de\/wp-json\/wp\/v2\/media?parent=2655"}],"curies":[{"name":"wp","href":"https:\/\/api.w.org\/{rel}","templated":true}]}}