{"id":2656,"date":"2011-03-14T05:08:51","date_gmt":"2011-03-14T05:08:51","guid":{"rendered":"http:\/\/yachtcharter-connection.com.w01e47c6.kasserver.com\/sydney-harbour-689\/"},"modified":"2016-10-29T17:56:50","modified_gmt":"2016-10-29T15:56:50","slug":"sydney-harbour-689","status":"publish","type":"page","link":"https:\/\/yachtcharter-connection.com\/de\/regionen\/ozeanien\/yachtcharter-sydney-und-umgebung\/sydney-harbour-689\/","title":{"rendered":"Sydney Harbour"},"content":{"rendered":"<h3>Yachtcharter Sydney Harbour<\/h3>\n<p>\n<img loading=\"lazy\" class=\"content-image\"  height=\"193\" width=\"300\" src=\"https:\/\/yachtcharter-connection.com\/wp-content\/uploads\/converted_files\/20615\/20615-5624e3991a8a0.jpg\" alt=\"Australien - Hafen von Sydney\" \/>Das Panorama von Sydneys Hafen mit der ber\u00fchmten Oper hast fast jeder schon mal gesehen, die America&rsquo;s Cup Regatten in der Bucht wurden auf der ganzen Welt beobachtet, das Sydney Hobart Race macht oft Schlagzeilen: Das Revier in Sydney und Umgebung wollen immer mehr Segler auf eigenem oder gechartertem Kiel entdecken, und gerade im europ\u00e4ischen Winter ist hier zur Freude der Yachtcharter-Crews Hochsommer. Die Hauptstadt von New South Wales gilt als eine der sch\u00f6nsten St\u00e4dte der Welt. Die K\u00fcste S\u00fcdostaustraliens ist es nicht minder: Auf einer L\u00e4nge von etwa 180 Meilen reihen sich zauberhafte Buchten und Fjorde aneinander. <\/p>\n<p><br type=\"_moz\" \/><\/p>\n","protected":false},"excerpt":{"rendered":"<p>Yachtcharter Sydney Harbour Das Panorama von Sydneys Hafen mit der ber\u00fchmten Oper hast fast jeder schon mal gesehen, die America&rsquo;s Cup Regatten in der Bucht wurden auf der ganzen Welt beobachtet, das Sydney Hobart Race macht oft Schlagzeilen: Das Revier in Sydney und Umgebung wollen immer mehr Segler auf eigenem<\/p>\n","protected":false},"author":11,"featured_media":0,"parent":803,"menu_order":0,"comment_status":"open","ping_status":"open","template":"","meta":[],"aioseo_notices":[],"_links":{"self":[{"href":"https:\/\/yachtcharter-connection.com\/de\/wp-json\/wp\/v2\/pages\/2656"}],"collection":[{"href":"https:\/\/yachtcharter-connection.com\/de\/wp-json\/wp\/v2\/pages"}],"about":[{"href":"https:\/\/yachtcharter-connection.com\/de\/wp-json\/wp\/v2\/types\/page"}],"author":[{"embeddable":true,"href":"https:\/\/yachtcharter-connection.com\/de\/wp-json\/wp\/v2\/users\/11"}],"replies":[{"embeddable":true,"href":"https:\/\/yachtcharter-connection.com\/de\/wp-json\/wp\/v2\/comments?post=2656"}],"version-history":[{"count":1,"href":"https:\/\/yachtcharter-connection.com\/de\/wp-json\/wp\/v2\/pages\/2656\/revisions"}],"predecessor-version":[{"id":12873,"href":"https:\/\/yachtcharter-connection.com\/de\/wp-json\/wp\/v2\/pages\/2656\/revisions\/12873"}],"up":[{"embeddable":true,"href":"https:\/\/yachtcharter-connection.com\/de\/wp-json\/wp\/v2\/pages\/803"}],"wp:attachment":[{"href":"https:\/\/yachtcharter-connection.com\/de\/wp-json\/wp\/v2\/media?parent=2656"}],"curies":[{"name":"wp","href":"https:\/\/api.w.org\/{rel}","templated":true}]}}