{"id":2657,"date":"2013-03-16T05:25:52","date_gmt":"2013-03-16T05:25:52","guid":{"rendered":"http:\/\/yachtcharter-connection.com.w01e47c6.kasserver.com\/airlie-beach-932\/"},"modified":"2016-10-29T17:56:43","modified_gmt":"2016-10-29T15:56:43","slug":"airlie-beach-932","status":"publish","type":"page","link":"https:\/\/yachtcharter-connection.com\/de\/regionen\/ozeanien\/yachtcharter-great-barrier-reef-whitsunday-islands\/airlie-beach-932\/","title":{"rendered":"Airlie Beach"},"content":{"rendered":"<h3>Yachtcharter Airlie Beach Whitsunday Islands<\/h3>\n<p>\n<img loading=\"lazy\" class=\"content-image\"  height=\"226\" width=\"300\" src=\"https:\/\/yachtcharter-connection.com\/wp-content\/uploads\/converted_files\/20617\/20617-5624e39a4bb05.jpg\" alt=\"Australien Sonnenuntergang Whitsunday Islands\" \/>Airlie Beach ist ein typischer Touristenort mit guter Verkehrsanbindung, eigenem Flughafen (Whitsunday Coast Airport), hervorragenden Versorgungsm\u00f6glichkeiten f\u00fcr die Segler von der Yachtcharter-Basis und viel Ausflugsverkehr: Viele Reiseb\u00fcros bieten Tagestouren zum Great Barrier Riff an, zahlreiche Tauchschulen offerieren ihre Kurse , viele Backpacker pr\u00e4gen das Stra\u00dfenbild, Ausflugsm\u00f6glichkeiten ins Hinterland k\u00f6nnen auch Yachtcharter-Crews, die ein bisschen mehr Zeit haben, nutzen. Nicht weit entfernt an der K\u00fcste liegen Shute Harbour und der Conway National Park.<br type=\"_moz\" \/><\/p>\n","protected":false},"excerpt":{"rendered":"<p>Yachtcharter Airlie Beach Whitsunday Islands Airlie Beach ist ein typischer Touristenort mit guter Verkehrsanbindung, eigenem Flughafen (Whitsunday Coast Airport), hervorragenden Versorgungsm\u00f6glichkeiten f\u00fcr die Segler von der Yachtcharter-Basis und viel Ausflugsverkehr: Viele Reiseb\u00fcros bieten Tagestouren zum Great Barrier Riff an, zahlreiche Tauchschulen offerieren ihre Kurse , viele Backpacker pr\u00e4gen das Stra\u00dfenbild,<\/p>\n","protected":false},"author":11,"featured_media":0,"parent":804,"menu_order":0,"comment_status":"open","ping_status":"open","template":"","meta":[],"aioseo_notices":[],"_links":{"self":[{"href":"https:\/\/yachtcharter-connection.com\/de\/wp-json\/wp\/v2\/pages\/2657"}],"collection":[{"href":"https:\/\/yachtcharter-connection.com\/de\/wp-json\/wp\/v2\/pages"}],"about":[{"href":"https:\/\/yachtcharter-connection.com\/de\/wp-json\/wp\/v2\/types\/page"}],"author":[{"embeddable":true,"href":"https:\/\/yachtcharter-connection.com\/de\/wp-json\/wp\/v2\/users\/11"}],"replies":[{"embeddable":true,"href":"https:\/\/yachtcharter-connection.com\/de\/wp-json\/wp\/v2\/comments?post=2657"}],"version-history":[{"count":1,"href":"https:\/\/yachtcharter-connection.com\/de\/wp-json\/wp\/v2\/pages\/2657\/revisions"}],"predecessor-version":[{"id":12863,"href":"https:\/\/yachtcharter-connection.com\/de\/wp-json\/wp\/v2\/pages\/2657\/revisions\/12863"}],"up":[{"embeddable":true,"href":"https:\/\/yachtcharter-connection.com\/de\/wp-json\/wp\/v2\/pages\/804"}],"wp:attachment":[{"href":"https:\/\/yachtcharter-connection.com\/de\/wp-json\/wp\/v2\/media?parent=2657"}],"curies":[{"name":"wp","href":"https:\/\/api.w.org\/{rel}","templated":true}]}}