{"id":2660,"date":"2011-03-14T05:08:51","date_gmt":"2011-03-14T05:08:51","guid":{"rendered":"http:\/\/yachtcharter-connection.com.w01e47c6.kasserver.com\/cardwell-304\/"},"modified":"2016-10-29T17:56:45","modified_gmt":"2016-10-29T15:56:45","slug":"cardwell-304","status":"publish","type":"page","link":"https:\/\/yachtcharter-connection.com\/de\/regionen\/ozeanien\/yachtcharter-great-barrier-reef-whitsunday-islands\/cardwell-304\/","title":{"rendered":"Cardwell"},"content":{"rendered":"<h3>Yachtcharter Cardwell<\/h3>\n<p><img loading=\"lazy\" class=\"content-image\"  height=\"424\" width=\"283\" src=\"https:\/\/yachtcharter-connection.com\/wp-content\/uploads\/converted_files\/20624\/20624-5624e39b8d585.jpg\" alt=\"Australien Great Barrier Riff\" \/>Cardwall, zwischen Townsville und Cairns gelegen, ist das Gateway nach Hinchinbrook Island, Australien gr\u00f6\u00dften Insel-Nationalpark &ndash; mit Palmenstr\u00e4nden, Wasserf\u00e4llen, Wasserwegen durch Mangroven-S\u00fcmpfe und tropischem Regenwald. Die Unterwasserwelt ist faszinierend, und auch viele Delphine sind hier zuhause. Von Hinchinson Island aus l\u00e4sst sich nicht nur das Great Barrier Reef erkunden, auch das australische Hinterland l\u00e4dt zu Ausfl\u00fcgen ein &ndash; zum Beispiel zu den gr\u00f6\u00dften Wasserf\u00e4llen Australiens, Wallaman Falls.<\/p>\n","protected":false},"excerpt":{"rendered":"<p>Yachtcharter Cardwell Cardwall, zwischen Townsville und Cairns gelegen, ist das Gateway nach Hinchinbrook Island, Australien gr\u00f6\u00dften Insel-Nationalpark &ndash; mit Palmenstr\u00e4nden, Wasserf\u00e4llen, Wasserwegen durch Mangroven-S\u00fcmpfe und tropischem Regenwald. Die Unterwasserwelt ist faszinierend, und auch viele Delphine sind hier zuhause. Von Hinchinson Island aus l\u00e4sst sich nicht nur das Great Barrier Reef<\/p>\n","protected":false},"author":11,"featured_media":0,"parent":804,"menu_order":0,"comment_status":"open","ping_status":"open","template":"","meta":[],"aioseo_notices":[],"_links":{"self":[{"href":"https:\/\/yachtcharter-connection.com\/de\/wp-json\/wp\/v2\/pages\/2660"}],"collection":[{"href":"https:\/\/yachtcharter-connection.com\/de\/wp-json\/wp\/v2\/pages"}],"about":[{"href":"https:\/\/yachtcharter-connection.com\/de\/wp-json\/wp\/v2\/types\/page"}],"author":[{"embeddable":true,"href":"https:\/\/yachtcharter-connection.com\/de\/wp-json\/wp\/v2\/users\/11"}],"replies":[{"embeddable":true,"href":"https:\/\/yachtcharter-connection.com\/de\/wp-json\/wp\/v2\/comments?post=2660"}],"version-history":[{"count":1,"href":"https:\/\/yachtcharter-connection.com\/de\/wp-json\/wp\/v2\/pages\/2660\/revisions"}],"predecessor-version":[{"id":12865,"href":"https:\/\/yachtcharter-connection.com\/de\/wp-json\/wp\/v2\/pages\/2660\/revisions\/12865"}],"up":[{"embeddable":true,"href":"https:\/\/yachtcharter-connection.com\/de\/wp-json\/wp\/v2\/pages\/804"}],"wp:attachment":[{"href":"https:\/\/yachtcharter-connection.com\/de\/wp-json\/wp\/v2\/media?parent=2660"}],"curies":[{"name":"wp","href":"https:\/\/api.w.org\/{rel}","templated":true}]}}