{"id":2663,"date":"2011-03-14T05:08:51","date_gmt":"2011-03-14T05:08:51","guid":{"rendered":"http:\/\/yachtcharter-connection.com.w01e47c6.kasserver.com\/townsville-222\/"},"modified":"2016-10-29T17:56:46","modified_gmt":"2016-10-29T15:56:46","slug":"townsville-222","status":"publish","type":"page","link":"https:\/\/yachtcharter-connection.com\/de\/regionen\/ozeanien\/yachtcharter-great-barrier-reef-whitsunday-islands\/townsville-222\/","title":{"rendered":"Townsville"},"content":{"rendered":"<h3>Yachtcharter Townsville<\/h3>\n<p>\n<img loading=\"lazy\" class=\"content-image\"  height=\"201\" width=\"300\" src=\"https:\/\/yachtcharter-connection.com\/wp-content\/uploads\/converted_files\/20630\/20630-5624e39e21c57.jpg\" alt=\"\" \/>Townsville ist die gr\u00f6\u00dfte Stadt im Norden von Queensland, das Great Barrier Reef, Magnetic Island mit Korallenriffs und gro\u00dfen Eukalyptusw\u00e4ldern und die Urlaubsinsel Orpheus Island liegen in unmittelbarer N\u00e4he. Fr\u00fcher war Townsville Goldgr\u00e4berstadt im Outback, heute locken verschiedene Touristenattraktionen wie etwa das Great Barrier Reef Wonderland im Kleinformat oder Ausfl\u00fcge in den australischen Outback.<\/p>\n","protected":false},"excerpt":{"rendered":"<p>Yachtcharter Townsville Townsville ist die gr\u00f6\u00dfte Stadt im Norden von Queensland, das Great Barrier Reef, Magnetic Island mit Korallenriffs und gro\u00dfen Eukalyptusw\u00e4ldern und die Urlaubsinsel Orpheus Island liegen in unmittelbarer N\u00e4he. Fr\u00fcher war Townsville Goldgr\u00e4berstadt im Outback, heute locken verschiedene Touristenattraktionen wie etwa das Great Barrier Reef Wonderland im Kleinformat<\/p>\n","protected":false},"author":11,"featured_media":0,"parent":804,"menu_order":0,"comment_status":"open","ping_status":"open","template":"","meta":[],"aioseo_notices":[],"_links":{"self":[{"href":"https:\/\/yachtcharter-connection.com\/de\/wp-json\/wp\/v2\/pages\/2663"}],"collection":[{"href":"https:\/\/yachtcharter-connection.com\/de\/wp-json\/wp\/v2\/pages"}],"about":[{"href":"https:\/\/yachtcharter-connection.com\/de\/wp-json\/wp\/v2\/types\/page"}],"author":[{"embeddable":true,"href":"https:\/\/yachtcharter-connection.com\/de\/wp-json\/wp\/v2\/users\/11"}],"replies":[{"embeddable":true,"href":"https:\/\/yachtcharter-connection.com\/de\/wp-json\/wp\/v2\/comments?post=2663"}],"version-history":[{"count":1,"href":"https:\/\/yachtcharter-connection.com\/de\/wp-json\/wp\/v2\/pages\/2663\/revisions"}],"predecessor-version":[{"id":12867,"href":"https:\/\/yachtcharter-connection.com\/de\/wp-json\/wp\/v2\/pages\/2663\/revisions\/12867"}],"up":[{"embeddable":true,"href":"https:\/\/yachtcharter-connection.com\/de\/wp-json\/wp\/v2\/pages\/804"}],"wp:attachment":[{"href":"https:\/\/yachtcharter-connection.com\/de\/wp-json\/wp\/v2\/media?parent=2663"}],"curies":[{"name":"wp","href":"https:\/\/api.w.org\/{rel}","templated":true}]}}