{"id":2672,"date":"2014-05-04T23:05:59","date_gmt":"2014-05-04T23:05:59","guid":{"rendered":"http:\/\/yachtcharter-connection.com.w01e47c6.kasserver.com\/gran-canaria-puerto-rico-295\/"},"modified":"2017-07-12T23:55:39","modified_gmt":"2017-07-12T21:55:39","slug":"gran-canaria-puerto-rico-295","status":"publish","type":"page","link":"https:\/\/yachtcharter-connection.com\/de\/regionen\/atlantik-westafrika\/yachtcharter-kanarische-inseln\/gran-canaria-puerto-rico-295\/","title":{"rendered":"Gran Canaria \/ Puerto Rico"},"content":{"rendered":"<h3>Yachtcharter Gran Canaria \/ Puerto Rico<\/h3>\n<p>\nIn Puerto Rico ist die Versorgung sehr gut, der Blick auf die an Bienenwaben erinnernden Apartmenth\u00e4user und Hotels eher weniger charmant. <\/p>\n<p>Von Puerto Rico es es nicht weit nach Pasito Blanco. Diese gesch\u00fctzte Marina mit Yachtclub liegt im S\u00fcden an der kr\u00e4ftig ausgebauten Costa Meloneras und am dichtesten an den Touristenzentren Maspalomas, Playa del Ingles und San Augustin.<\/p>\n<p><br type=\"_moz\" \/><\/p>\n","protected":false},"excerpt":{"rendered":"<p>Yachtcharter Gran Canaria \/ Puerto Rico In Puerto Rico ist die Versorgung sehr gut, der Blick auf die an Bienenwaben erinnernden Apartmenth\u00e4user und Hotels eher weniger charmant. Von Puerto Rico es es nicht weit nach Pasito Blanco. Diese gesch\u00fctzte Marina mit Yachtclub liegt im S\u00fcden an der kr\u00e4ftig ausgebauten Costa<\/p>\n","protected":false},"author":11,"featured_media":0,"parent":746,"menu_order":0,"comment_status":"open","ping_status":"open","template":"","meta":[],"aioseo_notices":[],"_links":{"self":[{"href":"https:\/\/yachtcharter-connection.com\/de\/wp-json\/wp\/v2\/pages\/2672"}],"collection":[{"href":"https:\/\/yachtcharter-connection.com\/de\/wp-json\/wp\/v2\/pages"}],"about":[{"href":"https:\/\/yachtcharter-connection.com\/de\/wp-json\/wp\/v2\/types\/page"}],"author":[{"embeddable":true,"href":"https:\/\/yachtcharter-connection.com\/de\/wp-json\/wp\/v2\/users\/11"}],"replies":[{"embeddable":true,"href":"https:\/\/yachtcharter-connection.com\/de\/wp-json\/wp\/v2\/comments?post=2672"}],"version-history":[{"count":1,"href":"https:\/\/yachtcharter-connection.com\/de\/wp-json\/wp\/v2\/pages\/2672\/revisions"}],"predecessor-version":[{"id":13543,"href":"https:\/\/yachtcharter-connection.com\/de\/wp-json\/wp\/v2\/pages\/2672\/revisions\/13543"}],"up":[{"embeddable":true,"href":"https:\/\/yachtcharter-connection.com\/de\/wp-json\/wp\/v2\/pages\/746"}],"wp:attachment":[{"href":"https:\/\/yachtcharter-connection.com\/de\/wp-json\/wp\/v2\/media?parent=2672"}],"curies":[{"name":"wp","href":"https:\/\/api.w.org\/{rel}","templated":true}]}}