{"id":2675,"date":"2015-08-10T05:53:47","date_gmt":"2015-08-10T05:53:47","guid":{"rendered":"http:\/\/yachtcharter-connection.com.w01e47c6.kasserver.com\/sardinien-la-maddalena\/"},"modified":"2018-03-16T22:35:17","modified_gmt":"2018-03-16T20:35:17","slug":"sardinien-la-maddalena","status":"publish","type":"page","link":"https:\/\/yachtcharter-connection.com\/de\/regionen\/mittelmeer\/yachtcharter-sardinien\/sardinien-la-maddalena\/","title":{"rendered":"Sardinien \/ La Maddalena"},"content":{"rendered":"<h1><strong>Yachtcharter Sardinien \/ La Maddalena<\/strong><\/h1>\n<p><img loading=\"lazy\" class=\"content-image\" src=\"https:\/\/yachtcharter-connection.com\/wp-content\/uploads\/converted_files\/20655\/20655-5624e3a6aa637.jpg\" alt=\"Yachtcharter_Sardinien_La_maddalena\" width=\"300\" height=\"200\" \/>La Maddalena ist eine der Hauptinseln des gleichnamigen Archipels, das bei Yachtcharter Sardinien-T\u00f6rns als eines der Highlights gilt. Auch der Hauptort der Insel tr\u00e4gt den gleichen Namen. Die Yachtcharter La Maddalena-Basis ist mit einer F\u00e4hre vom Festland Sardiniens von Palau aus erreichbar. Zur Nachbarinsel Caprera f\u00fchrt eine Br\u00fccke. Im lebhaften Ort finden Yachtcharter La Maddalena-Crews zahlreiche Shops, Restaurants und Cafes.<\/p>\n<p>Das gesamte Maddalena-Archipel mit seinen \u00fcber 62 Inseln \u2013 die sieben Hauptinseln sind neben La Maddalena Cabrera, Santa Maria, San Stefano, Razzoli, Spargi und Budelli &#8211; ist f\u00fcr Yachtcharter La Maddalena-Crews eine faszinierende Destination. Maddalena, urspr\u00fcnglich von Sch\u00e4fern besiedelt, diente lange als Flottenst\u00fctzpunkt f\u00fcr die italienische Marine und als Atom-U-Boot-Basis der US Navy, die 2008 aufgel\u00f6st wurde. Ein Teil der Anlagen wird heute noch vom Milit\u00e4r genutzt, die meisten wurden und werden aber f\u00fcr touristische Nutzung umgestaltet wie beispielsweise der Hafen Porto Arsenale zur Edelmarina mit elegantem Hotel und Yachtclub.<\/p>\n<p>Weitere H\u00e4fen in La Maddalena f\u00fcr Yachtcharter Sardinien-Crews sind der Stadthafen Cala Gavetta mit lebhaftem st\u00e4dtischen Ambiente sowie der Porto Turistico di Cala Camiciotto \u2013 der Fu\u00dfweg entlang der Promenade zur Stadt ist etwa zwei Kilometer entlang.<\/p>\n<h2>\n<strong><br \/>\nCharteryachten La Maddalena:<br \/>\n<\/strong><\/h2>\n<p>F\u00fcr Yachtcharter La Maddalena-Crews, die direkt im Archipel chartern m\u00f6chten, stehen Segelyachten in La Maddalena \u00fcberwiegen d von Beneteau sowie Segelkatamarane von Lagoon zur Verf\u00fcgung.<\/p>\n","protected":false},"excerpt":{"rendered":"<p>Yachtcharter Sardinien \/ La Maddalena La Maddalena ist eine der Hauptinseln des gleichnamigen Archipels, das bei Yachtcharter Sardinien-T\u00f6rns als eines der Highlights gilt. Auch der Hauptort der Insel tr\u00e4gt den gleichen Namen. Die Yachtcharter La Maddalena-Basis ist mit einer F\u00e4hre vom Festland Sardiniens von Palau aus erreichbar. Zur Nachbarinsel Caprera<\/p>\n","protected":false},"author":11,"featured_media":0,"parent":760,"menu_order":0,"comment_status":"open","ping_status":"open","template":"","meta":[],"aioseo_notices":[],"_links":{"self":[{"href":"https:\/\/yachtcharter-connection.com\/de\/wp-json\/wp\/v2\/pages\/2675"}],"collection":[{"href":"https:\/\/yachtcharter-connection.com\/de\/wp-json\/wp\/v2\/pages"}],"about":[{"href":"https:\/\/yachtcharter-connection.com\/de\/wp-json\/wp\/v2\/types\/page"}],"author":[{"embeddable":true,"href":"https:\/\/yachtcharter-connection.com\/de\/wp-json\/wp\/v2\/users\/11"}],"replies":[{"embeddable":true,"href":"https:\/\/yachtcharter-connection.com\/de\/wp-json\/wp\/v2\/comments?post=2675"}],"version-history":[{"count":3,"href":"https:\/\/yachtcharter-connection.com\/de\/wp-json\/wp\/v2\/pages\/2675\/revisions"}],"predecessor-version":[{"id":26159,"href":"https:\/\/yachtcharter-connection.com\/de\/wp-json\/wp\/v2\/pages\/2675\/revisions\/26159"}],"up":[{"embeddable":true,"href":"https:\/\/yachtcharter-connection.com\/de\/wp-json\/wp\/v2\/pages\/760"}],"wp:attachment":[{"href":"https:\/\/yachtcharter-connection.com\/de\/wp-json\/wp\/v2\/media?parent=2675"}],"curies":[{"name":"wp","href":"https:\/\/api.w.org\/{rel}","templated":true}]}}