{"id":2677,"date":"2013-12-17T05:26:53","date_gmt":"2013-12-17T05:26:53","guid":{"rendered":"http:\/\/yachtcharter-connection.com.w01e47c6.kasserver.com\/neu-kaledonien-noumea\/"},"modified":"2016-10-29T17:56:47","modified_gmt":"2016-10-29T15:56:47","slug":"neu-kaledonien-noumea","status":"publish","type":"page","link":"https:\/\/yachtcharter-connection.com\/de\/regionen\/ozeanien\/yachtcharter-insel-neu-kaledonien\/neu-kaledonien-noumea\/","title":{"rendered":"Neu Kaledonien \/ Noumea"},"content":{"rendered":"<h3>Yachtcharter Neukaledonien \/ Noumea<\/h3>\n<p>\n<img loading=\"lazy\" class=\"content-image\"  width=\"300\" height=\"225\" alt=\"Yachtcharter Neukaledonien - Noumea- Grande Terre\" src=\"https:\/\/yachtcharter-connection.com\/wp-content\/uploads\/converted_files\/20659\/20659-5624e3aa40b1c.jpg\" \/>Noumea ist die Hauptstadt Neukaledoniens, fast zwei Drittel der rund 91000 Einwohner leben hier. Die Melanesier oder Kanaken machen etwa 45 Prozent der Bev\u00f6lkerung aus. Von Noumeas Inlands-Airport Magenta aus sind fast alle Inseln direkt erreichbar. Yachtcharter-Crews finden in den drei Marinas Cercle Nautique Cal\u00e9donien, Port Moselle und Port du Sud und der Umgebung alles, was sie f\u00fcr ihren Yachtcharter-T\u00f6rn brauchen. <\/p>\n<p>Von der Yachtcharter-Basis in Noumea aus bieten wir eine kleine Yachtcharter-Flotte mit Katamaranen und Monohulls an &#8211; fragen Sie uns nach Yachtcharter-Angeboten. <\/p>\n","protected":false},"excerpt":{"rendered":"<p>Yachtcharter Neukaledonien \/ Noumea Noumea ist die Hauptstadt Neukaledoniens, fast zwei Drittel der rund 91000 Einwohner leben hier. Die Melanesier oder Kanaken machen etwa 45 Prozent der Bev\u00f6lkerung aus. Von Noumeas Inlands-Airport Magenta aus sind fast alle Inseln direkt erreichbar. Yachtcharter-Crews finden in den drei Marinas Cercle Nautique Cal\u00e9donien, Port<\/p>\n","protected":false},"author":11,"featured_media":0,"parent":751,"menu_order":0,"comment_status":"open","ping_status":"open","template":"","meta":[],"aioseo_notices":[],"_links":{"self":[{"href":"https:\/\/yachtcharter-connection.com\/de\/wp-json\/wp\/v2\/pages\/2677"}],"collection":[{"href":"https:\/\/yachtcharter-connection.com\/de\/wp-json\/wp\/v2\/pages"}],"about":[{"href":"https:\/\/yachtcharter-connection.com\/de\/wp-json\/wp\/v2\/types\/page"}],"author":[{"embeddable":true,"href":"https:\/\/yachtcharter-connection.com\/de\/wp-json\/wp\/v2\/users\/11"}],"replies":[{"embeddable":true,"href":"https:\/\/yachtcharter-connection.com\/de\/wp-json\/wp\/v2\/comments?post=2677"}],"version-history":[{"count":1,"href":"https:\/\/yachtcharter-connection.com\/de\/wp-json\/wp\/v2\/pages\/2677\/revisions"}],"predecessor-version":[{"id":12869,"href":"https:\/\/yachtcharter-connection.com\/de\/wp-json\/wp\/v2\/pages\/2677\/revisions\/12869"}],"up":[{"embeddable":true,"href":"https:\/\/yachtcharter-connection.com\/de\/wp-json\/wp\/v2\/pages\/751"}],"wp:attachment":[{"href":"https:\/\/yachtcharter-connection.com\/de\/wp-json\/wp\/v2\/media?parent=2677"}],"curies":[{"name":"wp","href":"https:\/\/api.w.org\/{rel}","templated":true}]}}