{"id":2679,"date":"2015-08-10T05:53:48","date_gmt":"2015-08-10T05:53:48","guid":{"rendered":"http:\/\/yachtcharter-connection.com.w01e47c6.kasserver.com\/stockholm-liding%c3%b6-703\/"},"modified":"2017-07-14T01:02:07","modified_gmt":"2017-07-13T23:02:07","slug":"stockholm-lidingoe-703","status":"publish","type":"page","link":"https:\/\/yachtcharter-connection.com\/de\/regionen\/ostsee\/yachtcharter-ost-schweden-finnland\/stockholm-lidingoe-703\/","title":{"rendered":"Stockholm \/ Liding\u00f6"},"content":{"rendered":"<h3>Yachtcharter Stockholm \/ Liding\u00f6<\/h3>\n<p>Liding\u00f6 liegt n\u00f6rdlich von Stockholm in der Region Uppland. Die von den Wikingern gegr\u00fcndete Stadt geh\u00f6rt zur Provinz Stockholm. Die meisten der \u00fcber 30.000 Einwohner pendeln zum Arbeiten mit der Vorortbahn nach Stockholm. Die Gemeinde liegt auf Inseln und ist mit zwei Br\u00fccken mit dem Festland verbunden.<\/p>\n<p>\n<br type=\"_moz\" \/><\/p>\n","protected":false},"excerpt":{"rendered":"<p>Yachtcharter Stockholm \/ Liding\u00f6 Liding\u00f6 liegt n\u00f6rdlich von Stockholm in der Region Uppland. Die von den Wikingern gegr\u00fcndete Stadt geh\u00f6rt zur Provinz Stockholm. Die meisten der \u00fcber 30.000 Einwohner pendeln zum Arbeiten mit der Vorortbahn nach Stockholm. Die Gemeinde liegt auf Inseln und ist mit zwei Br\u00fccken mit dem Festland<\/p>\n","protected":false},"author":11,"featured_media":0,"parent":748,"menu_order":0,"comment_status":"open","ping_status":"open","template":"","meta":[],"aioseo_notices":[],"_links":{"self":[{"href":"https:\/\/yachtcharter-connection.com\/de\/wp-json\/wp\/v2\/pages\/2679"}],"collection":[{"href":"https:\/\/yachtcharter-connection.com\/de\/wp-json\/wp\/v2\/pages"}],"about":[{"href":"https:\/\/yachtcharter-connection.com\/de\/wp-json\/wp\/v2\/types\/page"}],"author":[{"embeddable":true,"href":"https:\/\/yachtcharter-connection.com\/de\/wp-json\/wp\/v2\/users\/11"}],"replies":[{"embeddable":true,"href":"https:\/\/yachtcharter-connection.com\/de\/wp-json\/wp\/v2\/comments?post=2679"}],"version-history":[{"count":1,"href":"https:\/\/yachtcharter-connection.com\/de\/wp-json\/wp\/v2\/pages\/2679\/revisions"}],"predecessor-version":[{"id":12800,"href":"https:\/\/yachtcharter-connection.com\/de\/wp-json\/wp\/v2\/pages\/2679\/revisions\/12800"}],"up":[{"embeddable":true,"href":"https:\/\/yachtcharter-connection.com\/de\/wp-json\/wp\/v2\/pages\/748"}],"wp:attachment":[{"href":"https:\/\/yachtcharter-connection.com\/de\/wp-json\/wp\/v2\/media?parent=2679"}],"curies":[{"name":"wp","href":"https:\/\/api.w.org\/{rel}","templated":true}]}}