{"id":2680,"date":"2015-08-10T05:53:48","date_gmt":"2015-08-10T05:53:48","guid":{"rendered":"http:\/\/yachtcharter-connection.com.w01e47c6.kasserver.com\/fehmarn-burgtiefe-370\/"},"modified":"2017-07-14T01:33:03","modified_gmt":"2017-07-13T23:33:03","slug":"fehmarn-burgtiefe-370","status":"publish","type":"page","link":"https:\/\/yachtcharter-connection.com\/de\/regionen\/ostsee\/yachtcharter-deutsche-ostsee\/fehmarn-burgtiefe-370\/","title":{"rendered":"Fehmarn \/ Burgtiefe"},"content":{"rendered":"<h3>Yachtcharter Ostsee &#8211; Fehmarn \/ Burgtiefe<\/h3>\n<p>\n<img loading=\"lazy\" class=\"content-image\"  width=\"300\" height=\"225\" alt=\"Ostsee - Burg auf Fehmarn\" src=\"https:\/\/yachtcharter-connection.com\/wp-content\/uploads\/converted_files\/20665\/20665-5624e3ab7370a.jpg\" \/>Der Yachtcharter-Hafen in Burgtiefe auf der Insel Fehmarn ist schon deswegen au\u00dfergew\u00f6hnlich, weil er rund ist &ndash; das sorgt nicht nur f\u00fcr ein optisches Highlight, sondern auch f\u00fcr viel Abstand zu den anderen Stegen und Platz zum Man\u00f6vrieren. Yachtcharter-Crews liegen hier im &bdquo;Burger Binnensee&ldquo; \u00e4u\u00dferst gesch\u00fctzt. Mit sportlichen Aktivit\u00e4ten wie Schwimmen, Beach-Volleyball oder Tennis k\u00f6nnen sich die Yachtcharter-Urlauber am nahe gelegenen S\u00fcdstrand austoben. Zum Bummeln und Dinieren l\u00e4dt der malerische Ortskern von Burg ein. <\/p>\n<p>Und die Yachtcharter-Marina bietet alles, was das Seglerherz begehrt, bis hin zu Spielplatz und W-Lan &ndash; und nat\u00fcrlich ein Super-Yachtcharter-Angebot, unter anderen mit Segelyachten der Typen X-Yachts, Elan, Salona, Dufour und First.<\/p>\n<h3>Charteryachten Burgtiefe \/ Fehmarn<\/h3>\n<p>\nF\u00fcr Ostsee-T\u00f6rns steht eine grosse Flotte von Segelyachten in Burgtiefe zur Verf\u00fcgung, darunter unter anderem Yachten von X-Yachts, Salona und Elan. <\/p>\n","protected":false},"excerpt":{"rendered":"<p>Yachtcharter Ostsee &#8211; Fehmarn \/ Burgtiefe Der Yachtcharter-Hafen in Burgtiefe auf der Insel Fehmarn ist schon deswegen au\u00dfergew\u00f6hnlich, weil er rund ist &ndash; das sorgt nicht nur f\u00fcr ein optisches Highlight, sondern auch f\u00fcr viel Abstand zu den anderen Stegen und Platz zum Man\u00f6vrieren. Yachtcharter-Crews liegen hier im &bdquo;Burger Binnensee&ldquo;<\/p>\n","protected":false},"author":11,"featured_media":0,"parent":747,"menu_order":0,"comment_status":"open","ping_status":"open","template":"","meta":[],"aioseo_notices":[],"_links":{"self":[{"href":"https:\/\/yachtcharter-connection.com\/de\/wp-json\/wp\/v2\/pages\/2680"}],"collection":[{"href":"https:\/\/yachtcharter-connection.com\/de\/wp-json\/wp\/v2\/pages"}],"about":[{"href":"https:\/\/yachtcharter-connection.com\/de\/wp-json\/wp\/v2\/types\/page"}],"author":[{"embeddable":true,"href":"https:\/\/yachtcharter-connection.com\/de\/wp-json\/wp\/v2\/users\/11"}],"replies":[{"embeddable":true,"href":"https:\/\/yachtcharter-connection.com\/de\/wp-json\/wp\/v2\/comments?post=2680"}],"version-history":[{"count":1,"href":"https:\/\/yachtcharter-connection.com\/de\/wp-json\/wp\/v2\/pages\/2680\/revisions"}],"predecessor-version":[{"id":13099,"href":"https:\/\/yachtcharter-connection.com\/de\/wp-json\/wp\/v2\/pages\/2680\/revisions\/13099"}],"up":[{"embeddable":true,"href":"https:\/\/yachtcharter-connection.com\/de\/wp-json\/wp\/v2\/pages\/747"}],"wp:attachment":[{"href":"https:\/\/yachtcharter-connection.com\/de\/wp-json\/wp\/v2\/media?parent=2680"}],"curies":[{"name":"wp","href":"https:\/\/api.w.org\/{rel}","templated":true}]}}