{"id":2693,"date":"2015-06-17T05:57:31","date_gmt":"2015-06-17T05:57:31","guid":{"rendered":"http:\/\/yachtcharter-connection.com.w01e47c6.kasserver.com\/g%c3%b6teborg-887\/"},"modified":"2016-10-29T17:56:16","modified_gmt":"2016-10-29T15:56:16","slug":"g%c3%b6teborg-887","status":"publish","type":"page","link":"https:\/\/yachtcharter-connection.com\/de\/regionen\/ostsee\/yachtcharter-west-schweden-bohusl%c3%a4n\/g%c3%b6teborg-887\/","title":{"rendered":"G\u00f6teborg"},"content":{"rendered":"<h3>Yachtcharter G\u00f6teborg<\/h3>\n<p>\nG\u00f6teborg an der schwedischen Westk\u00fcste ist die zweitgr\u00f6\u00dfte Stadt Schwedens. Einige Stadtteile liegen n\u00f6rdlich des Flusses G\u00f6taalv, der hier ins Kattegat m\u00fcndet, auf der Insel Hisingen, die von allen schwedischen Insel die meisten Bewohner hat &ndash; von der Fl\u00e4che her ist Hisingen die viergr\u00f6\u00dfte Insel des Landes. Im Norden des Hafens liegen zwei Inseln: Orust ist f\u00fcr hochwertigen Yachtbau weltber\u00fchmt, Tj\u00f6rn ist Ausgangspunkt f\u00fcr Chartert\u00f6rns, ebenso wie weitere Yachth\u00e4fen in und um G\u00f6teborg wie die Marina Eriksberg, Hinsholmen und Saltholmen, Klippan, H\u00f6n\u00f6 R\u00f6d. Lerkil und Lindholmen. G\u00f6teborg hat zwei internationale Flugh\u00e4fen und ist f\u00fcr Charter-Skipper leicht erreichbar.<br \/>\n<br type=\"_moz\" \/><\/p>\n","protected":false},"excerpt":{"rendered":"<p>Yachtcharter G\u00f6teborg G\u00f6teborg an der schwedischen Westk\u00fcste ist die zweitgr\u00f6\u00dfte Stadt Schwedens. Einige Stadtteile liegen n\u00f6rdlich des Flusses G\u00f6taalv, der hier ins Kattegat m\u00fcndet, auf der Insel Hisingen, die von allen schwedischen Insel die meisten Bewohner hat &ndash; von der Fl\u00e4che her ist Hisingen die viergr\u00f6\u00dfte Insel des Landes. Im<\/p>\n","protected":false},"author":11,"featured_media":0,"parent":756,"menu_order":0,"comment_status":"open","ping_status":"open","template":"","meta":[],"aioseo_notices":[],"_links":{"self":[{"href":"https:\/\/yachtcharter-connection.com\/de\/wp-json\/wp\/v2\/pages\/2693"}],"collection":[{"href":"https:\/\/yachtcharter-connection.com\/de\/wp-json\/wp\/v2\/pages"}],"about":[{"href":"https:\/\/yachtcharter-connection.com\/de\/wp-json\/wp\/v2\/types\/page"}],"author":[{"embeddable":true,"href":"https:\/\/yachtcharter-connection.com\/de\/wp-json\/wp\/v2\/users\/11"}],"replies":[{"embeddable":true,"href":"https:\/\/yachtcharter-connection.com\/de\/wp-json\/wp\/v2\/comments?post=2693"}],"version-history":[{"count":1,"href":"https:\/\/yachtcharter-connection.com\/de\/wp-json\/wp\/v2\/pages\/2693\/revisions"}],"predecessor-version":[{"id":12814,"href":"https:\/\/yachtcharter-connection.com\/de\/wp-json\/wp\/v2\/pages\/2693\/revisions\/12814"}],"up":[{"embeddable":true,"href":"https:\/\/yachtcharter-connection.com\/de\/wp-json\/wp\/v2\/pages\/756"}],"wp:attachment":[{"href":"https:\/\/yachtcharter-connection.com\/de\/wp-json\/wp\/v2\/media?parent=2693"}],"curies":[{"name":"wp","href":"https:\/\/api.w.org\/{rel}","templated":true}]}}