{"id":2706,"date":"2011-03-14T05:09:56","date_gmt":"2011-03-14T05:09:56","guid":{"rendered":"http:\/\/yachtcharter-connection.com.w01e47c6.kasserver.com\/tj%c3%b6rn-bj%c3%b6rholmen-858\/"},"modified":"2016-10-29T17:56:38","modified_gmt":"2016-10-29T15:56:38","slug":"tj%c3%b6rn-bj%c3%b6rholmen-858","status":"publish","type":"page","link":"https:\/\/yachtcharter-connection.com\/de\/regionen\/ostsee\/yachtcharter-west-schweden-bohusl%c3%a4n\/tj%c3%b6rn-bj%c3%b6rholmen-858\/","title":{"rendered":"Tj\u00f6rn \/ Bj\u00f6rholmen"},"content":{"rendered":"<h3>Yachtcharter Tj\u00f6rn<\/h3>\n<p>\nTj\u00f6rn, im Norden von G\u00f6teborg gelegen, ist die f\u00fcnftgr\u00f6\u00dfte Insel Schwedens mit \u00fcber 15.000 Einwohnern und per Br\u00fccken mit dem Festland und der Nachbarinsel Orust verbunden. Fischerei und Bootsbau waren lange die wesentlichen Wirtschaftszweige, Reedereien und Werften haben hier ihren Sitz. Im Sommer kommen viele Urlauber nach Tj\u00f6rn &ndash; immer im August starten etwa 1300 Yachten zur knapp 30 Meilen langen Tj\u00f6rn-runt-Segelregatta. Beliebte Ziele f\u00fcr Segler sind auch die vorgelagerten Inseln Astol und H\u00e4ron.  <\/p>\n<p><br type=\"_moz\" \/><\/p>\n","protected":false},"excerpt":{"rendered":"<p>Yachtcharter Tj\u00f6rn Tj\u00f6rn, im Norden von G\u00f6teborg gelegen, ist die f\u00fcnftgr\u00f6\u00dfte Insel Schwedens mit \u00fcber 15.000 Einwohnern und per Br\u00fccken mit dem Festland und der Nachbarinsel Orust verbunden. Fischerei und Bootsbau waren lange die wesentlichen Wirtschaftszweige, Reedereien und Werften haben hier ihren Sitz. Im Sommer kommen viele Urlauber nach Tj\u00f6rn<\/p>\n","protected":false},"author":11,"featured_media":0,"parent":756,"menu_order":0,"comment_status":"open","ping_status":"open","template":"","meta":[],"aioseo_notices":[],"_links":{"self":[{"href":"https:\/\/yachtcharter-connection.com\/de\/wp-json\/wp\/v2\/pages\/2706"}],"collection":[{"href":"https:\/\/yachtcharter-connection.com\/de\/wp-json\/wp\/v2\/pages"}],"about":[{"href":"https:\/\/yachtcharter-connection.com\/de\/wp-json\/wp\/v2\/types\/page"}],"author":[{"embeddable":true,"href":"https:\/\/yachtcharter-connection.com\/de\/wp-json\/wp\/v2\/users\/11"}],"replies":[{"embeddable":true,"href":"https:\/\/yachtcharter-connection.com\/de\/wp-json\/wp\/v2\/comments?post=2706"}],"version-history":[{"count":1,"href":"https:\/\/yachtcharter-connection.com\/de\/wp-json\/wp\/v2\/pages\/2706\/revisions"}],"predecessor-version":[{"id":12855,"href":"https:\/\/yachtcharter-connection.com\/de\/wp-json\/wp\/v2\/pages\/2706\/revisions\/12855"}],"up":[{"embeddable":true,"href":"https:\/\/yachtcharter-connection.com\/de\/wp-json\/wp\/v2\/pages\/756"}],"wp:attachment":[{"href":"https:\/\/yachtcharter-connection.com\/de\/wp-json\/wp\/v2\/media?parent=2706"}],"curies":[{"name":"wp","href":"https:\/\/api.w.org\/{rel}","templated":true}]}}