{"id":2708,"date":"2012-05-09T05:51:43","date_gmt":"2012-05-09T05:51:43","guid":{"rendered":"http:\/\/yachtcharter-connection.com.w01e47c6.kasserver.com\/kungshamn-717\/"},"modified":"2016-10-29T17:56:32","modified_gmt":"2016-10-29T15:56:32","slug":"kungshamn-717","status":"publish","type":"page","link":"https:\/\/yachtcharter-connection.com\/de\/regionen\/ostsee\/yachtcharter-west-schweden-bohusl%c3%a4n\/kungshamn-717\/","title":{"rendered":"Kungshamn"},"content":{"rendered":"<h3>Yachtcharter Kungshamn<\/h3>\n<p>\nKungshamn an der Westk\u00fcste kurz vor der norwegischen Grenze liegt auf einer Halbinsel. Fischerei wurde hier immer h\u00f6chst intensiv betrieben, heute hat eher die Fischverarbeitung Bedeutung. Inzwischen hat der Tourismus Priorit\u00e4t, viele Stege wurden gebaut, um Urlaubern den Zugang zum Meer und Seglern den Zugang zum Land zu erleichtern. In Kungshamn finden Charter-Crews mehrere Marinas vor.<\/p>\n<p><br type=\"_moz\" \/><\/p>\n","protected":false},"excerpt":{"rendered":"<p>Yachtcharter Kungshamn Kungshamn an der Westk\u00fcste kurz vor der norwegischen Grenze liegt auf einer Halbinsel. Fischerei wurde hier immer h\u00f6chst intensiv betrieben, heute hat eher die Fischverarbeitung Bedeutung. Inzwischen hat der Tourismus Priorit\u00e4t, viele Stege wurden gebaut, um Urlaubern den Zugang zum Meer und Seglern den Zugang zum Land zu<\/p>\n","protected":false},"author":11,"featured_media":0,"parent":756,"menu_order":0,"comment_status":"open","ping_status":"open","template":"","meta":[],"aioseo_notices":[],"_links":{"self":[{"href":"https:\/\/yachtcharter-connection.com\/de\/wp-json\/wp\/v2\/pages\/2708"}],"collection":[{"href":"https:\/\/yachtcharter-connection.com\/de\/wp-json\/wp\/v2\/pages"}],"about":[{"href":"https:\/\/yachtcharter-connection.com\/de\/wp-json\/wp\/v2\/types\/page"}],"author":[{"embeddable":true,"href":"https:\/\/yachtcharter-connection.com\/de\/wp-json\/wp\/v2\/users\/11"}],"replies":[{"embeddable":true,"href":"https:\/\/yachtcharter-connection.com\/de\/wp-json\/wp\/v2\/comments?post=2708"}],"version-history":[{"count":1,"href":"https:\/\/yachtcharter-connection.com\/de\/wp-json\/wp\/v2\/pages\/2708\/revisions"}],"predecessor-version":[{"id":12844,"href":"https:\/\/yachtcharter-connection.com\/de\/wp-json\/wp\/v2\/pages\/2708\/revisions\/12844"}],"up":[{"embeddable":true,"href":"https:\/\/yachtcharter-connection.com\/de\/wp-json\/wp\/v2\/pages\/756"}],"wp:attachment":[{"href":"https:\/\/yachtcharter-connection.com\/de\/wp-json\/wp\/v2\/media?parent=2708"}],"curies":[{"name":"wp","href":"https:\/\/api.w.org\/{rel}","templated":true}]}}