{"id":2709,"date":"2011-03-14T05:09:59","date_gmt":"2011-03-14T05:09:59","guid":{"rendered":"http:\/\/yachtcharter-connection.com.w01e47c6.kasserver.com\/hua-hin-399\/"},"modified":"2016-10-29T18:13:32","modified_gmt":"2016-10-29T16:13:32","slug":"hua-hin-399","status":"publish","type":"page","link":"https:\/\/yachtcharter-connection.com\/de\/regionen\/indischer-ozean\/yachtcharter-thailand-burma\/hua-hin-399\/","title":{"rendered":"Hua Hin"},"content":{"rendered":"<h3>Yachtcharter Hua Hin<\/h3>\n<p>\n<img loading=\"lazy\" class=\"content-image\"  width=\"300\" height=\"225\" src=\"https:\/\/yachtcharter-connection.com\/wp-content\/uploads\/converted_files\/20726\/20726-5624e3ae11c67.jpg\" alt=\"\" \/>Hua Hin ist einer der beliebtesten Ferienorte Thailands &#8211; auch die k\u00f6nigliche Familie verbringt hier ihre Ferien und genie\u00dft die langen Sandstr\u00e4nde, ebenso wie die Touristen aus dem Ausland. Das St\u00e4dtchen selbst zeigt viel typische Atmpsph\u00e4re mit sch\u00f6nen Tempeln und malerischen Gassen.<\/p>\n","protected":false},"excerpt":{"rendered":"<p>Yachtcharter Hua Hin Hua Hin ist einer der beliebtesten Ferienorte Thailands &#8211; auch die k\u00f6nigliche Familie verbringt hier ihre Ferien und genie\u00dft die langen Sandstr\u00e4nde, ebenso wie die Touristen aus dem Ausland. Das St\u00e4dtchen selbst zeigt viel typische Atmpsph\u00e4re mit sch\u00f6nen Tempeln und malerischen Gassen.<\/p>\n","protected":false},"author":11,"featured_media":0,"parent":752,"menu_order":0,"comment_status":"open","ping_status":"open","template":"","meta":[],"aioseo_notices":[],"_links":{"self":[{"href":"https:\/\/yachtcharter-connection.com\/de\/wp-json\/wp\/v2\/pages\/2709"}],"collection":[{"href":"https:\/\/yachtcharter-connection.com\/de\/wp-json\/wp\/v2\/pages"}],"about":[{"href":"https:\/\/yachtcharter-connection.com\/de\/wp-json\/wp\/v2\/types\/page"}],"author":[{"embeddable":true,"href":"https:\/\/yachtcharter-connection.com\/de\/wp-json\/wp\/v2\/users\/11"}],"replies":[{"embeddable":true,"href":"https:\/\/yachtcharter-connection.com\/de\/wp-json\/wp\/v2\/comments?post=2709"}],"version-history":[{"count":1,"href":"https:\/\/yachtcharter-connection.com\/de\/wp-json\/wp\/v2\/pages\/2709\/revisions"}],"predecessor-version":[{"id":13130,"href":"https:\/\/yachtcharter-connection.com\/de\/wp-json\/wp\/v2\/pages\/2709\/revisions\/13130"}],"up":[{"embeddable":true,"href":"https:\/\/yachtcharter-connection.com\/de\/wp-json\/wp\/v2\/pages\/752"}],"wp:attachment":[{"href":"https:\/\/yachtcharter-connection.com\/de\/wp-json\/wp\/v2\/media?parent=2709"}],"curies":[{"name":"wp","href":"https:\/\/api.w.org\/{rel}","templated":true}]}}