{"id":2715,"date":"2011-03-14T05:09:56","date_gmt":"2011-03-14T05:09:56","guid":{"rendered":"http:\/\/yachtcharter-connection.com.w01e47c6.kasserver.com\/stockholm-nyk%c3%b6ping-752\/"},"modified":"2016-10-29T17:56:08","modified_gmt":"2016-10-29T15:56:08","slug":"stockholm-nyk%c3%b6ping-752","status":"publish","type":"page","link":"https:\/\/yachtcharter-connection.com\/de\/regionen\/ostsee\/yachtcharter-ost-schweden-finnland\/stockholm-nyk%c3%b6ping-752\/","title":{"rendered":"Stockholm \/ Nyk\u00f6ping"},"content":{"rendered":"<h3>Yachtcharter Stockholm \/ Nyk\u00f6ping<\/h3>\n<p>\nNyk\u00f6ping in der Provinz S\u00f6dermanland liegt s\u00fcdlich der Hauptstadt nahe bei Stockholms Flughafen Svaska. Neben guten Einkaufsm\u00f6glichkeiten gibt es zahlreiche Restaurants und Cafes, Kunstgalerien und Designer-Shols in der Storgatan und in Hafenn\u00e4he.<\/p>\n<p><br type=\"_moz\" \/><\/p>\n","protected":false},"excerpt":{"rendered":"<p>Yachtcharter Stockholm \/ Nyk\u00f6ping Nyk\u00f6ping in der Provinz S\u00f6dermanland liegt s\u00fcdlich der Hauptstadt nahe bei Stockholms Flughafen Svaska. Neben guten Einkaufsm\u00f6glichkeiten gibt es zahlreiche Restaurants und Cafes, Kunstgalerien und Designer-Shols in der Storgatan und in Hafenn\u00e4he.<\/p>\n","protected":false},"author":11,"featured_media":0,"parent":748,"menu_order":0,"comment_status":"open","ping_status":"open","template":"","meta":[],"aioseo_notices":[],"_links":{"self":[{"href":"https:\/\/yachtcharter-connection.com\/de\/wp-json\/wp\/v2\/pages\/2715"}],"collection":[{"href":"https:\/\/yachtcharter-connection.com\/de\/wp-json\/wp\/v2\/pages"}],"about":[{"href":"https:\/\/yachtcharter-connection.com\/de\/wp-json\/wp\/v2\/types\/page"}],"author":[{"embeddable":true,"href":"https:\/\/yachtcharter-connection.com\/de\/wp-json\/wp\/v2\/users\/11"}],"replies":[{"embeddable":true,"href":"https:\/\/yachtcharter-connection.com\/de\/wp-json\/wp\/v2\/comments?post=2715"}],"version-history":[{"count":1,"href":"https:\/\/yachtcharter-connection.com\/de\/wp-json\/wp\/v2\/pages\/2715\/revisions"}],"predecessor-version":[{"id":12801,"href":"https:\/\/yachtcharter-connection.com\/de\/wp-json\/wp\/v2\/pages\/2715\/revisions\/12801"}],"up":[{"embeddable":true,"href":"https:\/\/yachtcharter-connection.com\/de\/wp-json\/wp\/v2\/pages\/748"}],"wp:attachment":[{"href":"https:\/\/yachtcharter-connection.com\/de\/wp-json\/wp\/v2\/media?parent=2715"}],"curies":[{"name":"wp","href":"https:\/\/api.w.org\/{rel}","templated":true}]}}