{"id":2724,"date":"2014-10-07T05:40:42","date_gmt":"2014-10-07T05:40:42","guid":{"rendered":"http:\/\/yachtcharter-connection.com.w01e47c6.kasserver.com\/loftahammar-v%c3%a4stervik-631\/"},"modified":"2016-10-29T18:05:07","modified_gmt":"2016-10-29T16:05:07","slug":"loftahammar-v%c3%a4stervik-631","status":"publish","type":"page","link":"https:\/\/yachtcharter-connection.com\/de\/regionen\/ostsee\/yachtcharter-ost-schweden-finnland\/loftahammar-v%c3%a4stervik-631\/","title":{"rendered":"Loftahammar \/ V\u00e4stervik"},"content":{"rendered":"<h3>Yachtcharter Loftahammar \/ V\u00e4stervik<\/h3>\n<p>\nLoftahammar ist der Hafen von V\u00e4stervik in Smaland s\u00fcdlich von Stockholm. V\u00e4stervik wird auch als &bdquo;Perle der Ostk\u00fcste&ldquo; bezeichnet. In dem beliebten Touristenort gibt es viele kleine niedrige Fischerh\u00e4user. Ein sch\u00f6ner Auflug f\u00fchrt mit einer Museums-Schmalspurbahn durch die Seenlandschaft. <\/p>\n<p><br type=\"_moz\" \/><\/p>\n","protected":false},"excerpt":{"rendered":"<p>Yachtcharter Loftahammar \/ V\u00e4stervik Loftahammar ist der Hafen von V\u00e4stervik in Smaland s\u00fcdlich von Stockholm. V\u00e4stervik wird auch als &bdquo;Perle der Ostk\u00fcste&ldquo; bezeichnet. In dem beliebten Touristenort gibt es viele kleine niedrige Fischerh\u00e4user. Ein sch\u00f6ner Auflug f\u00fchrt mit einer Museums-Schmalspurbahn durch die Seenlandschaft.<\/p>\n","protected":false},"author":11,"featured_media":0,"parent":748,"menu_order":0,"comment_status":"open","ping_status":"open","template":"","meta":[],"aioseo_notices":[],"_links":{"self":[{"href":"https:\/\/yachtcharter-connection.com\/de\/wp-json\/wp\/v2\/pages\/2724"}],"collection":[{"href":"https:\/\/yachtcharter-connection.com\/de\/wp-json\/wp\/v2\/pages"}],"about":[{"href":"https:\/\/yachtcharter-connection.com\/de\/wp-json\/wp\/v2\/types\/page"}],"author":[{"embeddable":true,"href":"https:\/\/yachtcharter-connection.com\/de\/wp-json\/wp\/v2\/users\/11"}],"replies":[{"embeddable":true,"href":"https:\/\/yachtcharter-connection.com\/de\/wp-json\/wp\/v2\/comments?post=2724"}],"version-history":[{"count":1,"href":"https:\/\/yachtcharter-connection.com\/de\/wp-json\/wp\/v2\/pages\/2724\/revisions"}],"predecessor-version":[{"id":13120,"href":"https:\/\/yachtcharter-connection.com\/de\/wp-json\/wp\/v2\/pages\/2724\/revisions\/13120"}],"up":[{"embeddable":true,"href":"https:\/\/yachtcharter-connection.com\/de\/wp-json\/wp\/v2\/pages\/748"}],"wp:attachment":[{"href":"https:\/\/yachtcharter-connection.com\/de\/wp-json\/wp\/v2\/media?parent=2724"}],"curies":[{"name":"wp","href":"https:\/\/api.w.org\/{rel}","templated":true}]}}