{"id":2725,"date":"2014-07-09T05:36:06","date_gmt":"2014-07-09T05:36:06","guid":{"rendered":"http:\/\/yachtcharter-connection.com.w01e47c6.kasserver.com\/barcelona-masnou-453\/"},"modified":"2017-07-16T05:35:07","modified_gmt":"2017-07-16T03:35:07","slug":"barcelona-masnou-453","status":"publish","type":"page","link":"https:\/\/yachtcharter-connection.com\/de\/regionen\/mittelmeer\/yachtcharter-spanische-k%c3%bcste\/barcelona-masnou-453\/","title":{"rendered":"Barcelona \/ Masnou"},"content":{"rendered":"<h3>Yachtcharter Barcelona &#8211;  Masnou<\/h3>\n<p>\nDie Yachtcharter-Destination Masnou liegt etwa 15 Kilometer nord\u00f6stlich von Barcelona an der Costa Maresme. Der Ort ist sowohl Touristenzentrum als auch Wohngebiet f\u00fcr viele Einwohner, die in Barcelona arbeiten.  Der Yachthafen Port Masnou in unmittelbarer Stadtn\u00e4he bietet mit \u00fcber 1000 Liegepl\u00e4tzen alles, was das Seglerherz in einer Marina braucht:  Einkaufsm\u00f6glichkeiten und Gastronomie, Nautik-Fachgesch\u00e4fte &acute;, Charteryachten und urbanes Leben gleich daneben.<\/p>\n","protected":false},"excerpt":{"rendered":"<p>Yachtcharter Barcelona &#8211; Masnou Die Yachtcharter-Destination Masnou liegt etwa 15 Kilometer nord\u00f6stlich von Barcelona an der Costa Maresme. Der Ort ist sowohl Touristenzentrum als auch Wohngebiet f\u00fcr viele Einwohner, die in Barcelona arbeiten. Der Yachthafen Port Masnou in unmittelbarer Stadtn\u00e4he bietet mit \u00fcber 1000 Liegepl\u00e4tzen alles, was das Seglerherz in<\/p>\n","protected":false},"author":11,"featured_media":0,"parent":742,"menu_order":0,"comment_status":"open","ping_status":"open","template":"","meta":[],"aioseo_notices":[],"_links":{"self":[{"href":"https:\/\/yachtcharter-connection.com\/de\/wp-json\/wp\/v2\/pages\/2725"}],"collection":[{"href":"https:\/\/yachtcharter-connection.com\/de\/wp-json\/wp\/v2\/pages"}],"about":[{"href":"https:\/\/yachtcharter-connection.com\/de\/wp-json\/wp\/v2\/types\/page"}],"author":[{"embeddable":true,"href":"https:\/\/yachtcharter-connection.com\/de\/wp-json\/wp\/v2\/users\/11"}],"replies":[{"embeddable":true,"href":"https:\/\/yachtcharter-connection.com\/de\/wp-json\/wp\/v2\/comments?post=2725"}],"version-history":[{"count":1,"href":"https:\/\/yachtcharter-connection.com\/de\/wp-json\/wp\/v2\/pages\/2725\/revisions"}],"predecessor-version":[{"id":13029,"href":"https:\/\/yachtcharter-connection.com\/de\/wp-json\/wp\/v2\/pages\/2725\/revisions\/13029"}],"up":[{"embeddable":true,"href":"https:\/\/yachtcharter-connection.com\/de\/wp-json\/wp\/v2\/pages\/742"}],"wp:attachment":[{"href":"https:\/\/yachtcharter-connection.com\/de\/wp-json\/wp\/v2\/media?parent=2725"}],"curies":[{"name":"wp","href":"https:\/\/api.w.org\/{rel}","templated":true}]}}