{"id":2727,"date":"2012-11-18T05:23:00","date_gmt":"2012-11-18T05:23:00","guid":{"rendered":"http:\/\/yachtcharter-connection.com.w01e47c6.kasserver.com\/golfe-juan-626\/"},"modified":"2017-07-21T11:04:21","modified_gmt":"2017-07-21T09:04:21","slug":"golfe-juan-626","status":"publish","type":"page","link":"https:\/\/yachtcharter-connection.com\/de\/regionen\/mittelmeer\/yachtcharter-cote-dazur-ost\/golfe-juan-626\/","title":{"rendered":"Golfe-Juan"},"content":{"rendered":"<p><a href=\"https:\/\/yachtcharter-connection.com\/wp-content\/uploads\/2014\/05\/French-Riviera-Golfe-Juan.jpg\"><img loading=\"lazy\" class=\"alignleft size-full wp-image-24220\" src=\"https:\/\/yachtcharter-connection.com\/wp-content\/uploads\/2014\/05\/French-Riviera-Golfe-Juan.jpg\" alt=\"French Riviera Golfe Juan\" width=\"420\" height=\"282\" srcset=\"https:\/\/yachtcharter-connection.com\/wp-content\/uploads\/2014\/05\/French-Riviera-Golfe-Juan.jpg 420w, https:\/\/yachtcharter-connection.com\/wp-content\/uploads\/2014\/05\/French-Riviera-Golfe-Juan-300x201.jpg 300w\" sizes=\"(max-width: 420px) 100vw, 420px\" \/><\/a>Die Yachtcharter-Destination Golfe-Juan liegt in der N\u00e4he von Cannes,\u00a0 unweit von der f\u00fcr ihre Parfums weltbekannten Stadt Grasse.\u00a0 Der traditionelle Badeort, der ausser dem Yachthafen auch\u00a0 noch einen alten Fischerhafen und sch\u00f6ne Sandstr\u00e4nde hat, liegt am Golfe Juan,\u00a0 dem Namensgeber&#8230; Von hier aus hat man einen sch\u00f6nen Blick auf die \u00celes de L\u00e9rins, einem kleinen Archipel mit den Hauptinseln Sainte-Marguerite und Saint-Honorat und weiteren kleinen Inseln.<\/p>\n<p>Mit sch\u00f6nen Str\u00e4nden, Wanderwegen , einigen Restaurants und Sehensw\u00fcrdigkeiten sind die Inseln einen Besuch wert: auf Sainte-Marguerite liegt das Fort Royal, das unter anderem als Gef\u00e4ngnis f\u00fcr den &#8220;Mann mit der eisernen Maske&#8221; ber\u00fchmt wurde, mit dem Mus\u00e9e de la Mer. Am\u00a0 S\u00fcsswassersee Etang du Bat\u00e9guier gibt es\u00a0 eine ornithologische Beobachtungsstation.\u00a0 Zwischen den Inseln kann man ankern, das Anlegen mit dem Dinghy ist auf den Inseln kein Problem.<\/p>\n<p><strong>Charteryachten in Golfe-Juan:<\/strong> In Golfe-Juan steht f\u00fcr Yachtcharter an der C\u00f4te d&#8217;Azur eine Charterflotte von Segelyachten und Katamaranen zur Verf\u00fcgung. Chartern Sie die beste Yacht f\u00fcr Ihren Segelurlaub in S\u00fcdfrankreich ab Golfe-Juan online \u2013 oder fragen Sie uns nach Angeboten, auch f\u00fcr Luxus-Charteryachten mit Crew. Wir beraten Sie gern.<\/p>\n","protected":false},"excerpt":{"rendered":"<p>Die Yachtcharter-Destination Golfe-Juan liegt in der N\u00e4he von Cannes,\u00a0 unweit von der f\u00fcr ihre Parfums weltbekannten Stadt Grasse.\u00a0 Der traditionelle Badeort, der ausser dem Yachthafen auch\u00a0 noch einen alten Fischerhafen und sch\u00f6ne Sandstr\u00e4nde hat, liegt am Golfe Juan,\u00a0 dem Namensgeber&#8230; Von hier aus hat man einen sch\u00f6nen Blick auf die<\/p>\n","protected":false},"author":11,"featured_media":0,"parent":743,"menu_order":0,"comment_status":"open","ping_status":"open","template":"","meta":[],"aioseo_notices":[],"_links":{"self":[{"href":"https:\/\/yachtcharter-connection.com\/de\/wp-json\/wp\/v2\/pages\/2727"}],"collection":[{"href":"https:\/\/yachtcharter-connection.com\/de\/wp-json\/wp\/v2\/pages"}],"about":[{"href":"https:\/\/yachtcharter-connection.com\/de\/wp-json\/wp\/v2\/types\/page"}],"author":[{"embeddable":true,"href":"https:\/\/yachtcharter-connection.com\/de\/wp-json\/wp\/v2\/users\/11"}],"replies":[{"embeddable":true,"href":"https:\/\/yachtcharter-connection.com\/de\/wp-json\/wp\/v2\/comments?post=2727"}],"version-history":[{"count":3,"href":"https:\/\/yachtcharter-connection.com\/de\/wp-json\/wp\/v2\/pages\/2727\/revisions"}],"predecessor-version":[{"id":24245,"href":"https:\/\/yachtcharter-connection.com\/de\/wp-json\/wp\/v2\/pages\/2727\/revisions\/24245"}],"up":[{"embeddable":true,"href":"https:\/\/yachtcharter-connection.com\/de\/wp-json\/wp\/v2\/pages\/743"}],"wp:attachment":[{"href":"https:\/\/yachtcharter-connection.com\/de\/wp-json\/wp\/v2\/media?parent=2727"}],"curies":[{"name":"wp","href":"https:\/\/api.w.org\/{rel}","templated":true}]}}