{"id":2740,"date":"2015-08-10T05:53:48","date_gmt":"2015-08-10T05:53:48","guid":{"rendered":"http:\/\/yachtcharter-connection.com.w01e47c6.kasserver.com\/teneriffa-san-miguel\/"},"modified":"2017-07-13T01:15:48","modified_gmt":"2017-07-12T23:15:48","slug":"teneriffa-san-miguel","status":"publish","type":"page","link":"https:\/\/yachtcharter-connection.com\/de\/regionen\/atlantik-westafrika\/yachtcharter-kanarische-inseln\/teneriffa-san-miguel\/","title":{"rendered":"Teneriffa \/ San Miguel"},"content":{"rendered":"<h3>Yachtcharter Teneriffa \/ San Miguel<\/h3>\n<p>\n<img loading=\"lazy\" class=\"content-image\"  width=\"300\" height=\"203\" alt=\"Segelrevier_Kanaren_Teneriffa\" src=\"https:\/\/yachtcharter-connection.com\/wp-content\/uploads\/converted_files\/20790\/20790-5624e3b56b93b.jpg\" \/>Der neue Sporthafen San Miguel mt gro\u00dfer Yachtcharter-Basis liegt in der N\u00e4he des Flughafens Teneriffa S\u00fcd in der Urbanisation Amarilla Golf.<\/p>\n<p><\/p>\n","protected":false},"excerpt":{"rendered":"<p>Yachtcharter Teneriffa \/ San Miguel Der neue Sporthafen San Miguel mt gro\u00dfer Yachtcharter-Basis liegt in der N\u00e4he des Flughafens Teneriffa S\u00fcd in der Urbanisation Amarilla Golf.<\/p>\n","protected":false},"author":11,"featured_media":0,"parent":746,"menu_order":0,"comment_status":"open","ping_status":"open","template":"","meta":[],"aioseo_notices":[],"_links":{"self":[{"href":"https:\/\/yachtcharter-connection.com\/de\/wp-json\/wp\/v2\/pages\/2740"}],"collection":[{"href":"https:\/\/yachtcharter-connection.com\/de\/wp-json\/wp\/v2\/pages"}],"about":[{"href":"https:\/\/yachtcharter-connection.com\/de\/wp-json\/wp\/v2\/types\/page"}],"author":[{"embeddable":true,"href":"https:\/\/yachtcharter-connection.com\/de\/wp-json\/wp\/v2\/users\/11"}],"replies":[{"embeddable":true,"href":"https:\/\/yachtcharter-connection.com\/de\/wp-json\/wp\/v2\/comments?post=2740"}],"version-history":[{"count":1,"href":"https:\/\/yachtcharter-connection.com\/de\/wp-json\/wp\/v2\/pages\/2740\/revisions"}],"predecessor-version":[{"id":13554,"href":"https:\/\/yachtcharter-connection.com\/de\/wp-json\/wp\/v2\/pages\/2740\/revisions\/13554"}],"up":[{"embeddable":true,"href":"https:\/\/yachtcharter-connection.com\/de\/wp-json\/wp\/v2\/pages\/746"}],"wp:attachment":[{"href":"https:\/\/yachtcharter-connection.com\/de\/wp-json\/wp\/v2\/media?parent=2740"}],"curies":[{"name":"wp","href":"https:\/\/api.w.org\/{rel}","templated":true}]}}