{"id":2743,"date":"2014-10-07T05:40:43","date_gmt":"2014-10-07T05:40:43","guid":{"rendered":"http:\/\/yachtcharter-connection.com.w01e47c6.kasserver.com\/karlshamn-560\/"},"modified":"2016-10-29T17:56:31","modified_gmt":"2016-10-29T15:56:31","slug":"karlshamn-560","status":"publish","type":"page","link":"https:\/\/yachtcharter-connection.com\/de\/regionen\/ostsee\/yachtcharter-west-schweden-bohusl%c3%a4n\/karlshamn-560\/","title":{"rendered":"Karlshamn"},"content":{"rendered":"<h3>Yachtcharter Karlshamn<\/h3>\n<p>\nKarlshamn liegt in S\u00fcdschweden. Der Hafen hatte schon fr\u00fcher f\u00fcr Emigranten eine gro\u00dfe Bedeutung, ein Auswanderer-Denkmal erinnert noch daran. F\u00e4hren fahren von hier nach Lettland und Litauen.<\/p>\n<p><br type=\"_moz\" \/><\/p>\n","protected":false},"excerpt":{"rendered":"<p>Yachtcharter Karlshamn Karlshamn liegt in S\u00fcdschweden. Der Hafen hatte schon fr\u00fcher f\u00fcr Emigranten eine gro\u00dfe Bedeutung, ein Auswanderer-Denkmal erinnert noch daran. F\u00e4hren fahren von hier nach Lettland und Litauen.<\/p>\n","protected":false},"author":11,"featured_media":0,"parent":756,"menu_order":0,"comment_status":"open","ping_status":"open","template":"","meta":[],"aioseo_notices":[],"_links":{"self":[{"href":"https:\/\/yachtcharter-connection.com\/de\/wp-json\/wp\/v2\/pages\/2743"}],"collection":[{"href":"https:\/\/yachtcharter-connection.com\/de\/wp-json\/wp\/v2\/pages"}],"about":[{"href":"https:\/\/yachtcharter-connection.com\/de\/wp-json\/wp\/v2\/types\/page"}],"author":[{"embeddable":true,"href":"https:\/\/yachtcharter-connection.com\/de\/wp-json\/wp\/v2\/users\/11"}],"replies":[{"embeddable":true,"href":"https:\/\/yachtcharter-connection.com\/de\/wp-json\/wp\/v2\/comments?post=2743"}],"version-history":[{"count":1,"href":"https:\/\/yachtcharter-connection.com\/de\/wp-json\/wp\/v2\/pages\/2743\/revisions"}],"predecessor-version":[{"id":12841,"href":"https:\/\/yachtcharter-connection.com\/de\/wp-json\/wp\/v2\/pages\/2743\/revisions\/12841"}],"up":[{"embeddable":true,"href":"https:\/\/yachtcharter-connection.com\/de\/wp-json\/wp\/v2\/pages\/756"}],"wp:attachment":[{"href":"https:\/\/yachtcharter-connection.com\/de\/wp-json\/wp\/v2\/media?parent=2743"}],"curies":[{"name":"wp","href":"https:\/\/api.w.org\/{rel}","templated":true}]}}