{"id":2759,"date":"2015-08-10T05:53:48","date_gmt":"2015-08-10T05:53:48","guid":{"rendered":"http:\/\/yachtcharter-connection.com.w01e47c6.kasserver.com\/mallorca-portocolom-497\/"},"modified":"2017-07-15T19:25:21","modified_gmt":"2017-07-15T17:25:21","slug":"mallorca-portocolom-497","status":"publish","type":"page","link":"https:\/\/yachtcharter-connection.com\/de\/regionen\/mittelmeer\/yachtcharter-balearen-mallorca-menorca-ibiza\/mallorca-portocolom-497\/","title":{"rendered":"Mallorca \/ Portocolom"},"content":{"rendered":"<h3>Yachtcharter Porto Colom<\/h3>\n<p>\n<img loading=\"lazy\" class=\"content-image\"  width=\"300\" height=\"82\" src=\"https:\/\/yachtcharter-connection.com\/wp-content\/uploads\/converted_files\/20832\/20832-5624e3baa9807.jpg\" alt=\"\" \/>Porto Colom, Sitz mehrerer Yachtcharter-Anbieter, liegt in einer weitr\u00e4umigen &quot;blauen&quot; Bucht, der Bahia Azul, in der es Liegepl\u00e4tze an der Hauptmole, an Schwimmstegen oder aber auch an Mooringbojen gibt. Yachtcharter-Crews, die in Portocolom einen Zwischenstopp machen, k\u00f6nnen im Gemeindehafen oder im Yachtclub Portocolom festmachen. Einige der ber\u00fchmtesten Restaurants Mallorcas mit Sternek\u00fcche liegen direkt an der Hafenpromenade, Yachtcharter-Crews treffen sich in der Bar Club Nautico. Der gro\u00dfe Naturhafen ist einer der sch\u00f6nsten der Insel. <\/p>\n<p>Christoph Columbus alias Cristobal Colon gilt als der ber\u00fchmteste Seefahrer des kleinen Ortes, der zur Gemeinde Felanitx geh\u00f6rt. Bewiesen wurde dies allerdings bisher noch nicht.<\/p>\n<p>Yachtcharter-Crews, die ihren T\u00f6rn von der Yachtcharter-Basis in Porto Colom aus starten, finden zahlreiche malerische Buchten an der romantischen mallorquinischen Ostk\u00fcste  in unmittelbarer N\u00e4he. Das Cabrera-Archipel ist von hier aus relativ leicht erreichbar (die Genehmigung f\u00fcr den Besuch des Naturparkes organisiert das Yachtcharter-Unternehmen gern), und wer auf seinem Yachtcharter-T\u00f6rn etwas l\u00e4ngere Strecken segeln will, kann auch einen Abstecher nach Menorca machen. <\/p>\n","protected":false},"excerpt":{"rendered":"<p>Yachtcharter Porto Colom Porto Colom, Sitz mehrerer Yachtcharter-Anbieter, liegt in einer weitr\u00e4umigen &quot;blauen&quot; Bucht, der Bahia Azul, in der es Liegepl\u00e4tze an der Hauptmole, an Schwimmstegen oder aber auch an Mooringbojen gibt. Yachtcharter-Crews, die in Portocolom einen Zwischenstopp machen, k\u00f6nnen im Gemeindehafen oder im Yachtclub Portocolom festmachen. Einige der ber\u00fchmtesten<\/p>\n","protected":false},"author":11,"featured_media":0,"parent":762,"menu_order":0,"comment_status":"open","ping_status":"open","template":"","meta":[],"aioseo_notices":[],"_links":{"self":[{"href":"https:\/\/yachtcharter-connection.com\/de\/wp-json\/wp\/v2\/pages\/2759"}],"collection":[{"href":"https:\/\/yachtcharter-connection.com\/de\/wp-json\/wp\/v2\/pages"}],"about":[{"href":"https:\/\/yachtcharter-connection.com\/de\/wp-json\/wp\/v2\/types\/page"}],"author":[{"embeddable":true,"href":"https:\/\/yachtcharter-connection.com\/de\/wp-json\/wp\/v2\/users\/11"}],"replies":[{"embeddable":true,"href":"https:\/\/yachtcharter-connection.com\/de\/wp-json\/wp\/v2\/comments?post=2759"}],"version-history":[{"count":1,"href":"https:\/\/yachtcharter-connection.com\/de\/wp-json\/wp\/v2\/pages\/2759\/revisions"}],"predecessor-version":[{"id":13281,"href":"https:\/\/yachtcharter-connection.com\/de\/wp-json\/wp\/v2\/pages\/2759\/revisions\/13281"}],"up":[{"embeddable":true,"href":"https:\/\/yachtcharter-connection.com\/de\/wp-json\/wp\/v2\/pages\/762"}],"wp:attachment":[{"href":"https:\/\/yachtcharter-connection.com\/de\/wp-json\/wp\/v2\/media?parent=2759"}],"curies":[{"name":"wp","href":"https:\/\/api.w.org\/{rel}","templated":true}]}}