{"id":2761,"date":"2015-07-13T05:55:45","date_gmt":"2015-07-13T05:55:45","guid":{"rendered":"http:\/\/yachtcharter-connection.com.w01e47c6.kasserver.com\/baska-voda-870\/"},"modified":"2017-07-15T01:35:35","modified_gmt":"2017-07-14T23:35:35","slug":"baska-voda-870","status":"publish","type":"page","link":"https:\/\/yachtcharter-connection.com\/de\/regionen\/mittelmeer\/yachtcharter-adria-sued\/baska-voda-870\/","title":{"rendered":"Baska Voda"},"content":{"rendered":"<h3>Yachtcharter Baska Voda \/ Krvavica<\/h3>\n<p>\n<img loading=\"lazy\" class=\"content-image\"  width=\"300\" height=\"200\" alt=\"Segelrevier_Kroatien_Korcula\" src=\"https:\/\/yachtcharter-connection.com\/wp-content\/uploads\/converted_files\/20836\/20836-5624e3bbd4bca.jpg\" \/>Baska Voda, Sitz mehrerer Yachtcharter-Unternehmen, ist ein beliebter Ferienort in Mitteldalmatien zwischen dem Orten Makarska und Brela. Der Ausgangspunkt f\u00fcr Yachtcharter Baska Voda-T\u00f6rns an der Makarska Riviera liegt am Fu\u00dfe des St. Ilja Bergs und der Biokovo-Berge mit dem Biokovo Naturpark. Die Marina Baska Voda mit den Yachtcharter Baska Voda-St\u00fctzpunkten liegt mitten im Ort. Die Stadt Makarska ist etwa neun Kilometer weit entfernt, die moderne Marina Krvavica, beliebtes Ziel f\u00fcr Yachtcharter Baska Voda-Crews, liegt f\u00fcnf Kilometer weiter s\u00fcdlich. Der n\u00e4chstgelegene internationale Flughafen Split ist etwa 50 Kilometer entfernt. <\/p>\n<p>An der Makarska Riviera locken Yachtcharter Baska Voda-Crews vor allem Sand- und Kiesstr\u00e4nde und das kristallklare Wasser der Adria. In den letzten Jahren sind mehrere neue H\u00e4fen entstanden, so dass Yachtcharter Baska Voda-Crews \u00fcberall eine hervorragende Infrastruktur vorfinden. Beliebte Ziele f\u00fcr den Yachtcharter-T\u00f6rn ab Baska Voda sind unter anderem die Inseln Hvar, Brac und Korcula, aber auch S\u00fcddalmatien mit <a href=\"~\/Yachtcharter_kroatien\/dubrovnik.html\">Dubrovnik<\/a> und den Elaphiten. <\/p>\n<p>Die Yachtcharter-Region Makarska Riviera, von der Natur verw\u00f6hnt mit f\u00fcr Kroatien ungew\u00f6hnlich sch\u00f6nen Str\u00e4nden, war schon in der Antike besiedelt. in der N\u00e4he von Baska Voda k\u00f6nnen Yachtcharter Baska Voda-Crews Kirchen und Kl\u00f6ster besichtigen oder einfach in den schattigen Kiefernw\u00e4ldern spazieren gehen. Auch ein Ausflug in die kleineren Orte Bast, Topice oder Bratus bietet sich an.<\/p>\n","protected":false},"excerpt":{"rendered":"<p>Yachtcharter Baska Voda \/ Krvavica Baska Voda, Sitz mehrerer Yachtcharter-Unternehmen, ist ein beliebter Ferienort in Mitteldalmatien zwischen dem Orten Makarska und Brela. Der Ausgangspunkt f\u00fcr Yachtcharter Baska Voda-T\u00f6rns an der Makarska Riviera liegt am Fu\u00dfe des St. Ilja Bergs und der Biokovo-Berge mit dem Biokovo Naturpark. Die Marina Baska Voda<\/p>\n","protected":false},"author":11,"featured_media":0,"parent":744,"menu_order":0,"comment_status":"open","ping_status":"open","template":"","meta":[],"aioseo_notices":[],"_links":{"self":[{"href":"https:\/\/yachtcharter-connection.com\/de\/wp-json\/wp\/v2\/pages\/2761"}],"collection":[{"href":"https:\/\/yachtcharter-connection.com\/de\/wp-json\/wp\/v2\/pages"}],"about":[{"href":"https:\/\/yachtcharter-connection.com\/de\/wp-json\/wp\/v2\/types\/page"}],"author":[{"embeddable":true,"href":"https:\/\/yachtcharter-connection.com\/de\/wp-json\/wp\/v2\/users\/11"}],"replies":[{"embeddable":true,"href":"https:\/\/yachtcharter-connection.com\/de\/wp-json\/wp\/v2\/comments?post=2761"}],"version-history":[{"count":1,"href":"https:\/\/yachtcharter-connection.com\/de\/wp-json\/wp\/v2\/pages\/2761\/revisions"}],"predecessor-version":[{"id":13209,"href":"https:\/\/yachtcharter-connection.com\/de\/wp-json\/wp\/v2\/pages\/2761\/revisions\/13209"}],"up":[{"embeddable":true,"href":"https:\/\/yachtcharter-connection.com\/de\/wp-json\/wp\/v2\/pages\/744"}],"wp:attachment":[{"href":"https:\/\/yachtcharter-connection.com\/de\/wp-json\/wp\/v2\/media?parent=2761"}],"curies":[{"name":"wp","href":"https:\/\/api.w.org\/{rel}","templated":true}]}}