{"id":2762,"date":"2015-08-10T05:53:48","date_gmt":"2015-08-10T05:53:48","guid":{"rendered":"http:\/\/yachtcharter-connection.com.w01e47c6.kasserver.com\/lanzarote-marina-rubicon-383\/"},"modified":"2017-07-13T00:25:44","modified_gmt":"2017-07-12T22:25:44","slug":"lanzarote-marina-rubicon-383","status":"publish","type":"page","link":"https:\/\/yachtcharter-connection.com\/de\/regionen\/atlantik-westafrika\/yachtcharter-kanarische-inseln\/lanzarote-marina-rubicon-383\/","title":{"rendered":"Lanzarote \/ Marina Rubicon"},"content":{"rendered":"<h3>Yachtcharter Lanzarote \/  Marina Rubicon<\/h3>\n<p>\n<img class=\"content-image\"  src=\"https:\/\/yachtcharter-connection.com\/wp-content\/uploads\/converted_files\/20838\/20838-5624e3be389a7.jpg\" alt=\"Lanzarote-Marina-Rubicon-6.JPG\" style=\"width:300px; height:169px;\" \/>Die Yachtcharter-Marina Rubicon im S\u00fcden der Insel ist auch bestens ausgestattet, Puerto del Carmen selbst ist voller Fischer- und Ausflugsboote, hier ankern Yachtcharter-Crew besser vor dem Hafen. <\/p>\n<p>Die in der N\u00e4he gelegene Playa Blanca sollten Yachtcharter-Touristen wegen der zahlreichen F\u00e4hren eher meiden. In der Hauptstadt Arrecife gibt es zwei Puertos, in denen Yachten auf Yachtcharter-T\u00f6rn anlegen k\u00f6nnen. Und auch das Lanzarote vorgelagerte Inselchen La Graciosa bietet Yachtcharter-Besatzungen einige Gastliegepl\u00e4tze. <\/p>\n<p><img class=\"content-image\"  src=\"https:\/\/yachtcharter-connection.com\/wp-content\/uploads\/converted_files\/20838\/20838-5624e3bf6a3ae.jpg\" alt=\"Lanzarote-Marina-Rubicon.JPG\" style=\"width:300px; height:169px;\" \/><\/p>\n","protected":false},"excerpt":{"rendered":"<p>Yachtcharter Lanzarote \/ Marina Rubicon Die Yachtcharter-Marina Rubicon im S\u00fcden der Insel ist auch bestens ausgestattet, Puerto del Carmen selbst ist voller Fischer- und Ausflugsboote, hier ankern Yachtcharter-Crew besser vor dem Hafen. Die in der N\u00e4he gelegene Playa Blanca sollten Yachtcharter-Touristen wegen der zahlreichen F\u00e4hren eher meiden. In der Hauptstadt<\/p>\n","protected":false},"author":11,"featured_media":0,"parent":746,"menu_order":0,"comment_status":"open","ping_status":"open","template":"","meta":[],"aioseo_notices":[],"_links":{"self":[{"href":"https:\/\/yachtcharter-connection.com\/de\/wp-json\/wp\/v2\/pages\/2762"}],"collection":[{"href":"https:\/\/yachtcharter-connection.com\/de\/wp-json\/wp\/v2\/pages"}],"about":[{"href":"https:\/\/yachtcharter-connection.com\/de\/wp-json\/wp\/v2\/types\/page"}],"author":[{"embeddable":true,"href":"https:\/\/yachtcharter-connection.com\/de\/wp-json\/wp\/v2\/users\/11"}],"replies":[{"embeddable":true,"href":"https:\/\/yachtcharter-connection.com\/de\/wp-json\/wp\/v2\/comments?post=2762"}],"version-history":[{"count":1,"href":"https:\/\/yachtcharter-connection.com\/de\/wp-json\/wp\/v2\/pages\/2762\/revisions"}],"predecessor-version":[{"id":13547,"href":"https:\/\/yachtcharter-connection.com\/de\/wp-json\/wp\/v2\/pages\/2762\/revisions\/13547"}],"up":[{"embeddable":true,"href":"https:\/\/yachtcharter-connection.com\/de\/wp-json\/wp\/v2\/pages\/746"}],"wp:attachment":[{"href":"https:\/\/yachtcharter-connection.com\/de\/wp-json\/wp\/v2\/media?parent=2762"}],"curies":[{"name":"wp","href":"https:\/\/api.w.org\/{rel}","templated":true}]}}