{"id":2764,"date":"2013-08-26T20:05:29","date_gmt":"2013-08-26T20:05:29","guid":{"rendered":"http:\/\/yachtcharter-connection.com.w01e47c6.kasserver.com\/fort-lauderdale-622\/"},"modified":"2016-10-29T17:57:03","modified_gmt":"2016-10-29T15:57:03","slug":"fort-lauderdale-622","status":"publish","type":"page","link":"https:\/\/yachtcharter-connection.com\/de\/regionen\/usa-s%c3%bcdost-florida-bahamas\/yachtcharter-florida\/fort-lauderdale-622\/","title":{"rendered":"Fort Lauderdale"},"content":{"rendered":"<h3>Yachtcharter Fort Lauderdale<\/h3>\n<p>\n<img class=\"content-image\"  src=\"https:\/\/yachtcharter-connection.com\/wp-content\/uploads\/converted_files\/20842\/20842-5624e3c214e2c.jpg\" alt=\"Yachtcharter Fort Lauderdale.jpg\" style=\"width: 300px; height: 199px;\" \/>Die Yachtcharter-Destination Fort Lauderdale, drittgr\u00f6sste Stadt Floridas, wird wegen der zahlreichen Kan\u00e4le auch als &quot;Venedig der USA&quot; bezeichnet. Die Segelmetropole liegt rund 30 km n\u00f6rdlich von Miami. Historische Bauten in der Stadt erinnern noch an die Zeiten der Kolonialisierung Floridas. Sehenswert ist das Stranahan House: es wurde urspr\u00fcnglich als Handelsposten f\u00fcr Indianer und Weisse gebaut, diente sp\u00e4ter unter anderem als Rathaus, Post und Privatresidenz. Heute ist es so restauriert, dass es Einblicke ins Leben Anfang des 19. Jahrhunderts gibt. Weitere Highlights f\u00fcr das Sightseeing vor oder nach dem Yachtcharter-T\u00f6rn in Florida: der grosse Flohmarkt Fort Lauderdale Swap Shop, der &quot;Arts Park at Young Circle&quot; in Hollywood Beach mit Amphitheater, Visual Arts-Pavillon und diversen Open Air-Ausstellungen oder die S\u00fcmpfe im Sawgrass Recreation Park.<\/p>\n<p>Yachtcharter-Crews k\u00f6nnen ab Fort Lauderdale die n\u00e4here Umgebung wie Miami mit Southbeach und Biscayne Bay erkunden, die Florida Keys mit Key Largo, Islamorada und nat\u00fcrlich Key West besuchen oder auch zu den Bahamas segeln.<\/p>\n<p>F\u00fcr Yachtcharter stehen ab Fort Lauderdale Segelyachten ab 34 Fuss verschiedener Hersteller sowie Segelkatamarane sowie Luxusyachten mit Crew zur Verf\u00fcgung &#8211; fragen Sie uns nach Angeboten.<\/p>\n","protected":false},"excerpt":{"rendered":"<p>Yachtcharter Fort Lauderdale Die Yachtcharter-Destination Fort Lauderdale, drittgr\u00f6sste Stadt Floridas, wird wegen der zahlreichen Kan\u00e4le auch als &quot;Venedig der USA&quot; bezeichnet. Die Segelmetropole liegt rund 30 km n\u00f6rdlich von Miami. Historische Bauten in der Stadt erinnern noch an die Zeiten der Kolonialisierung Floridas. Sehenswert ist das Stranahan House: es wurde<\/p>\n","protected":false},"author":11,"featured_media":0,"parent":815,"menu_order":0,"comment_status":"open","ping_status":"open","template":"","meta":[],"aioseo_notices":[],"_links":{"self":[{"href":"https:\/\/yachtcharter-connection.com\/de\/wp-json\/wp\/v2\/pages\/2764"}],"collection":[{"href":"https:\/\/yachtcharter-connection.com\/de\/wp-json\/wp\/v2\/pages"}],"about":[{"href":"https:\/\/yachtcharter-connection.com\/de\/wp-json\/wp\/v2\/types\/page"}],"author":[{"embeddable":true,"href":"https:\/\/yachtcharter-connection.com\/de\/wp-json\/wp\/v2\/users\/11"}],"replies":[{"embeddable":true,"href":"https:\/\/yachtcharter-connection.com\/de\/wp-json\/wp\/v2\/comments?post=2764"}],"version-history":[{"count":1,"href":"https:\/\/yachtcharter-connection.com\/de\/wp-json\/wp\/v2\/pages\/2764\/revisions"}],"predecessor-version":[{"id":12898,"href":"https:\/\/yachtcharter-connection.com\/de\/wp-json\/wp\/v2\/pages\/2764\/revisions\/12898"}],"up":[{"embeddable":true,"href":"https:\/\/yachtcharter-connection.com\/de\/wp-json\/wp\/v2\/pages\/815"}],"wp:attachment":[{"href":"https:\/\/yachtcharter-connection.com\/de\/wp-json\/wp\/v2\/media?parent=2764"}],"curies":[{"name":"wp","href":"https:\/\/api.w.org\/{rel}","templated":true}]}}