{"id":2781,"date":"2011-03-14T05:09:01","date_gmt":"2011-03-14T05:09:01","guid":{"rendered":"http:\/\/yachtcharter-connection.com.w01e47c6.kasserver.com\/valencia-669\/"},"modified":"2017-07-16T05:42:20","modified_gmt":"2017-07-16T03:42:20","slug":"valencia-669","status":"publish","type":"page","link":"https:\/\/yachtcharter-connection.com\/de\/regionen\/mittelmeer\/yachtcharter-spanische-k%c3%bcste\/valencia-669\/","title":{"rendered":"Valencia"},"content":{"rendered":"<h3>Yachtcharter Valencia<\/h3>\n<p>\n<img loading=\"lazy\" class=\"content-image\"  height=\"225\" width=\"300\" src=\"https:\/\/yachtcharter-connection.com\/wp-content\/uploads\/converted_files\/20877\/20877-5624e3c71bf6a.jpg\" alt=\"\" \/>Sp\u00e4testens seit dem America&#8217;s Cup 2007 ist Valencia als Segel-Destination bestens bekannt. Der damals neu gebaute Port America&#8217;s Cup gilt inzwischen als Sightseeing-Highlight der Stadt. <\/p>\n<p>Valencia hat aber weit mehr zu bieten: zum Beispiel historische Bauwerke in der Altstadt wie die Kathedrale, das Museum im Almudin oder der Palacio de los Almirantes de Arag\u00f3n &#8211; au\u00dferdem zahlreiche G\u00e4rten wie die Jardines de la Almeda oder die Jardines de Monforte. <\/p>\n<p>Zum Shopping und Nightlife l\u00e4dt das typische Viertel &quot;Barrio del Carmen&quot; mit Gesch\u00e4ften, Cafes, Theatern, Restaurants und Bars ein &#8211; eines der bekanntesten spanischen Gerichte kommt aus Valencia: die Paella Valenciana. <\/p>\n<p>Yachtcharter Crews k\u00f6nnen von Valencia aus gen Norden Richtung Costa Brava oder nach S\u00fcden and die Costa del Sol segeln: Hervorragend aussgestattete Marinas und herrliche Sandstr\u00e4nde finden sie an der gesamten spanischen K\u00fcste. <\/p>\n","protected":false},"excerpt":{"rendered":"<p>Yachtcharter Valencia Sp\u00e4testens seit dem America&#8217;s Cup 2007 ist Valencia als Segel-Destination bestens bekannt. Der damals neu gebaute Port America&#8217;s Cup gilt inzwischen als Sightseeing-Highlight der Stadt. Valencia hat aber weit mehr zu bieten: zum Beispiel historische Bauwerke in der Altstadt wie die Kathedrale, das Museum im Almudin oder der<\/p>\n","protected":false},"author":11,"featured_media":0,"parent":742,"menu_order":0,"comment_status":"open","ping_status":"open","template":"","meta":[],"aioseo_notices":[],"_links":{"self":[{"href":"https:\/\/yachtcharter-connection.com\/de\/wp-json\/wp\/v2\/pages\/2781"}],"collection":[{"href":"https:\/\/yachtcharter-connection.com\/de\/wp-json\/wp\/v2\/pages"}],"about":[{"href":"https:\/\/yachtcharter-connection.com\/de\/wp-json\/wp\/v2\/types\/page"}],"author":[{"embeddable":true,"href":"https:\/\/yachtcharter-connection.com\/de\/wp-json\/wp\/v2\/users\/11"}],"replies":[{"embeddable":true,"href":"https:\/\/yachtcharter-connection.com\/de\/wp-json\/wp\/v2\/comments?post=2781"}],"version-history":[{"count":1,"href":"https:\/\/yachtcharter-connection.com\/de\/wp-json\/wp\/v2\/pages\/2781\/revisions"}],"predecessor-version":[{"id":13040,"href":"https:\/\/yachtcharter-connection.com\/de\/wp-json\/wp\/v2\/pages\/2781\/revisions\/13040"}],"up":[{"embeddable":true,"href":"https:\/\/yachtcharter-connection.com\/de\/wp-json\/wp\/v2\/pages\/742"}],"wp:attachment":[{"href":"https:\/\/yachtcharter-connection.com\/de\/wp-json\/wp\/v2\/media?parent=2781"}],"curies":[{"name":"wp","href":"https:\/\/api.w.org\/{rel}","templated":true}]}}