{"id":2785,"date":"2011-03-14T05:09:28","date_gmt":"2011-03-14T05:09:28","guid":{"rendered":"http:\/\/yachtcharter-connection.com.w01e47c6.kasserver.com\/vinisce-786\/"},"modified":"2016-10-29T18:14:26","modified_gmt":"2016-10-29T16:14:26","slug":"vinisce-786","status":"publish","type":"page","link":"https:\/\/yachtcharter-connection.com\/de\/regionen\/mittelmeer\/yachtcharter-adria-sued\/vinisce-786\/","title":{"rendered":"Vinisce"},"content":{"rendered":"<h3>Yachtcharter Vinisce<\/h3>\n<p>\n<img loading=\"lazy\" class=\"content-image\"  width=\"300\" height=\"225\" src=\"https:\/\/yachtcharter-connection.com\/wp-content\/uploads\/converted_files\/20885\/20885-5624e3c9e8f94.jpg\" alt=\"Kroatien_Dalmatien_Vinisce\" \/>In Vinisce, wo es mittlerweile auch einen kleinen modernen Hafen mt Yachtcharter-Basis gibt, kann man wundersch\u00f6n vor Anker liegen, in der Traumbucht dem Nichtstun fr\u00f6nen oder die Konobas in dem kleinen St\u00e4dtchen erkunden. <\/p>\n<p><br type=\"_moz\" \/><\/p>\n","protected":false},"excerpt":{"rendered":"<p>Yachtcharter Vinisce In Vinisce, wo es mittlerweile auch einen kleinen modernen Hafen mt Yachtcharter-Basis gibt, kann man wundersch\u00f6n vor Anker liegen, in der Traumbucht dem Nichtstun fr\u00f6nen oder die Konobas in dem kleinen St\u00e4dtchen erkunden.<\/p>\n","protected":false},"author":11,"featured_media":0,"parent":744,"menu_order":0,"comment_status":"open","ping_status":"open","template":"","meta":[],"aioseo_notices":[],"_links":{"self":[{"href":"https:\/\/yachtcharter-connection.com\/de\/wp-json\/wp\/v2\/pages\/2785"}],"collection":[{"href":"https:\/\/yachtcharter-connection.com\/de\/wp-json\/wp\/v2\/pages"}],"about":[{"href":"https:\/\/yachtcharter-connection.com\/de\/wp-json\/wp\/v2\/types\/page"}],"author":[{"embeddable":true,"href":"https:\/\/yachtcharter-connection.com\/de\/wp-json\/wp\/v2\/users\/11"}],"replies":[{"embeddable":true,"href":"https:\/\/yachtcharter-connection.com\/de\/wp-json\/wp\/v2\/comments?post=2785"}],"version-history":[{"count":1,"href":"https:\/\/yachtcharter-connection.com\/de\/wp-json\/wp\/v2\/pages\/2785\/revisions"}],"predecessor-version":[{"id":13230,"href":"https:\/\/yachtcharter-connection.com\/de\/wp-json\/wp\/v2\/pages\/2785\/revisions\/13230"}],"up":[{"embeddable":true,"href":"https:\/\/yachtcharter-connection.com\/de\/wp-json\/wp\/v2\/pages\/744"}],"wp:attachment":[{"href":"https:\/\/yachtcharter-connection.com\/de\/wp-json\/wp\/v2\/media?parent=2785"}],"curies":[{"name":"wp","href":"https:\/\/api.w.org\/{rel}","templated":true}]}}