{"id":2786,"date":"2015-08-10T05:53:48","date_gmt":"2015-08-10T05:53:48","guid":{"rendered":"http:\/\/yachtcharter-connection.com.w01e47c6.kasserver.com\/mallorca-puerto-pollensa-455\/"},"modified":"2017-07-15T19:40:55","modified_gmt":"2017-07-15T17:40:55","slug":"mallorca-puerto-pollensa-455","status":"publish","type":"page","link":"https:\/\/yachtcharter-connection.com\/de\/regionen\/mittelmeer\/yachtcharter-balearen-mallorca-menorca-ibiza\/mallorca-puerto-pollensa-455\/","title":{"rendered":"Mallorca \/ Puerto Pollensa"},"content":{"rendered":"<h3>Yachtcharter Puerto Pollensa<\/h3>\n<p>\n<img loading=\"lazy\" class=\"content-image\"  width=\"300\" height=\"168\" alt=\"Mallorca - Bucht bei Puerto Pollensa\" src=\"https:\/\/yachtcharter-connection.com\/wp-content\/uploads\/converted_files\/20887\/20887-5624e3cb6d184.jpg\" \/>Puerto Pollensa verf\u00fcgt \u00fcber einen gro\u00dfen,hervorragend ausgebauten Sporthafen mit einer beliebten Yachtcharter-Basis. Der Ort selbst mit seinem langen Strand bietet Urlaubern und Yachtcharter-Crews ein komplettes Service- und Unterhaltungsangebot. Manche Yachtcharter-Skipper g\u00f6nnen sich in der Bucht von Pollensa einen ruhigen Urlaub mit einem Yachtcharter-Kurzt\u00f6rn in der n\u00e4heren Umgebung: Sowohl in der Bahia de Pollensa als auch in der Bahia de Alcudia gibt es eine Reihe wundersch\u00f6ner Ankerpl\u00e4tze in kleinen Calas, das Panorama wird um so attraktiver, je n\u00e4her man an das Cap Formentor kommt &ndash; die Cala Murta ist hier bei Yachtcharter-Crews besonders beliebt&#8230;<\/p>\n<p>Viele Yachtcharter-Crews starten ab Puerto Pollensa auch ihren Yachtcharter-T\u00f6rn zur Umrundung Menorcas.<\/p>\n<p><\/p>\n","protected":false},"excerpt":{"rendered":"<p>Yachtcharter Puerto Pollensa Puerto Pollensa verf\u00fcgt \u00fcber einen gro\u00dfen,hervorragend ausgebauten Sporthafen mit einer beliebten Yachtcharter-Basis. Der Ort selbst mit seinem langen Strand bietet Urlaubern und Yachtcharter-Crews ein komplettes Service- und Unterhaltungsangebot. Manche Yachtcharter-Skipper g\u00f6nnen sich in der Bucht von Pollensa einen ruhigen Urlaub mit einem Yachtcharter-Kurzt\u00f6rn in der n\u00e4heren Umgebung:<\/p>\n","protected":false},"author":11,"featured_media":0,"parent":762,"menu_order":0,"comment_status":"open","ping_status":"open","template":"","meta":[],"aioseo_notices":[],"_links":{"self":[{"href":"https:\/\/yachtcharter-connection.com\/de\/wp-json\/wp\/v2\/pages\/2786"}],"collection":[{"href":"https:\/\/yachtcharter-connection.com\/de\/wp-json\/wp\/v2\/pages"}],"about":[{"href":"https:\/\/yachtcharter-connection.com\/de\/wp-json\/wp\/v2\/types\/page"}],"author":[{"embeddable":true,"href":"https:\/\/yachtcharter-connection.com\/de\/wp-json\/wp\/v2\/users\/11"}],"replies":[{"embeddable":true,"href":"https:\/\/yachtcharter-connection.com\/de\/wp-json\/wp\/v2\/comments?post=2786"}],"version-history":[{"count":1,"href":"https:\/\/yachtcharter-connection.com\/de\/wp-json\/wp\/v2\/pages\/2786\/revisions"}],"predecessor-version":[{"id":13284,"href":"https:\/\/yachtcharter-connection.com\/de\/wp-json\/wp\/v2\/pages\/2786\/revisions\/13284"}],"up":[{"embeddable":true,"href":"https:\/\/yachtcharter-connection.com\/de\/wp-json\/wp\/v2\/pages\/762"}],"wp:attachment":[{"href":"https:\/\/yachtcharter-connection.com\/de\/wp-json\/wp\/v2\/media?parent=2786"}],"curies":[{"name":"wp","href":"https:\/\/api.w.org\/{rel}","templated":true}]}}