{"id":2795,"date":"2011-03-14T05:08:53","date_gmt":"2011-03-14T05:08:53","guid":{"rendered":"http:\/\/yachtcharter-connection.com.w01e47c6.kasserver.com\/cayo-largo-668\/"},"modified":"2016-10-29T18:13:36","modified_gmt":"2016-10-29T16:13:36","slug":"cayo-largo-668","status":"publish","type":"page","link":"https:\/\/yachtcharter-connection.com\/de\/regionen\/karibik\/yachtcharter-kuba-cayo-largo\/cayo-largo-668\/","title":{"rendered":"Cayo Largo"},"content":{"rendered":"<h3>Yachtcharter Cayo Largo<\/h3>\n<p>\n<img loading=\"lazy\" class=\"content-image\"  width=\"300\" height=\"226\" src=\"https:\/\/yachtcharter-connection.com\/wp-content\/uploads\/converted_files\/20906\/20906-5624e3cf3eb5d.jpg\" alt=\"Kuba_Ankerbucht\" \/>Ab und zu gibt es Angebote f\u00fcr Oneway-Yachtcharter zwischen der Yachtcharter-Basis in Cienfuegos und Cayo Largo del Sur, so der offizielle Name. Cayo Largo ist mit etwa 25 Kilometer L\u00e4nge und 3 Kilometer Breite die zweitgr\u00f6\u00dfte Insel im kubanischen Canarreos-Archipel im karibischen Meer. Bei Yachtcharter-Touristen ist die Insel \u00e4u\u00dferst beliebt: Der Norden der Insel ist zwar von Mangroven und Salzw\u00fcsten bedeckt. aber im S\u00fcden locken kristallklares Wasser, wei\u00dfe Str\u00e4nde und exotische Tierwelt. Wer ein bisschen was davon versteht, kann sich mit selbstgefangenen Hummern ern\u00e4hren. Die Tauchgr\u00fcnde an den Korallenriffen sind faszinierend.<\/p>\n<p>Wer nicht per Yacht auf seinem Yachtcharter-T\u00f6rn anreist, kommt via F\u00e4hre oder Flugzeug in dieses Paradies.<\/p>\n","protected":false},"excerpt":{"rendered":"<p>Yachtcharter Cayo Largo Ab und zu gibt es Angebote f\u00fcr Oneway-Yachtcharter zwischen der Yachtcharter-Basis in Cienfuegos und Cayo Largo del Sur, so der offizielle Name. Cayo Largo ist mit etwa 25 Kilometer L\u00e4nge und 3 Kilometer Breite die zweitgr\u00f6\u00dfte Insel im kubanischen Canarreos-Archipel im karibischen Meer. Bei Yachtcharter-Touristen ist die<\/p>\n","protected":false},"author":11,"featured_media":0,"parent":771,"menu_order":0,"comment_status":"open","ping_status":"open","template":"","meta":[],"aioseo_notices":[],"_links":{"self":[{"href":"https:\/\/yachtcharter-connection.com\/de\/wp-json\/wp\/v2\/pages\/2795"}],"collection":[{"href":"https:\/\/yachtcharter-connection.com\/de\/wp-json\/wp\/v2\/pages"}],"about":[{"href":"https:\/\/yachtcharter-connection.com\/de\/wp-json\/wp\/v2\/types\/page"}],"author":[{"embeddable":true,"href":"https:\/\/yachtcharter-connection.com\/de\/wp-json\/wp\/v2\/users\/11"}],"replies":[{"embeddable":true,"href":"https:\/\/yachtcharter-connection.com\/de\/wp-json\/wp\/v2\/comments?post=2795"}],"version-history":[{"count":1,"href":"https:\/\/yachtcharter-connection.com\/de\/wp-json\/wp\/v2\/pages\/2795\/revisions"}],"predecessor-version":[{"id":13138,"href":"https:\/\/yachtcharter-connection.com\/de\/wp-json\/wp\/v2\/pages\/2795\/revisions\/13138"}],"up":[{"embeddable":true,"href":"https:\/\/yachtcharter-connection.com\/de\/wp-json\/wp\/v2\/pages\/771"}],"wp:attachment":[{"href":"https:\/\/yachtcharter-connection.com\/de\/wp-json\/wp\/v2\/media?parent=2795"}],"curies":[{"name":"wp","href":"https:\/\/api.w.org\/{rel}","templated":true}]}}