{"id":2796,"date":"2011-03-14T05:08:53","date_gmt":"2011-03-14T05:08:53","guid":{"rendered":"http:\/\/yachtcharter-connection.com.w01e47c6.kasserver.com\/isla-juventud-898\/"},"modified":"2016-10-29T18:13:37","modified_gmt":"2016-10-29T16:13:37","slug":"isla-juventud-898","status":"publish","type":"page","link":"https:\/\/yachtcharter-connection.com\/de\/regionen\/karibik\/yachtcharter-kuba-cayo-largo\/isla-juventud-898\/","title":{"rendered":"Isla Juventud"},"content":{"rendered":"<h3>Yachtcharter Isla de la Juventud<\/h3>\n<p>\n<img loading=\"lazy\" class=\"content-image\"  width=\"300\" height=\"226\" src=\"https:\/\/yachtcharter-connection.com\/wp-content\/uploads\/converted_files\/20908\/20908-5624e3d0996ae.jpg\" alt=\"Yachtcharter Kuba - H\u00e4user am Meer\" \/>Die Isla de la Juventud, bei Yachtcharter-Seglern sehr beliebt, ist die gr\u00f6\u00dfte Insel des kubanischen Canarreos-Archipels im karibischen Meer. Etwa 90.000 Menschen leben hier, die gr\u00f6\u00dfte Stadt ist Nueva Gerona. Der Name der Insel hat sich im Laufe der Jahrhunderte h\u00e4ufig ge\u00e4ndert: Christoph Kolumbus nannte sie La Evangelista. Zu Piratenzeiten trug sie den Namen Parrot Island. In der \u00c4ra von Diktator Baptista diente sie unter dem Namen Isla de los Pinos (Kieferninsel) als Gef\u00e4ngnis.<\/p>\n<p>Nach der kubanischen Revolution wurde die Landwirtschaft auf der Insel forciert. Dazu kamen Tausende von jungen Leuten, gr\u00f6\u00dftenteils aus L\u00e4ndern der dritten Welt, auf die Insel, um hier zu arbeiten oder zu lernen. 1978 wurde die Insel daraufhin in Isla de la Juventud &#8211; Insel der Jugend &#8211; umgetauft. Aber auch als Schatzinsel, Pirateninsel und Goldinsel wurde die Isla de la Juventud schon bezeichnet.<\/p>\n<p>Unterschiedlichste Landschaften und wundersch\u00f6ne Str\u00e4nde gibt es hier, mit die besten Tauchgr\u00fcnde der Karibik, einige historische St\u00e4tten, die einen Ausflug lohnen, sowie gesch\u00fctzte Naturparks.<\/p>\n<p><\/p>\n","protected":false},"excerpt":{"rendered":"<p>Yachtcharter Isla de la Juventud Die Isla de la Juventud, bei Yachtcharter-Seglern sehr beliebt, ist die gr\u00f6\u00dfte Insel des kubanischen Canarreos-Archipels im karibischen Meer. Etwa 90.000 Menschen leben hier, die gr\u00f6\u00dfte Stadt ist Nueva Gerona. Der Name der Insel hat sich im Laufe der Jahrhunderte h\u00e4ufig ge\u00e4ndert: Christoph Kolumbus nannte<\/p>\n","protected":false},"author":11,"featured_media":0,"parent":771,"menu_order":0,"comment_status":"open","ping_status":"open","template":"","meta":[],"aioseo_notices":[],"_links":{"self":[{"href":"https:\/\/yachtcharter-connection.com\/de\/wp-json\/wp\/v2\/pages\/2796"}],"collection":[{"href":"https:\/\/yachtcharter-connection.com\/de\/wp-json\/wp\/v2\/pages"}],"about":[{"href":"https:\/\/yachtcharter-connection.com\/de\/wp-json\/wp\/v2\/types\/page"}],"author":[{"embeddable":true,"href":"https:\/\/yachtcharter-connection.com\/de\/wp-json\/wp\/v2\/users\/11"}],"replies":[{"embeddable":true,"href":"https:\/\/yachtcharter-connection.com\/de\/wp-json\/wp\/v2\/comments?post=2796"}],"version-history":[{"count":1,"href":"https:\/\/yachtcharter-connection.com\/de\/wp-json\/wp\/v2\/pages\/2796\/revisions"}],"predecessor-version":[{"id":13140,"href":"https:\/\/yachtcharter-connection.com\/de\/wp-json\/wp\/v2\/pages\/2796\/revisions\/13140"}],"up":[{"embeddable":true,"href":"https:\/\/yachtcharter-connection.com\/de\/wp-json\/wp\/v2\/pages\/771"}],"wp:attachment":[{"href":"https:\/\/yachtcharter-connection.com\/de\/wp-json\/wp\/v2\/media?parent=2796"}],"curies":[{"name":"wp","href":"https:\/\/api.w.org\/{rel}","templated":true}]}}