{"id":2799,"date":"2015-02-09T05:35:14","date_gmt":"2015-02-09T05:35:14","guid":{"rendered":"http:\/\/yachtcharter-connection.com.w01e47c6.kasserver.com\/vancouver-island-nanaimo-665\/"},"modified":"2016-10-29T17:57:00","modified_gmt":"2016-10-29T15:57:00","slug":"vancouver-island-nanaimo-665","status":"publish","type":"page","link":"https:\/\/yachtcharter-connection.com\/de\/regionen\/usa-nordwest-kanada\/yachtcharter-britisch-kolumbien\/vancouver-island-nanaimo-665\/","title":{"rendered":"Vancouver Island \/ Nanaimo"},"content":{"rendered":"<h3>Yachtcharter Nanaimo \/ Vancouver Island<\/h3>\n<p>\n<img loading=\"lazy\" class=\"content-image\"  height=\"200\" width=\"300\" src=\"https:\/\/yachtcharter-connection.com\/wp-content\/uploads\/converted_files\/20914\/20914-5624e3d1d8b98.jpg\" alt=\"Kanada_British_Columbia_Yachthafen\" \/>Die Golf Islands mit Vancouver Island bieten nicht nur Wildlife, Whale Watching und Fishing, sondern auch viel Kultur &#038; Kunsthandwerk sowie kulinarische Gen\u00fcsse. Kanada verf\u00fcgt nicht nur \u00fcber exzellente eigene Weine, sondern auch \u00fcber eine \u00e4u\u00dferst hochentwickelte Gourmet-Kultur.<\/p>\n<p><\/p>\n","protected":false},"excerpt":{"rendered":"<p>Yachtcharter Nanaimo \/ Vancouver Island Die Golf Islands mit Vancouver Island bieten nicht nur Wildlife, Whale Watching und Fishing, sondern auch viel Kultur &#038; Kunsthandwerk sowie kulinarische Gen\u00fcsse. Kanada verf\u00fcgt nicht nur \u00fcber exzellente eigene Weine, sondern auch \u00fcber eine \u00e4u\u00dferst hochentwickelte Gourmet-Kultur.<\/p>\n","protected":false},"author":11,"featured_media":0,"parent":816,"menu_order":0,"comment_status":"open","ping_status":"open","template":"","meta":[],"aioseo_notices":[],"_links":{"self":[{"href":"https:\/\/yachtcharter-connection.com\/de\/wp-json\/wp\/v2\/pages\/2799"}],"collection":[{"href":"https:\/\/yachtcharter-connection.com\/de\/wp-json\/wp\/v2\/pages"}],"about":[{"href":"https:\/\/yachtcharter-connection.com\/de\/wp-json\/wp\/v2\/types\/page"}],"author":[{"embeddable":true,"href":"https:\/\/yachtcharter-connection.com\/de\/wp-json\/wp\/v2\/users\/11"}],"replies":[{"embeddable":true,"href":"https:\/\/yachtcharter-connection.com\/de\/wp-json\/wp\/v2\/comments?post=2799"}],"version-history":[{"count":1,"href":"https:\/\/yachtcharter-connection.com\/de\/wp-json\/wp\/v2\/pages\/2799\/revisions"}],"predecessor-version":[{"id":12892,"href":"https:\/\/yachtcharter-connection.com\/de\/wp-json\/wp\/v2\/pages\/2799\/revisions\/12892"}],"up":[{"embeddable":true,"href":"https:\/\/yachtcharter-connection.com\/de\/wp-json\/wp\/v2\/pages\/816"}],"wp:attachment":[{"href":"https:\/\/yachtcharter-connection.com\/de\/wp-json\/wp\/v2\/media?parent=2799"}],"curies":[{"name":"wp","href":"https:\/\/api.w.org\/{rel}","templated":true}]}}