{"id":2809,"date":"2015-08-10T05:53:48","date_gmt":"2015-08-10T05:53:48","guid":{"rendered":"http:\/\/yachtcharter-connection.com.w01e47c6.kasserver.com\/neustadt-795\/"},"modified":"2017-07-14T02:30:56","modified_gmt":"2017-07-14T00:30:56","slug":"neustadt-795","status":"publish","type":"page","link":"https:\/\/yachtcharter-connection.com\/de\/regionen\/ostsee\/yachtcharter-deutsche-ostsee\/neustadt-795\/","title":{"rendered":"Neustadt"},"content":{"rendered":"<h3>Yachtcharter Neustadt \/ Holstein<\/h3>\n<p>\n<img class=\"content-image\"  style=\"width: 400px; height: 300px;\" alt=\"Yachtcharter-Neustadt-Holstein-Segelyachten-Ostsee mieten.jpg\" src=\"https:\/\/yachtcharter-connection.com\/wp-content\/uploads\/converted_files\/20935\/20935-5624e3d6c5088.jpg\" \/>Der Yachtcharter-St\u00fctzpunkt in Neustadt in Holstein ist ein perfekter Ausgangspunkt f\u00fcr Ostsee-T\u00f6rns. Die historische Stadt, deren Ursr\u00fcnge bis ins 13. Jahrhundert zur\u00fcckreichen, liegt in der L\u00fcbecker Bucht, ideal f\u00fcr T\u00f6rns entlang der deutschen Ostseek\u00fcste oder in die d\u00e4nische S\u00fcdsee. H\u00fcbsche St\u00e4dte, D\u00f6rfer, Str\u00e4nde und malerische Landschaften warten \u00fcberall.<\/p>\n<p>Die Yachtcharterbasis, die  eine moderne Flotte von Segelbooten zwischen 31 und 46 Fuss vermietet, liegt in der modernen Ancora Marina, die von der Ausstattung her keine Seglerw\u00fcnsche offen l\u00e4sst.<\/p>\n","protected":false},"excerpt":{"rendered":"<p>Yachtcharter Neustadt \/ Holstein Der Yachtcharter-St\u00fctzpunkt in Neustadt in Holstein ist ein perfekter Ausgangspunkt f\u00fcr Ostsee-T\u00f6rns. Die historische Stadt, deren Ursr\u00fcnge bis ins 13. Jahrhundert zur\u00fcckreichen, liegt in der L\u00fcbecker Bucht, ideal f\u00fcr T\u00f6rns entlang der deutschen Ostseek\u00fcste oder in die d\u00e4nische S\u00fcdsee. H\u00fcbsche St\u00e4dte, D\u00f6rfer, Str\u00e4nde und malerische Landschaften<\/p>\n","protected":false},"author":11,"featured_media":0,"parent":747,"menu_order":0,"comment_status":"open","ping_status":"open","template":"","meta":[],"aioseo_notices":[],"_links":{"self":[{"href":"https:\/\/yachtcharter-connection.com\/de\/wp-json\/wp\/v2\/pages\/2809"}],"collection":[{"href":"https:\/\/yachtcharter-connection.com\/de\/wp-json\/wp\/v2\/pages"}],"about":[{"href":"https:\/\/yachtcharter-connection.com\/de\/wp-json\/wp\/v2\/types\/page"}],"author":[{"embeddable":true,"href":"https:\/\/yachtcharter-connection.com\/de\/wp-json\/wp\/v2\/users\/11"}],"replies":[{"embeddable":true,"href":"https:\/\/yachtcharter-connection.com\/de\/wp-json\/wp\/v2\/comments?post=2809"}],"version-history":[{"count":1,"href":"https:\/\/yachtcharter-connection.com\/de\/wp-json\/wp\/v2\/pages\/2809\/revisions"}],"predecessor-version":[{"id":13108,"href":"https:\/\/yachtcharter-connection.com\/de\/wp-json\/wp\/v2\/pages\/2809\/revisions\/13108"}],"up":[{"embeddable":true,"href":"https:\/\/yachtcharter-connection.com\/de\/wp-json\/wp\/v2\/pages\/747"}],"wp:attachment":[{"href":"https:\/\/yachtcharter-connection.com\/de\/wp-json\/wp\/v2\/media?parent=2809"}],"curies":[{"name":"wp","href":"https:\/\/api.w.org\/{rel}","templated":true}]}}