{"id":2813,"date":"2011-03-14T05:09:49","date_gmt":"2011-03-14T05:09:49","guid":{"rendered":"http:\/\/yachtcharter-connection.com.w01e47c6.kasserver.com\/san-blas-el-porvenir-478\/"},"modified":"2018-02-03T13:46:00","modified_gmt":"2018-02-03T11:46:00","slug":"san-blas-el-porvenir-478","status":"publish","type":"page","link":"https:\/\/yachtcharter-connection.com\/de\/regionen\/karibik\/yachtcharter-zentralamerika\/san-blas-el-porvenir-478\/","title":{"rendered":"San Blas \/ El Porvenir"},"content":{"rendered":"<h1><strong>Yachtcharter San Blas \/ El Porvenir<\/strong><\/h1>\n<p><a href=\"https:\/\/yachtcharter-connection.com\/wp-content\/uploads\/2014\/05\/2018San-Blas-Kat-Beach-800.jpg\"><img loading=\"lazy\" class=\"alignleft size-full wp-image-26029\" src=\"https:\/\/yachtcharter-connection.com\/wp-content\/uploads\/2014\/05\/2018San-Blas-Kat-Beach-800.jpg\" alt=\"Yachtcharter San Blas El Porvenir\" width=\"600\" height=\"360\" srcset=\"https:\/\/yachtcharter-connection.com\/wp-content\/uploads\/2014\/05\/2018San-Blas-Kat-Beach-800.jpg 600w, https:\/\/yachtcharter-connection.com\/wp-content\/uploads\/2014\/05\/2018San-Blas-Kat-Beach-800-300x180.jpg 300w\" sizes=\"(max-width: 600px) 100vw, 600px\" \/><\/a>El Porvenir, Ausgangspunkt f\u00fcr spannende Yachtcharter-T\u00f6rns in den karibischen Gew\u00e4ssern Panamas, ist der Hauptort des Archipels San Blas, dem autonomen Gebiet der Guna (Kuna-Indianer). Er liegt auf der ebenfalls El Porvenir (Zukunft) genannten Insel. . Die Stadt ist eher ein kleines Dorf mit nur wenigen Einwohnern, einem Hotel, einer kleine Landebahn mit Direktfl\u00fcgen nach Panama City und einem Zollamt. El Porvenir ist einer der wichtigsten H\u00e4fen der San Blas Inseln.<\/p>\n<p>El Porvenir ist ein guter Ausgangshafen f\u00fcr Yachtcharter-Urlaube an Bord eines Katamarans oder einer Segelyacht mit Crew im gesamten gesch\u00fctzten Archipel San Blas mit seinen 365 idyllischen Inseln. Hier finden Sie mehr<span style=\"color: #003366;\"><strong><a style=\"color: #003366;\" href=\"https:\/\/yachtcharter-connection.com\/de\/land\/yachtcharter-panama\/\" target=\"_blank\"> Informationen zu Charterulaub auf Segelyachten und Katamaranen mit Crew in San Blas<\/a><\/strong><\/span>.<\/p>\n","protected":false},"excerpt":{"rendered":"<p>Yachtcharter San Blas \/ El Porvenir El Porvenir, Ausgangspunkt f\u00fcr spannende Yachtcharter-T\u00f6rns in den karibischen Gew\u00e4ssern Panamas, ist der Hauptort des Archipels San Blas, dem autonomen Gebiet der Guna (Kuna-Indianer). Er liegt auf der ebenfalls El Porvenir (Zukunft) genannten Insel. . Die Stadt ist eher ein kleines Dorf mit nur<\/p>\n","protected":false},"author":11,"featured_media":0,"parent":813,"menu_order":0,"comment_status":"open","ping_status":"open","template":"","meta":[],"aioseo_notices":[],"_links":{"self":[{"href":"https:\/\/yachtcharter-connection.com\/de\/wp-json\/wp\/v2\/pages\/2813"}],"collection":[{"href":"https:\/\/yachtcharter-connection.com\/de\/wp-json\/wp\/v2\/pages"}],"about":[{"href":"https:\/\/yachtcharter-connection.com\/de\/wp-json\/wp\/v2\/types\/page"}],"author":[{"embeddable":true,"href":"https:\/\/yachtcharter-connection.com\/de\/wp-json\/wp\/v2\/users\/11"}],"replies":[{"embeddable":true,"href":"https:\/\/yachtcharter-connection.com\/de\/wp-json\/wp\/v2\/comments?post=2813"}],"version-history":[{"count":3,"href":"https:\/\/yachtcharter-connection.com\/de\/wp-json\/wp\/v2\/pages\/2813\/revisions"}],"predecessor-version":[{"id":26035,"href":"https:\/\/yachtcharter-connection.com\/de\/wp-json\/wp\/v2\/pages\/2813\/revisions\/26035"}],"up":[{"embeddable":true,"href":"https:\/\/yachtcharter-connection.com\/de\/wp-json\/wp\/v2\/pages\/813"}],"wp:attachment":[{"href":"https:\/\/yachtcharter-connection.com\/de\/wp-json\/wp\/v2\/media?parent=2813"}],"curies":[{"name":"wp","href":"https:\/\/api.w.org\/{rel}","templated":true}]}}