{"id":2815,"date":"2015-08-10T05:53:52","date_gmt":"2015-08-10T05:53:52","guid":{"rendered":"http:\/\/yachtcharter-connection.com.w01e47c6.kasserver.com\/lefkas-nidri-488\/"},"modified":"2017-07-15T21:21:19","modified_gmt":"2017-07-15T19:21:19","slug":"lefkas-nidri-488","status":"publish","type":"page","link":"https:\/\/yachtcharter-connection.com\/de\/regionen\/mittelmeer\/yachtcharter-ionisches-meer\/lefkas-nidri-488\/","title":{"rendered":"Lefkas \/ Nidri"},"content":{"rendered":"<h3>Yachtcharter Lefkas &ndash; Nidri<\/h3>\n<p>\nNidri, Sitz mehrerer Yachtcharter-St\u00fctzpunkte, ist der F\u00e4hrhafen der Yachtcharter-Destination Lefkas und liegt an der Ostk\u00fcste der Insel in einem langen Fjord. <\/p>\n<p>\nFr\u00fcher war Nidri ein Fischerdorf, heute eher ein lebhaftes Zentrum des Tourismus auf Lefkas &ndash; hier k\u00f6nnen Yachtcharter-Crews Souvenirs kaufen und in Restaurants, Bars und Discos das Nachtleben genie\u00dfen. Ein bisschen beschaulicher geht es in der direkt daneben liegenden Bucht Vlycho zu: Yachtcharter-Crews finden hier guten Ankergrund, das kleine D\u00f6rfchen Geni im \u00f6stlichen Teil und einige Tavernen direkt am Meer.<\/p>\n","protected":false},"excerpt":{"rendered":"<p>Yachtcharter Lefkas &ndash; Nidri Nidri, Sitz mehrerer Yachtcharter-St\u00fctzpunkte, ist der F\u00e4hrhafen der Yachtcharter-Destination Lefkas und liegt an der Ostk\u00fcste der Insel in einem langen Fjord. Fr\u00fcher war Nidri ein Fischerdorf, heute eher ein lebhaftes Zentrum des Tourismus auf Lefkas &ndash; hier k\u00f6nnen Yachtcharter-Crews Souvenirs kaufen und in Restaurants, Bars und<\/p>\n","protected":false},"author":11,"featured_media":0,"parent":739,"menu_order":0,"comment_status":"open","ping_status":"open","template":"","meta":[],"aioseo_notices":[],"_links":{"self":[{"href":"https:\/\/yachtcharter-connection.com\/de\/wp-json\/wp\/v2\/pages\/2815"}],"collection":[{"href":"https:\/\/yachtcharter-connection.com\/de\/wp-json\/wp\/v2\/pages"}],"about":[{"href":"https:\/\/yachtcharter-connection.com\/de\/wp-json\/wp\/v2\/types\/page"}],"author":[{"embeddable":true,"href":"https:\/\/yachtcharter-connection.com\/de\/wp-json\/wp\/v2\/users\/11"}],"replies":[{"embeddable":true,"href":"https:\/\/yachtcharter-connection.com\/de\/wp-json\/wp\/v2\/comments?post=2815"}],"version-history":[{"count":1,"href":"https:\/\/yachtcharter-connection.com\/de\/wp-json\/wp\/v2\/pages\/2815\/revisions"}],"predecessor-version":[{"id":12932,"href":"https:\/\/yachtcharter-connection.com\/de\/wp-json\/wp\/v2\/pages\/2815\/revisions\/12932"}],"up":[{"embeddable":true,"href":"https:\/\/yachtcharter-connection.com\/de\/wp-json\/wp\/v2\/pages\/739"}],"wp:attachment":[{"href":"https:\/\/yachtcharter-connection.com\/de\/wp-json\/wp\/v2\/media?parent=2815"}],"curies":[{"name":"wp","href":"https:\/\/api.w.org\/{rel}","templated":true}]}}