{"id":2818,"date":"2015-08-10T05:53:44","date_gmt":"2015-08-10T05:53:44","guid":{"rendered":"http:\/\/yachtcharter-connection.com.w01e47c6.kasserver.com\/martinique-le-marin-413\/"},"modified":"2017-07-14T04:09:49","modified_gmt":"2017-07-14T02:09:49","slug":"martinique-le-marin-413","status":"publish","type":"page","link":"https:\/\/yachtcharter-connection.com\/de\/regionen\/karibik\/yachtcharter-leewards-and-windwards\/martinique-le-marin-413\/","title":{"rendered":"Martinique \/ Le Marin"},"content":{"rendered":"<h3>Yachtcharter Martinique \/ Le Marin<\/h3>\n<p>\n<img loading=\"lazy\" class=\"content-image\"  width=\"300\" height=\"187\" src=\"https:\/\/yachtcharter-connection.com\/wp-content\/uploads\/converted_files\/23194\/23194-5624e3daba5d8.jpg\" alt=\"\" \/>Die riesige Marina Port de Plaisance mit zahlreichen Yachtcharter-Basen, fast schon eine Stadt f\u00fcr sich, ist  Starthafen f\u00fcr viele Chartert\u00f6rns. Wer nur einen Zwischenstopp in Le Marin einlegen m\u00f6chte, kann aber auch ankern &ndash; absolut hurrikansicher in der Baie de Cyclones zwischen Mangroven. Bei einem der beliebtesten Ankerpl\u00e4tze, westlich von St. Anne, wo fr\u00fcher ein Club Mediterran\u00e9e beheimatet war, gibt es mittlerweile eine neue Marina. <\/p>\n","protected":false},"excerpt":{"rendered":"<p>Yachtcharter Martinique \/ Le Marin Die riesige Marina Port de Plaisance mit zahlreichen Yachtcharter-Basen, fast schon eine Stadt f\u00fcr sich, ist Starthafen f\u00fcr viele Chartert\u00f6rns. Wer nur einen Zwischenstopp in Le Marin einlegen m\u00f6chte, kann aber auch ankern &ndash; absolut hurrikansicher in der Baie de Cyclones zwischen Mangroven. Bei einem<\/p>\n","protected":false},"author":11,"featured_media":0,"parent":749,"menu_order":0,"comment_status":"open","ping_status":"open","template":"","meta":[],"aioseo_notices":[],"_links":{"self":[{"href":"https:\/\/yachtcharter-connection.com\/de\/wp-json\/wp\/v2\/pages\/2818"}],"collection":[{"href":"https:\/\/yachtcharter-connection.com\/de\/wp-json\/wp\/v2\/pages"}],"about":[{"href":"https:\/\/yachtcharter-connection.com\/de\/wp-json\/wp\/v2\/types\/page"}],"author":[{"embeddable":true,"href":"https:\/\/yachtcharter-connection.com\/de\/wp-json\/wp\/v2\/users\/11"}],"replies":[{"embeddable":true,"href":"https:\/\/yachtcharter-connection.com\/de\/wp-json\/wp\/v2\/comments?post=2818"}],"version-history":[{"count":1,"href":"https:\/\/yachtcharter-connection.com\/de\/wp-json\/wp\/v2\/pages\/2818\/revisions"}],"predecessor-version":[{"id":13154,"href":"https:\/\/yachtcharter-connection.com\/de\/wp-json\/wp\/v2\/pages\/2818\/revisions\/13154"}],"up":[{"embeddable":true,"href":"https:\/\/yachtcharter-connection.com\/de\/wp-json\/wp\/v2\/pages\/749"}],"wp:attachment":[{"href":"https:\/\/yachtcharter-connection.com\/de\/wp-json\/wp\/v2\/media?parent=2818"}],"curies":[{"name":"wp","href":"https:\/\/api.w.org\/{rel}","templated":true}]}}