{"id":2822,"date":"2015-01-23T06:03:36","date_gmt":"2015-01-23T06:03:36","guid":{"rendered":"http:\/\/yachtcharter-connection.com.w01e47c6.kasserver.com\/union-island-clifton-habour-798\/"},"modified":"2017-07-14T04:57:29","modified_gmt":"2017-07-14T02:57:29","slug":"union-island-clifton-habour-798","status":"publish","type":"page","link":"https:\/\/yachtcharter-connection.com\/de\/regionen\/karibik\/yachtcharter-leewards-and-windwards\/union-island-clifton-habour-798\/","title":{"rendered":"Union Island \/ Clifton Habour"},"content":{"rendered":"<h3>Yachtcharter Union Island<\/h3>\n<p>\n<img loading=\"lazy\" class=\"content-image\"  width=\"300\" height=\"200\" src=\"https:\/\/yachtcharter-connection.com\/wp-content\/uploads\/converted_files\/23206\/23206-5624e3e0026b4.jpg\" alt=\"Karibik_Dinghy_am_Riff\" \/> S\u00fcdlichste gr\u00f6\u00dfere Insel von St. Vincent &#038; The Grenadines ist Union Island, nicht allzu gro\u00df, aber inzwischen mit guter Infrastruktur f\u00fcr Yachtcharter-Crews und andere Touristen. In der recht gro\u00dfen Bucht von Clifton Harbour mit zwei Marinas &ndash; Anchorage Yacht Club und Bougainvillea Marina &#8211;  und Mooringbojen sind mittlerweile sogar Charterschiffe stationiert, ein neues Projekt wird gerade in der Ashton Bay an der S\u00fcdk\u00fcste realisiert, gut geeignet als Tagesankerplatz ist die Chatham Bay an der Westk\u00fcste. In Clifton Harbour werden alle wichtigen Services f\u00fcr Yachten angeboten. Das St\u00e4dtchen ist staubig, karibisch bunt und belebt &ndash; und gilt als Shopping-Destination f\u00fcr zollfreie Eink\u00e4ufe.  Ein sch\u00f6ner Aussichtspunkt mit Panoramablick \u00fcber die ganze Area ist Fort Hill. <\/p>\n<p>Palm Island s\u00fcdwestlich von Union Island ist fast v\u00f6llig von Riffs umgeben, nur an der Westk\u00fcste gibt es eine Durchfahrt zu einem traumhaften Ankerplatz. Durch die Riffs sieht Palm Island genau so aus, wie man sich eine Trauminsel vorstellt: t\u00fcrkisfarbenes Wasser und Palmenstrand. Den Namen verdankt die fr\u00fchere &bdquo;Prune Island&ldquo; einem Amerikaner, der die Insel pachtete und Kokospalmen pflanzte. Der von ihm gegr\u00fcndeten Beach Club mit Anleger, Hotel, Bar und Tauchbasis floriert immer noch. <\/p>\n<p>PSV, das Nachbarinselchen Petit St. Vincent, ebenso zauberhaft, ist eine reine Hotelinsel mit hervorragender Gastronomie, die nat\u00fcrlich auch ankernden Yachties offen steht &ndash; am besten liegt es sich djrekt vor dem Hotel, das nat\u00fcrlich \u00fcber ein Dinghy Dock verf\u00fcgt.<\/p>\n","protected":false},"excerpt":{"rendered":"<p>Yachtcharter Union Island S\u00fcdlichste gr\u00f6\u00dfere Insel von St. Vincent &#038; The Grenadines ist Union Island, nicht allzu gro\u00df, aber inzwischen mit guter Infrastruktur f\u00fcr Yachtcharter-Crews und andere Touristen. In der recht gro\u00dfen Bucht von Clifton Harbour mit zwei Marinas &ndash; Anchorage Yacht Club und Bougainvillea Marina &#8211; und Mooringbojen sind<\/p>\n","protected":false},"author":11,"featured_media":0,"parent":749,"menu_order":0,"comment_status":"open","ping_status":"open","template":"","meta":[],"aioseo_notices":[],"_links":{"self":[{"href":"https:\/\/yachtcharter-connection.com\/de\/wp-json\/wp\/v2\/pages\/2822"}],"collection":[{"href":"https:\/\/yachtcharter-connection.com\/de\/wp-json\/wp\/v2\/pages"}],"about":[{"href":"https:\/\/yachtcharter-connection.com\/de\/wp-json\/wp\/v2\/types\/page"}],"author":[{"embeddable":true,"href":"https:\/\/yachtcharter-connection.com\/de\/wp-json\/wp\/v2\/users\/11"}],"replies":[{"embeddable":true,"href":"https:\/\/yachtcharter-connection.com\/de\/wp-json\/wp\/v2\/comments?post=2822"}],"version-history":[{"count":1,"href":"https:\/\/yachtcharter-connection.com\/de\/wp-json\/wp\/v2\/pages\/2822\/revisions"}],"predecessor-version":[{"id":13163,"href":"https:\/\/yachtcharter-connection.com\/de\/wp-json\/wp\/v2\/pages\/2822\/revisions\/13163"}],"up":[{"embeddable":true,"href":"https:\/\/yachtcharter-connection.com\/de\/wp-json\/wp\/v2\/pages\/749"}],"wp:attachment":[{"href":"https:\/\/yachtcharter-connection.com\/de\/wp-json\/wp\/v2\/media?parent=2822"}],"curies":[{"name":"wp","href":"https:\/\/api.w.org\/{rel}","templated":true}]}}