{"id":2824,"date":"2015-08-10T05:53:46","date_gmt":"2015-08-10T05:53:46","guid":{"rendered":"http:\/\/yachtcharter-connection.com.w01e47c6.kasserver.com\/izola-973\/"},"modified":"2016-10-29T18:13:56","modified_gmt":"2016-10-29T16:13:56","slug":"izola-973","status":"publish","type":"page","link":"https:\/\/yachtcharter-connection.com\/de\/regionen\/mittelmeer\/yachtcharter-adria-nord\/izola-973\/","title":{"rendered":"Izola"},"content":{"rendered":"<h3>Yachtcharter Izola<\/h3>\n<p><img class=\"content-image\"  src=\"https:\/\/yachtcharter-connection.com\/wp-content\/uploads\/converted_files\/23212\/23212-5624e3e14bdea.jpg\" alt=\"Slowenina-Yachtcharter-Izola.jpg\" style=\"width: 300px; height: 449px;\" \/>Die Insel, auf der die Altstadt der Yachtcharter-Destination Izola liegt, wurde schon vor langer Zeit mit dem Festland verbunden. Im Laufe der Jahrhunderte geh\u00f6rte Izola unter anderem zum K\u00f6nigreich Venedig, zu \u00d6sterreich, Italien, zum Territorium Triest &ndash; Spuren der Vergangenheit sind immer noch an den Bauten in der malerischen Altstadt zu erkennen. Thermalquellen und ein Mineralbad f\u00fchrten fr\u00fchzeitig zur touristischen Erschlie\u00dfung, im Leben der Einwohner spielte und spielt auch die Fischerei immer noch eine gro\u00dfe Rolle. Yachtcharter Izola-Crews werden die vielf\u00e4ltige Fischk\u00fcche dementsprechend genie\u00dfen. <\/p>\n<p>Die meisten Yachtcharter Izola-Crews reisen mit dem Auto an oder \u00fcber die Flugh\u00e4fen Triest und Ljubljana. Die Yachtcharter Izola-Basis ist der perfekte Ausgangspunkt, um die slowenischen K\u00fcste zu erkunden, die norditalienische Adria mit wundersch\u00f6nen St\u00e4dten und H\u00e4fen wie Triest oder Grado und vor allem die Lagune von Venedig, sowie die K\u00fcste von Istrien im Norden Kroatiens. Wer an der Regatta Barcolana teilnehmen will, die im Oktober in Triest stattfindet, einer der gr\u00f6\u00dften Regatten der Welt, kann daf\u00fcr bequem mit der Segelyacht ab Izola anreisen. <\/p>\n<h4>Yachtcharter Izola &#8211; der Yachthafen<\/h4>\n<p>\nDer Yachthafen von Izola, in der N\u00e4he der Altstadt, mit einem gro\u00dfen St\u00fctzpunkt f\u00fcr Yachtcharter Slowenien ist einer der wichtigsten Yachth\u00e4fen Sloweniens und auch Gastgeber von vielen wichtigen Regatten. Die Marina verf\u00fcgt \u00fcber jede Menge Liegepl\u00e4tze, teilweise auch gro\u00df genug f\u00fcr Superyachten, eine Hotelanlage, Tennispl\u00e4tze, ein Schwimmbad, ein Casino und bietet alle Services f\u00fcr Yachtcharter Izola-Crews einschlie\u00dflich WLan.<\/p>\n<p><strong>Charteryachten Izola<\/strong>: In der Marina von Izola steht f\u00fcr Yachtcharter Izola-Crews eine Charterflotte von Segelyachten fast aller gro\u00dfen Werften zur Verf\u00fcgung: Bavaria, Jeanneau Sun Odyssey, Hanse oder Dufour und auch Motoryachten. Chartern Sie die beste Yacht f\u00fcr Ihren Segelurlaub in Slowenien ab Izola online oder fragen Sie uns nach Angeboten &ndash; wir beraten Sie gern. <\/p>\n","protected":false},"excerpt":{"rendered":"<p>Yachtcharter Izola Die Insel, auf der die Altstadt der Yachtcharter-Destination Izola liegt, wurde schon vor langer Zeit mit dem Festland verbunden. Im Laufe der Jahrhunderte geh\u00f6rte Izola unter anderem zum K\u00f6nigreich Venedig, zu \u00d6sterreich, Italien, zum Territorium Triest &ndash; Spuren der Vergangenheit sind immer noch an den Bauten in der<\/p>\n","protected":false},"author":11,"featured_media":0,"parent":757,"menu_order":0,"comment_status":"open","ping_status":"open","template":"","meta":[],"aioseo_notices":[],"_links":{"self":[{"href":"https:\/\/yachtcharter-connection.com\/de\/wp-json\/wp\/v2\/pages\/2824"}],"collection":[{"href":"https:\/\/yachtcharter-connection.com\/de\/wp-json\/wp\/v2\/pages"}],"about":[{"href":"https:\/\/yachtcharter-connection.com\/de\/wp-json\/wp\/v2\/types\/page"}],"author":[{"embeddable":true,"href":"https:\/\/yachtcharter-connection.com\/de\/wp-json\/wp\/v2\/users\/11"}],"replies":[{"embeddable":true,"href":"https:\/\/yachtcharter-connection.com\/de\/wp-json\/wp\/v2\/comments?post=2824"}],"version-history":[{"count":1,"href":"https:\/\/yachtcharter-connection.com\/de\/wp-json\/wp\/v2\/pages\/2824\/revisions"}],"predecessor-version":[{"id":13175,"href":"https:\/\/yachtcharter-connection.com\/de\/wp-json\/wp\/v2\/pages\/2824\/revisions\/13175"}],"up":[{"embeddable":true,"href":"https:\/\/yachtcharter-connection.com\/de\/wp-json\/wp\/v2\/pages\/757"}],"wp:attachment":[{"href":"https:\/\/yachtcharter-connection.com\/de\/wp-json\/wp\/v2\/media?parent=2824"}],"curies":[{"name":"wp","href":"https:\/\/api.w.org\/{rel}","templated":true}]}}